{"id":151689,"date":"2026-02-22T23:38:35","date_gmt":"2026-02-22T23:38:35","guid":{"rendered":"https:\/\/modesthanim.com\/product\/kiz-bebek-ayicik-detayli-sardonlu-pamuklu-genis-paca-esofman-alti\/"},"modified":"2026-04-15T22:21:17","modified_gmt":"2026-04-15T22:21:17","slug":"kiz-bebek-ayicik-detayli-sardonlu-pamuklu-genis-paca-esofman-alti","status":"publish","type":"product","link":"https:\/\/mod.wisdar.net\/tr\/urun\/kiz-bebek-ayicik-detayli-sardonlu-pamuklu-genis-paca-esofman-alti\/","title":{"rendered":"K\u0131z Bebek Ay\u0131c\u0131k Detayl\u0131 \u015eardonlu Pamuklu Geni\u015f Pa\u00e7a E\u015fofman Alt\u0131"},"content":{"rendered":"<p>Pamuklu yap\u0131s\u0131yla bebeklere konfor sunan e\u015fofman alt\u0131, geni\u015f pa\u00e7a tasar\u0131m\u0131yla dikkat \u00e7ekiyor. Lastikli beli sayesinde rahat\u00e7a giydirilirken, sevimli ay\u0131c\u0131k detay\u0131 ile miniklere tatl\u0131 bir hava kat\u0131yor. \u015eardonlu kuma\u015f\u0131 ile so\u011fuk havalarda ideal bir se\u00e7enek oluyor. E\u015fofman alt\u0131, rahat ve konforlu bir g\u00fcn i\u00e7in en uygun tercihler aras\u0131nda yer al\u0131yor.<\/p>\n<p>\u00dcr\u00fcn \u00d6zellikleri<br \/>\nKuma\u015f: %100 Pamuk<br \/>\nBel Tipi: Normal Bel<br \/>\nStil &amp; Siluet: Geni\u015f Pa\u00e7a<br \/>\nKullan\u0131m Alan\u0131: G\u00fcnl\u00fck Giyim, Spor Giyim<\/p>\n<p>Koton k\u0131z bebek giyim koleksiyonu ile miniklerin ne\u015fesi her an yan\u0131n\u0131zda! Sevimli ve rahat tasar\u0131m\u0131yla her anlar\u0131n\u0131z\u0131 daha keyifli hale getirin!<\/p>\n<p>\u00dcr\u00fcnlerimiz kimyasallara kar\u015f\u0131 test edilerek, t\u00fcm g\u00fcvenlik kurallar\u0131na uygun olarak \u00fcretilir. \u00dcr\u00fcnlerimizde sa\u011fl\u0131\u011fa zararl\u0131 boyalar ve a\u011f\u0131r metaller, tehlikeli yutulabilecek k\u00fc\u00e7\u00fck ve keskin par\u00e7alar, kordon ve ba\u011fc\u0131klar bulunmamaktad\u0131r.<\/p>\n<p>D\u0131\u015f: %100 PAMUK<\/p>\n<p>\u2014 Technical Details \u2014<br \/>\nKuma\u015f: %100 PAMUK<br \/>\nSil\u00fcet: Wide Leg<br \/>\nBel Y\u00fcksekli\u011fi: Standart Bel<br \/>\n\u00dcr\u00fcn Tipi \/ Stil: Wide Leg<br \/>\n\u00dcr\u00fcn\u00fcn Alt Markas\u0131: Kidswear<\/p>\n","protected":false},"excerpt":{"rendered":"<p>Pamuklu yap\u0131s\u0131yla bebeklere konfor sunan e\u015fofman alt\u0131, geni\u015f pa\u00e7a tasar\u0131m\u0131yla dikkat \u00e7ekiyor. Lastikli beli sayesinde rahat\u00e7a giydirilirken, sevimli ay\u0131c\u0131k detay\u0131 ile miniklere tatl\u0131 bir hava kat\u0131yor. \u015eardonlu kuma\u015f\u0131 ile so\u011fuk havalarda ideal bir se\u00e7enek oluyor. E\u015fofman alt\u0131, rahat ve konforlu bir g\u00fcn i\u00e7in en uygun tercihler aras\u0131nda yer al\u0131yor. \u00dcr\u00fcn \u00d6zellikleri Kuma\u015f: %100 Pamuk Bel [&hellip;]<\/p>\n","protected":false},"featured_media":151683,"comment_status":"open","ping_status":"closed","template":"","meta":[],"product_brand":[],"product_cat":[8715,8694,8727],"product_tag":[6761,7354,7488,6751,7424],"class_list":{"0":"post-151689","1":"product","2":"type-product","3":"status-publish","4":"has-post-thumbnail","6":"product_cat-kiz-cocuklari-2-14-yas","7":"product_cat-cocuklar","8":"product_cat-pantolon","9":"product_tag-bol-paca","10":"product_tag-gunluk-giyim-2","11":"product_tag-pamuk","12":"product_tag-rahat","13":"product_tag-spor-giyim","14":"pa_brand-koton","15":"pa_color-bej","16":"pa_size-12-18-ay-2","17":"pa_size-18-24-ay-2","18":"pa_size-24-36-ay-2","19":"pa_size-3-4-yas-2","20":"pa_size-4-5-yas-2","21":"pa_size-9-12-ay-3","23":"first","24":"outofstock","25":"shipping-taxable","26":"product-type-variable"},"_links":{"self":[{"href":"https:\/\/mod.wisdar.net\/tr\/wp-json\/wp\/v2\/product\/151689","targetHints":{"allow":["GET"]}}],"collection":[{"href":"https:\/\/mod.wisdar.net\/tr\/wp-json\/wp\/v2\/product"}],"about":[{"href":"https:\/\/mod.wisdar.net\/tr\/wp-json\/wp\/v2\/types\/product"}],"replies":[{"embeddable":true,"href":"https:\/\/mod.wisdar.net\/tr\/wp-json\/wp\/v2\/comments?post=151689"}],"wp:featuredmedia":[{"embeddable":true,"href":"https:\/\/mod.wisdar.net\/tr\/wp-json\/wp\/v2\/media\/151683"}],"wp:attachment":[{"href":"https:\/\/mod.wisdar.net\/tr\/wp-json\/wp\/v2\/media?parent=151689"}],"wp:term":[{"taxonomy":"product_brand","embeddable":true,"href":"https:\/\/mod.wisdar.net\/tr\/wp-json\/wp\/v2\/product_brand?post=151689"},{"taxonomy":"product_cat","embeddable":true,"href":"https:\/\/mod.wisdar.net\/tr\/wp-json\/wp\/v2\/product_cat?post=151689"},{"taxonomy":"product_tag","embeddable":true,"href":"https:\/\/mod.wisdar.net\/tr\/wp-json\/wp\/v2\/product_tag?post=151689"}],"curies":[{"name":"wp","href":"https:\/\/api.w.org\/{rel}","templated":true}]}}