{"id":151696,"date":"2026-02-22T23:38:36","date_gmt":"2026-02-22T23:38:36","guid":{"rendered":"https:\/\/modesthanim.com\/product\/kiz-bebek-uzun-kollu-dik-yaka-cicek-desenli-viskon-elbise\/"},"modified":"2026-04-04T01:23:29","modified_gmt":"2026-04-04T01:23:29","slug":"kiz-bebek-uzun-kollu-dik-yaka-cicek-desenli-viskon-elbise","status":"publish","type":"product","link":"https:\/\/mod.wisdar.net\/tr\/urun\/kiz-bebek-uzun-kollu-dik-yaka-cicek-desenli-viskon-elbise\/","title":{"rendered":"K\u0131z Bebek Uzun Kollu Dik Yaka \u00c7i\u00e7ek Desenli Viskon Elbise"},"content":{"rendered":"<p>\u00c7i\u00e7ek desenli elbise, yumu\u015fak viskon kuma\u015f\u0131 ve bol kesimiyle dikkat \u00e7ekiyor. Uzun kollar\u0131 ve zarif dik yakas\u0131yla bebe\u011finiz i\u00e7in konforlu ve \u015firin bir g\u00f6r\u00fcn\u00fcm sunuyor. F\u0131rf\u0131r detayl\u0131 ete\u011fi ve arka k\u0131sm\u0131ndaki d\u00fc\u011fmeleri ile sevimli bir tasar\u0131m olu\u015fturuyor. \u00c7i\u00e7ekli elbise, en sevilen par\u00e7alar aras\u0131nda yer al\u0131yor. \u00dcr\u00fcn \u00d6zellikleri Kuma\u015f: %82 Viskon, %18 Polyester Kol Tipi: Uzun Kol Yaka Tipi: Dik Yaka Desen: \u00c7i\u00e7ek Desenli Kullan\u0131m Alan\u0131: G\u00fcnl\u00fck Giyim, \u00d6zel G\u00fcnler Koton k\u0131z bebek elbise modelleri, \u015f\u0131kl\u0131\u011f\u0131 ve rahatl\u0131\u011f\u0131 bir araya getiriyor! Miniklerin gard\u0131robuna renk katacak Koton Kids koleksiyonunu hemen ke\u015ffedin! \u00dcr\u00fcnlerimiz kimyasallara kar\u015f\u0131 test edilerek, t\u00fcm g\u00fcvenlik kurallar\u0131na uygun olarak \u00fcretilir. \u00dcr\u00fcnlerimizde sa\u011fl\u0131\u011fa zararl\u0131 boyalar ve a\u011f\u0131r metaller, tehlikeli yutulabilecek k\u00fc\u00e7\u00fck ve keskin par\u00e7alar, kordon ve ba\u011fc\u0131klar bulunmamaktad\u0131r.<\/p>\n<p>\u2014 Technical Details \u2014<br \/>\nKuma\u015f: %82 V\u0130SKOZ, %18 POL\u0130ESTER<br \/>\nKol Boyu: Uzun Kol<br \/>\nKol Tipi: D\u00fc\u015f\u00fck Omuz<br \/>\nYaka Tipi: Dik Yaka<br \/>\nSil\u00fcet: A Form<br \/>\n\u00dcr\u00fcn Tipi \/ Stil: A Form<br \/>\n\u00dcr\u00fcn\u00fcn Alt Markas\u0131: Kidswear<\/p>\n","protected":false},"excerpt":{"rendered":"<p>\u00c7i\u00e7ek desenli elbise, yumu\u015fak viskon kuma\u015f\u0131 ve bol kesimiyle dikkat \u00e7ekiyor. Uzun kollar\u0131 ve zarif dik yakas\u0131yla bebe\u011finiz i\u00e7in konforlu ve \u015firin bir g\u00f6r\u00fcn\u00fcm sunuyor. F\u0131rf\u0131r detayl\u0131 ete\u011fi ve arka k\u0131sm\u0131ndaki d\u00fc\u011fmeleri ile sevimli bir tasar\u0131m olu\u015fturuyor. \u00c7i\u00e7ekli elbise, en sevilen par\u00e7alar aras\u0131nda yer al\u0131yor. \u00dcr\u00fcn \u00d6zellikleri Kuma\u015f: %82 Viskon, %18 Polyester Kol Tipi: Uzun [&hellip;]<\/p>\n","protected":false},"featured_media":151684,"comment_status":"open","ping_status":"closed","template":"","meta":[],"product_brand":[],"product_cat":[8709,8718,8715,8694,8697],"product_tag":[6752,6748,6774],"class_list":{"0":"post-151696","1":"product","2":"type-product","3":"status-publish","4":"has-post-thumbnail","6":"product_cat-bodyler-tulumlar","7":"product_cat-elbiseler-etekler","8":"product_cat-kiz-cocuklari-2-14-yas","9":"product_cat-cocuklar","10":"product_cat-yenidogan-0-12-ay","11":"product_tag-cicekli-elbise","12":"product_tag-uzun-kollu-elbise","13":"product_tag-viskon-elbise","14":"pa_brand-koton","15":"pa_color-pembe","16":"pa_size-12-18-ay-2","17":"pa_size-18-24-ay-2","18":"pa_size-24-36-ay-2","19":"pa_size-3-4-yas-2","20":"pa_size-4-5-yas-2","21":"pa_size-9-12-ay-3","23":"first","24":"instock","25":"sale","26":"shipping-taxable","27":"purchasable","28":"product-type-variable"},"_links":{"self":[{"href":"https:\/\/mod.wisdar.net\/tr\/wp-json\/wp\/v2\/product\/151696","targetHints":{"allow":["GET"]}}],"collection":[{"href":"https:\/\/mod.wisdar.net\/tr\/wp-json\/wp\/v2\/product"}],"about":[{"href":"https:\/\/mod.wisdar.net\/tr\/wp-json\/wp\/v2\/types\/product"}],"replies":[{"embeddable":true,"href":"https:\/\/mod.wisdar.net\/tr\/wp-json\/wp\/v2\/comments?post=151696"}],"wp:featuredmedia":[{"embeddable":true,"href":"https:\/\/mod.wisdar.net\/tr\/wp-json\/wp\/v2\/media\/151684"}],"wp:attachment":[{"href":"https:\/\/mod.wisdar.net\/tr\/wp-json\/wp\/v2\/media?parent=151696"}],"wp:term":[{"taxonomy":"product_brand","embeddable":true,"href":"https:\/\/mod.wisdar.net\/tr\/wp-json\/wp\/v2\/product_brand?post=151696"},{"taxonomy":"product_cat","embeddable":true,"href":"https:\/\/mod.wisdar.net\/tr\/wp-json\/wp\/v2\/product_cat?post=151696"},{"taxonomy":"product_tag","embeddable":true,"href":"https:\/\/mod.wisdar.net\/tr\/wp-json\/wp\/v2\/product_tag?post=151696"}],"curies":[{"name":"wp","href":"https:\/\/api.w.org\/{rel}","templated":true}]}}