{"id":151761,"date":"2026-02-22T23:40:32","date_gmt":"2026-02-22T23:40:32","guid":{"rendered":"https:\/\/modesthanim.com\/product\/kiz-bebek-uzun-kollu-bisiklet-yaka-firfirli-viskon-cicekli-elbise\/"},"modified":"2026-04-15T20:59:28","modified_gmt":"2026-04-15T20:59:28","slug":"kiz-bebek-uzun-kollu-bisiklet-yaka-firfirli-viskon-cicekli-elbise","status":"publish","type":"product","link":"https:\/\/mod.wisdar.net\/tr\/urun\/kiz-bebek-uzun-kollu-bisiklet-yaka-firfirli-viskon-cicekli-elbise\/","title":{"rendered":"K\u0131z Bebek Uzun Kollu Bisiklet Yaka F\u0131rf\u0131rl\u0131 Viskon \u00c7i\u00e7ekli Elbise"},"content":{"rendered":"<p>Volanl\u0131 elbise, yumu\u015fak viskon kuma\u015f\u0131 ve zarif \u00e7i\u00e7ek desenleri ile dikkat \u00e7ekiyor. Bisiklet yaka ve uzun kollu tasar\u0131m\u0131yla g\u00fcnl\u00fck kullan\u0131m i\u00e7in rahat bir deneyim sunuyor. Kat kat yap\u0131s\u0131 ve f\u0131rf\u0131r detaylar\u0131 elbisenin \u015f\u0131kl\u0131\u011f\u0131n\u0131 \u00f6n plana \u00e7\u0131kar\u0131yor.Minikler i\u00e7in ideal bir tercih olan elbise, miniklerin dolab\u0131na enerji ve hareket kat\u0131yor.<\/p>\n<p>\u00dcr\u00fcn \u00d6zellikleri<br \/>\nKol Tipi: Uzun Kol<br \/>\nYaka Tipi: Bisiklet Yaka<br \/>\nDesen: \u00c7i\u00e7ek Desenli<br \/>\nKuma\u015f: %80 Viskon, %20 Polyester<br \/>\nKullan\u0131m Alan\u0131: G\u00fcnl\u00fck Giyim, \u00d6zel G\u00fcnler<\/p>\n<p>Koton k\u0131z bebek elbise modelleri, miniklerin enerjisine her an e\u015flik etmeye haz\u0131r! E\u011flenceli tasar\u0131mlarla minikleri renklendirin!<\/p>\n<p>\u00dcr\u00fcnlerimiz kimyasallara kar\u015f\u0131 test edilerek, t\u00fcm g\u00fcvenlik kurallar\u0131na uygun olarak \u00fcretilir. \u00dcr\u00fcnlerimizde sa\u011fl\u0131\u011fa zararl\u0131 boyalar ve a\u011f\u0131r metaller, tehlikeli yutulabilecek k\u00fc\u00e7\u00fck ve keskin par\u00e7alar, kordon ve ba\u011fc\u0131klar bulunmamaktad\u0131r.<\/p>\n","protected":false},"excerpt":{"rendered":"<p>Volanl\u0131 elbise, yumu\u015fak viskon kuma\u015f\u0131 ve zarif \u00e7i\u00e7ek desenleri ile dikkat \u00e7ekiyor. Bisiklet yaka ve uzun kollu tasar\u0131m\u0131yla g\u00fcnl\u00fck kullan\u0131m i\u00e7in rahat bir deneyim sunuyor. Kat kat yap\u0131s\u0131 ve f\u0131rf\u0131r detaylar\u0131 elbisenin \u015f\u0131kl\u0131\u011f\u0131n\u0131 \u00f6n plana \u00e7\u0131kar\u0131yor.Minikler i\u00e7in ideal bir tercih olan elbise, miniklerin dolab\u0131na enerji ve hareket kat\u0131yor. \u00dcr\u00fcn \u00d6zellikleri Kol Tipi: Uzun Kol Yaka [&hellip;]<\/p>\n","protected":false},"featured_media":151755,"comment_status":"open","ping_status":"closed","template":"","meta":[],"product_brand":[],"product_cat":[8712,8718,8715,8694,8697],"product_tag":[6752,7354,6772,6748,6774],"class_list":{"0":"post-151761","1":"product","2":"type-product","3":"status-publish","4":"has-post-thumbnail","6":"product_cat-bebek-elbiseleri","7":"product_cat-elbiseler-etekler","8":"product_cat-kiz-cocuklari-2-14-yas","9":"product_cat-cocuklar","10":"product_cat-yenidogan-0-12-ay","11":"product_tag-cicekli-elbise","12":"product_tag-gunluk-giyim-2","13":"product_tag-ozel-gun","14":"product_tag-uzun-kollu-elbise","15":"product_tag-viskon-elbise","16":"pa_brand-koton","17":"pa_color-bej-desenli","18":"pa_size-12-18-ay-2","19":"pa_size-18-24-ay-2","20":"pa_size-24-36-ay-2","21":"pa_size-3-4-yas-2","22":"pa_size-4-5-yas-2","23":"pa_size-9-12-ay-3","25":"first","26":"instock","27":"sale","28":"shipping-taxable","29":"purchasable","30":"product-type-variable"},"_links":{"self":[{"href":"https:\/\/mod.wisdar.net\/tr\/wp-json\/wp\/v2\/product\/151761","targetHints":{"allow":["GET"]}}],"collection":[{"href":"https:\/\/mod.wisdar.net\/tr\/wp-json\/wp\/v2\/product"}],"about":[{"href":"https:\/\/mod.wisdar.net\/tr\/wp-json\/wp\/v2\/types\/product"}],"replies":[{"embeddable":true,"href":"https:\/\/mod.wisdar.net\/tr\/wp-json\/wp\/v2\/comments?post=151761"}],"wp:featuredmedia":[{"embeddable":true,"href":"https:\/\/mod.wisdar.net\/tr\/wp-json\/wp\/v2\/media\/151755"}],"wp:attachment":[{"href":"https:\/\/mod.wisdar.net\/tr\/wp-json\/wp\/v2\/media?parent=151761"}],"wp:term":[{"taxonomy":"product_brand","embeddable":true,"href":"https:\/\/mod.wisdar.net\/tr\/wp-json\/wp\/v2\/product_brand?post=151761"},{"taxonomy":"product_cat","embeddable":true,"href":"https:\/\/mod.wisdar.net\/tr\/wp-json\/wp\/v2\/product_cat?post=151761"},{"taxonomy":"product_tag","embeddable":true,"href":"https:\/\/mod.wisdar.net\/tr\/wp-json\/wp\/v2\/product_tag?post=151761"}],"curies":[{"name":"wp","href":"https:\/\/api.w.org\/{rel}","templated":true}]}}