{"id":151768,"date":"2026-02-22T23:40:33","date_gmt":"2026-02-22T23:40:33","guid":{"rendered":"https:\/\/modesthanim.com\/product\/pamuklu-uzun-kollu-puantiyeli-dugmeli-volanli-bebe-yaka-mini-elbise\/"},"modified":"2026-04-15T22:33:51","modified_gmt":"2026-04-15T22:33:51","slug":"pamuklu-uzun-kollu-puantiyeli-dugmeli-volanli-bebe-yaka-mini-elbise","status":"publish","type":"product","link":"https:\/\/mod.wisdar.net\/tr\/urun\/pamuklu-uzun-kollu-puantiyeli-dugmeli-volanli-bebe-yaka-mini-elbise\/","title":{"rendered":"Pamuklu Uzun Kollu Puantiyeli D\u00fc\u011fmeli Volanl\u0131 Bebe Yaka Mini Elbise"},"content":{"rendered":"<p>Bebe yaka pamuklu elbise, yumu\u015fak ve nefes alabilir dokusuyla bebeklerin rahat etmesini sa\u011fl\u0131yor. Uzun kollu ve bebe yaka tasar\u0131m\u0131, \u015firin bir g\u00f6r\u00fcn\u00fcm kazand\u0131r\u0131yor. D\u00fc\u011fme detaylar\u0131 ve puantiyeli deseniyle enerjik ve sevimli bir havaya sahip olan elbise, her kombinde miniklerin favorisi olacak. Hem \u015f\u0131k hem de rahat olan bu tasar\u0131m, ailenizin minik \u00fcyesi i\u00e7in m\u00fckemmel bir se\u00e7im sunuyor.<\/p>\n<p>\u00dcr\u00fcn \u00d6zellikleri<br \/>\nKol Tipi: Uzun Kol<br \/>\nYaka Tipi: Bebe Yaka<br \/>\nKuma\u015f: %100 Pamuk<br \/>\nDesen: Puantiyeli<br \/>\nKullan\u0131m Alan\u0131: G\u00fcnl\u00fck Giyim<\/p>\n<p>Koton k\u0131z bebek modelleri ile miniklere en iyisini sunun! Sevimli ve \u015f\u0131k tasar\u0131mlarla dolu Koton koleksiyonu, her an\u0131 \u00f6zel k\u0131lmak i\u00e7in haz\u0131r!<\/p>\n<p>Bebe\u011finiz bu k\u0131yafet ile g\u00fcvende! \u00dcr\u00fcnlerimiz kimyasallara kar\u015f\u0131 test edilerek, t\u00fcm g\u00fcvenlik kurallar\u0131na uygun olarak \u00fcretilir. \u00dcr\u00fcnlerimizde sa\u011fl\u0131\u011fa zararl\u0131 boyalar ve a\u011f\u0131r metaller, tehlikeli yutulabilecek k\u00fc\u00e7\u00fck ve keskin par\u00e7alar, kordon ve ba\u011fc\u0131klar bulunmamaktad\u0131r.<\/p>\n<p>\u2014 Technical Details \u2014<br \/>\nKol Tipi: Uzun Kol<br \/>\nYaka Tipi: Bebe Yaka<br \/>\nKuma\u015f: %100 PAMUK<br \/>\nDesen: Puantiyeli<br \/>\nKullan\u0131m Alan\u0131: G\u00fcnl\u00fck Giyim<br \/>\nKol Boyu: Uzun Kol<br \/>\nKol Tipi (detailed): D\u00fc\u015f\u00fck Omuz<br \/>\nSil\u00fcet: Katmanl\u0131<br \/>\n\u00dcr\u00fcn Tipi \/ Stil: Katmanl\u0131<br \/>\n\u00dcr\u00fcn\u00fcn Alt Markas\u0131: Kidswear<br \/>\nSat\u0131c\u0131\/\u0130malat\u00e7\u0131\/\u0130thalat\u00e7\u0131 \u0130smi: Koton Ma\u011fazac\u0131l\u0131k Tekstil Sanayi ve Ticaret A.\u015e.<br \/>\nPosta Adresi: Ayaza\u011fa Mah. Maslak Ayaza\u011fa Cad. No:3 \u0130\u00e7 Kap\u0131 No:5 Sar\u0131yer\/\u0130stanbul<br \/>\nE-Posta Adresi: mim@koton.com<\/p>\n","protected":false},"excerpt":{"rendered":"<p>Bebe yaka pamuklu elbise, yumu\u015fak ve nefes alabilir dokusuyla bebeklerin rahat etmesini sa\u011fl\u0131yor. Uzun kollu ve bebe yaka tasar\u0131m\u0131, \u015firin bir g\u00f6r\u00fcn\u00fcm kazand\u0131r\u0131yor. D\u00fc\u011fme detaylar\u0131 ve puantiyeli deseniyle enerjik ve sevimli bir havaya sahip olan elbise, her kombinde miniklerin favorisi olacak. Hem \u015f\u0131k hem de rahat olan bu tasar\u0131m, ailenizin minik \u00fcyesi i\u00e7in m\u00fckemmel bir [&hellip;]<\/p>\n","protected":false},"featured_media":151756,"comment_status":"open","ping_status":"closed","template":"","meta":[],"product_brand":[],"product_cat":[8712,8718,8715,8694,8697],"product_tag":[7426,8039,6748],"class_list":{"0":"post-151768","1":"product","2":"type-product","3":"status-publish","4":"has-post-thumbnail","6":"product_cat-bebek-elbiseleri","7":"product_cat-elbiseler-etekler","8":"product_cat-kiz-cocuklari-2-14-yas","9":"product_cat-cocuklar","10":"product_cat-yenidogan-0-12-ay","11":"product_tag-gunluk-giyim-3","12":"product_tag-koton","13":"product_tag-uzun-kollu-elbise","14":"pa_brand-koton","15":"pa_color-bej-desenli","16":"pa_size-12-18-ay-2","17":"pa_size-18-24-ay-2","18":"pa_size-24-36-ay-2","19":"pa_size-3-4-yas-2","20":"pa_size-4-5-yas-2","21":"pa_size-9-12-ay-3","23":"first","24":"instock","25":"sale","26":"shipping-taxable","27":"purchasable","28":"product-type-variable"},"_links":{"self":[{"href":"https:\/\/mod.wisdar.net\/tr\/wp-json\/wp\/v2\/product\/151768","targetHints":{"allow":["GET"]}}],"collection":[{"href":"https:\/\/mod.wisdar.net\/tr\/wp-json\/wp\/v2\/product"}],"about":[{"href":"https:\/\/mod.wisdar.net\/tr\/wp-json\/wp\/v2\/types\/product"}],"replies":[{"embeddable":true,"href":"https:\/\/mod.wisdar.net\/tr\/wp-json\/wp\/v2\/comments?post=151768"}],"wp:featuredmedia":[{"embeddable":true,"href":"https:\/\/mod.wisdar.net\/tr\/wp-json\/wp\/v2\/media\/151756"}],"wp:attachment":[{"href":"https:\/\/mod.wisdar.net\/tr\/wp-json\/wp\/v2\/media?parent=151768"}],"wp:term":[{"taxonomy":"product_brand","embeddable":true,"href":"https:\/\/mod.wisdar.net\/tr\/wp-json\/wp\/v2\/product_brand?post=151768"},{"taxonomy":"product_cat","embeddable":true,"href":"https:\/\/mod.wisdar.net\/tr\/wp-json\/wp\/v2\/product_cat?post=151768"},{"taxonomy":"product_tag","embeddable":true,"href":"https:\/\/mod.wisdar.net\/tr\/wp-json\/wp\/v2\/product_tag?post=151768"}],"curies":[{"name":"wp","href":"https:\/\/api.w.org\/{rel}","templated":true}]}}