{"id":151814,"date":"2026-02-22T23:42:26","date_gmt":"2026-02-22T23:42:26","guid":{"rendered":"https:\/\/modesthanim.com\/product\/kiz-bebek-bebe-yaka-uzun-kollu-cicekli-elbise\/"},"modified":"2026-04-15T22:42:25","modified_gmt":"2026-04-15T22:42:25","slug":"kiz-bebek-bebe-yaka-uzun-kollu-cicekli-elbise","status":"publish","type":"product","link":"https:\/\/mod.wisdar.net\/tr\/urun\/kiz-bebek-bebe-yaka-uzun-kollu-cicekli-elbise\/","title":{"rendered":"K\u0131z Bebek Bebe Yaka Uzun Kollu \u00c7i\u00e7ekli Elbise"},"content":{"rendered":"<p>\u00c7i\u00e7ek desenli elbise, miniklere enerjik bir g\u00f6r\u00fcn\u00fcm sunuyor. Bebe yaka tasar\u0131m\u0131 ve uzun balon kollar\u0131yla sevimli ve zarif bir g\u00f6r\u00fcn\u00fcm olu\u015fturuyor. Diz \u00fcst\u00fc boyu sayesinde rahat bir kullan\u0131m sa\u011flarken, yumu\u015fak kuma\u015f\u0131yla g\u00fcn boyu konfor sunuyor. Elbisenin esnek yap\u0131s\u0131, miniklerin hareket \u00f6zg\u00fcrl\u00fc\u011f\u00fcn\u00fc destekliyor.<\/p>\n<p>\u00dcr\u00fcn \u00d6zellikleri<br \/>\nKol Tipi: Uzun Kol<br \/>\nYaka Tipi: Bebe Yaka<br \/>\nDesen: \u00c7i\u00e7ek Desenli<br \/>\nKullan\u0131m Alan\u0131: G\u00fcnl\u00fck Giyim, \u00d6zel G\u00fcnler<\/p>\n<p>Koton k\u0131z bebek giyim koleksiyonu, sevimli tasar\u0131mlar\u0131yla miniklerin kalbini \u00e7al\u0131yor! E\u011flenceli ve enerjik par\u00e7alar, bebeklerin enerjisini yans\u0131t\u0131yor!<\/p>\n<p>\u00dcr\u00fcnlerimiz kimyasallara kar\u015f\u0131 test edilerek, t\u00fcm g\u00fcvenlik kurallar\u0131na uygun olarak \u00fcretilir. \u00dcr\u00fcnlerimizde sa\u011fl\u0131\u011fa zararl\u0131 boyalar ve a\u011f\u0131r metaller, tehlikeli yutulabilecek k\u00fc\u00e7\u00fck ve keskin par\u00e7alar, kordon ve ba\u011fc\u0131klar bulunmamaktad\u0131r.<\/p>\n<p>\u2014 Technical Details \u2014<br \/>\nKuma\u015f: %3 ELASTAN, %97 POL\u0130ESTER<br \/>\nKol Boyu: Uzun Kol<br \/>\nKol Tipi: Balon Kol<br \/>\nYaka Tipi: Bebe Yaka<br \/>\nSil\u00fcet: A Form<br \/>\n\u00dcr\u00fcn Tipi \/ Stil: A Form<br \/>\n\u00dcr\u00fcn\u00fcn Alt Markas\u0131: Kidswear<br \/>\nSat\u0131c\u0131\/\u0130malat\u00e7\u0131\/\u0130thalat\u00e7\u0131 \u0130smi: Koton Ma\u011fazac\u0131l\u0131k Tekstil Sanayi ve Ticaret A.\u015e.<br \/>\nPosta Adresi: Ayaza\u011fa Mah. Maslak Ayaza\u011fa Cad. No:3 \u0130\u00e7 Kap\u0131 No:5 Sar\u0131yer\/\u0130stanbul<br \/>\nE-Posta Adresi: mim@koton.com<\/p>\n","protected":false},"excerpt":{"rendered":"<p>\u00c7i\u00e7ek desenli elbise, miniklere enerjik bir g\u00f6r\u00fcn\u00fcm sunuyor. Bebe yaka tasar\u0131m\u0131 ve uzun balon kollar\u0131yla sevimli ve zarif bir g\u00f6r\u00fcn\u00fcm olu\u015fturuyor. Diz \u00fcst\u00fc boyu sayesinde rahat bir kullan\u0131m sa\u011flarken, yumu\u015fak kuma\u015f\u0131yla g\u00fcn boyu konfor sunuyor. Elbisenin esnek yap\u0131s\u0131, miniklerin hareket \u00f6zg\u00fcrl\u00fc\u011f\u00fcn\u00fc destekliyor. \u00dcr\u00fcn \u00d6zellikleri Kol Tipi: Uzun Kol Yaka Tipi: Bebe Yaka Desen: \u00c7i\u00e7ek Desenli [&hellip;]<\/p>\n","protected":false},"featured_media":151811,"comment_status":"open","ping_status":"closed","template":"","meta":[],"product_brand":[],"product_cat":[8712,8718,8715,8694,8697],"product_tag":[6752,7354,6772,6748],"class_list":{"0":"post-151814","1":"product","2":"type-product","3":"status-publish","4":"has-post-thumbnail","6":"product_cat-bebek-elbiseleri","7":"product_cat-elbiseler-etekler","8":"product_cat-kiz-cocuklari-2-14-yas","9":"product_cat-cocuklar","10":"product_cat-yenidogan-0-12-ay","11":"product_tag-cicekli-elbise","12":"product_tag-gunluk-giyim-2","13":"product_tag-ozel-gun","14":"product_tag-uzun-kollu-elbise","15":"pa_brand-koton","16":"pa_color-yesil-desenli","17":"pa_size-12-18-ay-2","18":"pa_size-18-24-ay-2","19":"pa_size-24-36-ay-2","20":"pa_size-3-4-yas-2","21":"pa_size-4-5-yas-2","22":"pa_size-9-12-ay-3","24":"first","25":"instock","26":"sale","27":"shipping-taxable","28":"purchasable","29":"product-type-variable"},"_links":{"self":[{"href":"https:\/\/mod.wisdar.net\/tr\/wp-json\/wp\/v2\/product\/151814","targetHints":{"allow":["GET"]}}],"collection":[{"href":"https:\/\/mod.wisdar.net\/tr\/wp-json\/wp\/v2\/product"}],"about":[{"href":"https:\/\/mod.wisdar.net\/tr\/wp-json\/wp\/v2\/types\/product"}],"replies":[{"embeddable":true,"href":"https:\/\/mod.wisdar.net\/tr\/wp-json\/wp\/v2\/comments?post=151814"}],"wp:featuredmedia":[{"embeddable":true,"href":"https:\/\/mod.wisdar.net\/tr\/wp-json\/wp\/v2\/media\/151811"}],"wp:attachment":[{"href":"https:\/\/mod.wisdar.net\/tr\/wp-json\/wp\/v2\/media?parent=151814"}],"wp:term":[{"taxonomy":"product_brand","embeddable":true,"href":"https:\/\/mod.wisdar.net\/tr\/wp-json\/wp\/v2\/product_brand?post=151814"},{"taxonomy":"product_cat","embeddable":true,"href":"https:\/\/mod.wisdar.net\/tr\/wp-json\/wp\/v2\/product_cat?post=151814"},{"taxonomy":"product_tag","embeddable":true,"href":"https:\/\/mod.wisdar.net\/tr\/wp-json\/wp\/v2\/product_tag?post=151814"}],"curies":[{"name":"wp","href":"https:\/\/api.w.org\/{rel}","templated":true}]}}