{"id":151850,"date":"2026-02-22T23:44:22","date_gmt":"2026-02-22T23:44:22","guid":{"rendered":"https:\/\/modesthanim.com\/product\/kiz-bebek-pamuklu-sardonlu-biyeli-genis-paca-esofman-alti\/"},"modified":"2026-04-10T23:25:18","modified_gmt":"2026-04-10T23:25:18","slug":"kiz-bebek-pamuklu-sardonlu-biyeli-genis-paca-esofman-alti","status":"publish","type":"product","link":"https:\/\/mod.wisdar.net\/tr\/urun\/kiz-bebek-pamuklu-sardonlu-biyeli-genis-paca-esofman-alti\/","title":{"rendered":"K\u0131z Bebek Pamuklu \u015eardonlu Biyeli Geni\u015f Pa\u00e7a E\u015fofman Alt\u0131"},"content":{"rendered":"<p>Geni\u015f pa\u00e7a e\u015fofman alt\u0131 yumu\u015fak yap\u0131s\u0131 ve \u015fardonlu i\u00e7 yap\u0131s\u0131yla \u00f6ne \u00e7\u0131k\u0131yor. Biyeli tasar\u0131m\u0131 e\u015fofman alt\u0131na hareketli bir g\u00f6r\u00fcn\u00fcm katarken, normal bel yap\u0131s\u0131 ile rahat bir kullan\u0131m sunuyor. Minikler i\u00e7in ideal olan par\u00e7a, pamuklu kuma\u015f\u0131 sayesinde g\u00fcn boyu konfor sa\u011fl\u0131yor. \u00dcr\u00fcn \u00d6zellikleri Pamuk: %100 Pamuk Pa\u00e7a Tipi: Geni\u015f Pa\u00e7a Ekstra Detay: Biyeli Kuma\u015f: \u015eardonlu Kullan\u0131m Alan\u0131: G\u00fcnl\u00fck Giyim, Spor Giyim Koton k\u0131z bebek koleksiyonu, renkli ve e\u011flenceli tasar\u0131mlar\u0131yla miniklerin gard\u0131robunu canland\u0131r\u0131yor! \u00dcr\u00fcnlerimiz kimyasallara kar\u015f\u0131 test edilerek, t\u00fcm g\u00fcvenlik kurallar\u0131na uygun olarak \u00fcretilir. \u00dcr\u00fcnlerimizde sa\u011fl\u0131\u011fa zararl\u0131 boyalar ve a\u011f\u0131r metaller, tehlikeli yutulabilecek k\u00fc\u00e7\u00fck ve keskin par\u00e7alar, kordon ve ba\u011fc\u0131klar bulunmamaktad\u0131r.<\/p>\n<p>\u2014 Technical Details \u2014<br \/>\nKuma\u015f: %100 PAMUK<br \/>\nSil\u00fcet: Wide Leg<br \/>\nBel Y\u00fcksekli\u011fi: Standart Bel<br \/>\n\u00dcr\u00fcn Tipi \/ Stil: Wide Leg<br \/>\n\u00dcr\u00fcn\u00fcn Alt Markas\u0131: Kidswear<br \/>\nSat\u0131c\u0131\/\u0130malat\u00e7\u0131\/\u0130thalat\u00e7\u0131 \u0130smi: Koton Ma\u011fazac\u0131l\u0131k Tekstil Sanayi ve Ticaret A.\u015e.<br \/>\nPosta Adresi: Ayaza\u011fa Mah. Maslak Ayaza\u011fa Cad. No:3 \u0130\u00e7 Kap\u0131 No:5 Sar\u0131yer\/\u0130stanbul<br \/>\nE-Posta Adresi: mim@koton.com<\/p>\n","protected":false},"excerpt":{"rendered":"<p>Geni\u015f pa\u00e7a e\u015fofman alt\u0131 yumu\u015fak yap\u0131s\u0131 ve \u015fardonlu i\u00e7 yap\u0131s\u0131yla \u00f6ne \u00e7\u0131k\u0131yor. Biyeli tasar\u0131m\u0131 e\u015fofman alt\u0131na hareketli bir g\u00f6r\u00fcn\u00fcm katarken, normal bel yap\u0131s\u0131 ile rahat bir kullan\u0131m sunuyor. Minikler i\u00e7in ideal olan par\u00e7a, pamuklu kuma\u015f\u0131 sayesinde g\u00fcn boyu konfor sa\u011fl\u0131yor. \u00dcr\u00fcn \u00d6zellikleri Pamuk: %100 Pamuk Pa\u00e7a Tipi: Geni\u015f Pa\u00e7a Ekstra Detay: Biyeli Kuma\u015f: \u015eardonlu Kullan\u0131m [&hellip;]<\/p>\n","protected":false},"featured_media":151847,"comment_status":"open","ping_status":"closed","template":"","meta":[],"product_brand":[],"product_cat":[8715,8694,8727],"product_tag":[8996,10528,10980,10981,10242,6197,10982],"class_list":{"0":"post-151850","1":"product","2":"type-product","3":"status-publish","4":"has-post-thumbnail","6":"product_cat-kiz-cocuklari-2-14-yas","7":"product_cat-cocuklar","8":"product_cat-pantolon","9":"product_tag-baby-girl-clothing","10":"product_tag-comfortable-kids-wear-2","11":"product_tag-cotton-wide-leg","12":"product_tag-fluffy-sweatpants","13":"product_tag-girls-sweatpants","14":"product_tag-koton-collection","15":"product_tag-sequined-pants","16":"pa_brand-koton","17":"pa_color-bej","18":"pa_size-12-18-ay-2","19":"pa_size-18-24-ay-2","20":"pa_size-24-36-ay-2","21":"pa_size-3-4-yas-2","22":"pa_size-4-5-yas-2","23":"pa_size-9-12-ay-3","25":"first","26":"instock","27":"sale","28":"shipping-taxable","29":"purchasable","30":"product-type-variable"},"_links":{"self":[{"href":"https:\/\/mod.wisdar.net\/tr\/wp-json\/wp\/v2\/product\/151850","targetHints":{"allow":["GET"]}}],"collection":[{"href":"https:\/\/mod.wisdar.net\/tr\/wp-json\/wp\/v2\/product"}],"about":[{"href":"https:\/\/mod.wisdar.net\/tr\/wp-json\/wp\/v2\/types\/product"}],"replies":[{"embeddable":true,"href":"https:\/\/mod.wisdar.net\/tr\/wp-json\/wp\/v2\/comments?post=151850"}],"wp:featuredmedia":[{"embeddable":true,"href":"https:\/\/mod.wisdar.net\/tr\/wp-json\/wp\/v2\/media\/151847"}],"wp:attachment":[{"href":"https:\/\/mod.wisdar.net\/tr\/wp-json\/wp\/v2\/media?parent=151850"}],"wp:term":[{"taxonomy":"product_brand","embeddable":true,"href":"https:\/\/mod.wisdar.net\/tr\/wp-json\/wp\/v2\/product_brand?post=151850"},{"taxonomy":"product_cat","embeddable":true,"href":"https:\/\/mod.wisdar.net\/tr\/wp-json\/wp\/v2\/product_cat?post=151850"},{"taxonomy":"product_tag","embeddable":true,"href":"https:\/\/mod.wisdar.net\/tr\/wp-json\/wp\/v2\/product_tag?post=151850"}],"curies":[{"name":"wp","href":"https:\/\/api.w.org\/{rel}","templated":true}]}}