{"id":151894,"date":"2026-02-23T08:37:12","date_gmt":"2026-02-23T08:37:12","guid":{"rendered":"https:\/\/modesthanim.com\/product\/mavi-wideleg-kadin-jean-pantolon\/"},"modified":"2026-04-13T02:02:09","modified_gmt":"2026-04-13T02:02:09","slug":"mavi-wideleg-kadin-jean-pantolon","status":"publish","type":"product","link":"https:\/\/mod.wisdar.net\/tr\/urun\/mavi-wideleg-kadin-jean-pantolon\/","title":{"rendered":"Mavi Wideleg Kad\u0131n Jean Pantolon"},"content":{"rendered":"<p>XSIDE Mavi Wideleg Kad\u0131n Jean Pantolon size \u00f6zel indirim, taksit ve kap\u0131da \u00f6deme avantajlar\u0131yla LCW&#8217;de! Hemen online al\u0131\u015fveri\u015f yap, \u00fcr\u00fcn kap\u0131na gelsin! \u2013 S6IT44Z8-J0N<\/p>\n<p>\u2014 Technical Details \u2014<br \/>\n\u00dcr\u00fcn Tipi: Jean Pantolon<br \/>\nCinsiyet: Kad\u0131n<br \/>\nKal\u0131p: Standart &amp; Regular<br \/>\nKuma\u015f: Denim<br \/>\nBel Fiti: Y\u00fcksek Bel<br \/>\nDesen: D\u00fcz<br \/>\nPa\u00e7a Fiti: Geni\u015f Pa\u00e7a<br \/>\nMalzeme: %100 Pamuk<\/p>\n","protected":false},"excerpt":{"rendered":"<p>XSIDE Mavi Wideleg Kad\u0131n Jean Pantolon size \u00f6zel indirim, taksit ve kap\u0131da \u00f6deme avantajlar\u0131yla LCW&#8217;de! Hemen online al\u0131\u015fveri\u015f yap, \u00fcr\u00fcn kap\u0131na gelsin! \u2013 S6IT44Z8-J0N \u2014 Technical Details \u2014 \u00dcr\u00fcn Tipi: Jean Pantolon Cinsiyet: Kad\u0131n Kal\u0131p: Standart &amp; Regular Kuma\u015f: Denim Bel Fiti: Y\u00fcksek Bel Desen: D\u00fcz Pa\u00e7a Fiti: Geni\u015f Pa\u00e7a Malzeme: %100 Pamuk<\/p>\n","protected":false},"featured_media":151887,"comment_status":"open","ping_status":"closed","template":"","meta":[],"product_brand":[],"product_cat":[1882],"product_tag":[6761,7426,7650],"class_list":{"0":"post-151894","1":"product","2":"type-product","3":"status-publish","4":"has-post-thumbnail","6":"product_cat-alt-giyim","7":"product_tag-bol-paca","8":"product_tag-gunluk-giyim-3","9":"product_tag-yuksek-bel-3","10":"pa_brand-xside","11":"pa_color-orta-mavi","12":"pa_size-7851","13":"pa_size-7843","14":"pa_size-7841","15":"pa_size-7842","16":"pa_size-7846","18":"first","19":"instock","20":"shipping-taxable","21":"purchasable","22":"product-type-variable"},"_links":{"self":[{"href":"https:\/\/mod.wisdar.net\/tr\/wp-json\/wp\/v2\/product\/151894","targetHints":{"allow":["GET"]}}],"collection":[{"href":"https:\/\/mod.wisdar.net\/tr\/wp-json\/wp\/v2\/product"}],"about":[{"href":"https:\/\/mod.wisdar.net\/tr\/wp-json\/wp\/v2\/types\/product"}],"replies":[{"embeddable":true,"href":"https:\/\/mod.wisdar.net\/tr\/wp-json\/wp\/v2\/comments?post=151894"}],"wp:featuredmedia":[{"embeddable":true,"href":"https:\/\/mod.wisdar.net\/tr\/wp-json\/wp\/v2\/media\/151887"}],"wp:attachment":[{"href":"https:\/\/mod.wisdar.net\/tr\/wp-json\/wp\/v2\/media?parent=151894"}],"wp:term":[{"taxonomy":"product_brand","embeddable":true,"href":"https:\/\/mod.wisdar.net\/tr\/wp-json\/wp\/v2\/product_brand?post=151894"},{"taxonomy":"product_cat","embeddable":true,"href":"https:\/\/mod.wisdar.net\/tr\/wp-json\/wp\/v2\/product_cat?post=151894"},{"taxonomy":"product_tag","embeddable":true,"href":"https:\/\/mod.wisdar.net\/tr\/wp-json\/wp\/v2\/product_tag?post=151894"}],"curies":[{"name":"wp","href":"https:\/\/api.w.org\/{rel}","templated":true}]}}