{"id":151981,"date":"2026-02-23T10:25:17","date_gmt":"2026-02-23T10:25:17","guid":{"rendered":"https:\/\/modesthanim.com\/product\/mavi-wideleg-kadin-jean-pantolon-2\/"},"modified":"2026-04-06T01:51:14","modified_gmt":"2026-04-06T01:51:14","slug":"mavi-wideleg-kadin-jean-pantolon-2","status":"publish","type":"product","link":"https:\/\/mod.wisdar.net\/tr\/urun\/mavi-wideleg-kadin-jean-pantolon-2\/","title":{"rendered":"Mavi Wideleg Kad\u0131n Jean Pantolon"},"content":{"rendered":"<p>XSIDE Mavi Wideleg Kad\u0131n Jean Pantolon size \u00f6zel indirim, taksit ve kap\u0131da \u00f6deme avantajlar\u0131yla LCW&#8217;de! Hemen online al\u0131\u015fveri\u015f yap, \u00fcr\u00fcn kap\u0131na gelsin! \u2013 S6K929Z8-CU5<\/p>\n<p>\u2014 Technical Details \u2014<br \/>\nMen\u015fei: Turk\u0131ye<br \/>\nSat\u0131c\u0131: LC Waikiki<br \/>\nMarka: XSIDE<br \/>\n\u00dcr\u00fcn Tipi: Jean Pantolon<br \/>\nCinsiyet: Kad\u0131n<br \/>\nKal\u0131p: Wideleg<br \/>\nKuma\u015f: Denim<br \/>\nBel Fiti: Y\u00fcksek Bel<br \/>\nDesen: D\u00fcz<br \/>\nPa\u00e7a Fiti: Geni\u015f Pa\u00e7a<br \/>\nMalzeme: %100 Pamuk<\/p>\n","protected":false},"excerpt":{"rendered":"<p>XSIDE Mavi Wideleg Kad\u0131n Jean Pantolon size \u00f6zel indirim, taksit ve kap\u0131da \u00f6deme avantajlar\u0131yla LCW&#8217;de! Hemen online al\u0131\u015fveri\u015f yap, \u00fcr\u00fcn kap\u0131na gelsin! \u2013 S6K929Z8-CU5 \u2014 Technical Details \u2014 Men\u015fei: Turk\u0131ye Sat\u0131c\u0131: LC Waikiki Marka: XSIDE \u00dcr\u00fcn Tipi: Jean Pantolon Cinsiyet: Kad\u0131n Kal\u0131p: Wideleg Kuma\u015f: Denim Bel Fiti: Y\u00fcksek Bel Desen: D\u00fcz Pa\u00e7a Fiti: Geni\u015f Pa\u00e7a [&hellip;]<\/p>\n","protected":false},"featured_media":151963,"comment_status":"open","ping_status":"closed","template":"","meta":[],"product_brand":[],"product_cat":[1882],"product_tag":[10983,6173,9175,10987,10986,8480],"class_list":{"0":"post-151981","1":"product","2":"type-product","3":"status-publish","4":"has-post-thumbnail","6":"product_cat-alt-giyim","7":"product_tag-blue-jeans","8":"product_tag-cotton-jeans","9":"product_tag-denim-pants","10":"product_tag-high-waist-jeans-2","11":"product_tag-wideleg-jeans","12":"product_tag-womens-jeans","13":"pa_brand-xside","14":"pa_color-acik-mavi","15":"pa_size-7851","16":"pa_size-7843","17":"pa_size-7841","18":"pa_size-7842","19":"pa_size-7846","20":"pa_size-4698","22":"first","23":"instock","24":"shipping-taxable","25":"purchasable","26":"product-type-variable"},"_links":{"self":[{"href":"https:\/\/mod.wisdar.net\/tr\/wp-json\/wp\/v2\/product\/151981","targetHints":{"allow":["GET"]}}],"collection":[{"href":"https:\/\/mod.wisdar.net\/tr\/wp-json\/wp\/v2\/product"}],"about":[{"href":"https:\/\/mod.wisdar.net\/tr\/wp-json\/wp\/v2\/types\/product"}],"replies":[{"embeddable":true,"href":"https:\/\/mod.wisdar.net\/tr\/wp-json\/wp\/v2\/comments?post=151981"}],"wp:featuredmedia":[{"embeddable":true,"href":"https:\/\/mod.wisdar.net\/tr\/wp-json\/wp\/v2\/media\/151963"}],"wp:attachment":[{"href":"https:\/\/mod.wisdar.net\/tr\/wp-json\/wp\/v2\/media?parent=151981"}],"wp:term":[{"taxonomy":"product_brand","embeddable":true,"href":"https:\/\/mod.wisdar.net\/tr\/wp-json\/wp\/v2\/product_brand?post=151981"},{"taxonomy":"product_cat","embeddable":true,"href":"https:\/\/mod.wisdar.net\/tr\/wp-json\/wp\/v2\/product_cat?post=151981"},{"taxonomy":"product_tag","embeddable":true,"href":"https:\/\/mod.wisdar.net\/tr\/wp-json\/wp\/v2\/product_tag?post=151981"}],"curies":[{"name":"wp","href":"https:\/\/api.w.org\/{rel}","templated":true}]}}