{"id":152049,"date":"2026-02-23T10:26:50","date_gmt":"2026-02-23T10:26:50","guid":{"rendered":"https:\/\/modesthanim.com\/product\/bej-kacik-yaka-dokulu-a-kesim-elbise\/"},"modified":"2026-04-15T22:50:33","modified_gmt":"2026-04-15T22:50:33","slug":"bej-kacik-yaka-dokulu-a-kesim-elbise","status":"publish","type":"product","link":"https:\/\/mod.wisdar.net\/tr\/urun\/bej-kacik-yaka-dokulu-a-kesim-elbise\/","title":{"rendered":"Bej Ka\u00e7\u0131k Yaka Dokulu A Kesim Elbise"},"content":{"rendered":"<p>LCW Grace Bej Ka\u00e7\u0131k Yaka Dokulu A Kesim Elbise size \u00f6zel indirim, taksit ve kap\u0131da \u00f6deme avantajlar\u0131yla LCW&#8217;de! Hemen online al\u0131\u015fveri\u015f yap, \u00fcr\u00fcn kap\u0131na gelsin! \u2013 S5Q182Z8-F6D<\/p>\n<p>\u2014 Technical Details \u2014<br \/>\nMen\u015fei: Turk\u0131ye<br \/>\nSat\u0131c\u0131: LC Waikiki<br \/>\nMarka: LCW Grace<br \/>\n\u00dcr\u00fcn Tipi: Elbise<br \/>\nCinsiyet: Kad\u0131n<br \/>\nKal\u0131p: Standart &amp; Regular<br \/>\nKuma\u015f: Krinkle<br \/>\nSiluet: A Kesim<br \/>\nAstar Detay: Astars\u0131z<br \/>\nUzunluk: Uzun<br \/>\nYaka: Ka\u00e7\u0131k Yaka<br \/>\nKol Boyu: Uzun Kollu<br \/>\nDesen: D\u00fcz<br \/>\nV\u00fccut Tipi: B\u00fcy\u00fck Beden<br \/>\nEk \u00d6zellik: Dokulu<\/p>\n","protected":false},"excerpt":{"rendered":"<p>LCW Grace Bej Ka\u00e7\u0131k Yaka Dokulu A Kesim Elbise size \u00f6zel indirim, taksit ve kap\u0131da \u00f6deme avantajlar\u0131yla LCW&#8217;de! Hemen online al\u0131\u015fveri\u015f yap, \u00fcr\u00fcn kap\u0131na gelsin! \u2013 S5Q182Z8-F6D \u2014 Technical Details \u2014 Men\u015fei: Turk\u0131ye Sat\u0131c\u0131: LC Waikiki Marka: LCW Grace \u00dcr\u00fcn Tipi: Elbise Cinsiyet: Kad\u0131n Kal\u0131p: Standart &amp; Regular Kuma\u015f: Krinkle Siluet: A Kesim Astar Detay: [&hellip;]<\/p>\n","protected":false},"featured_media":152040,"comment_status":"open","ping_status":"closed","template":"","meta":[],"product_brand":[],"product_cat":[6249,1933],"product_tag":[7563,7590,6744,7603,6768,6745],"class_list":{"0":"post-152049","1":"product","2":"type-product","3":"status-publish","4":"has-post-thumbnail","6":"product_cat-elbiseler","7":"product_cat-gunluk-ve-gunduz-elbiseleri","8":"product_tag-buyuk-beden","9":"product_tag-dokulu-kumas","10":"product_tag-kadin-modasi","11":"product_tag-online-alisveris","12":"product_tag-uzun-kol","13":"product_tag-zarif-elbise","14":"pa_brand-lcw-grace","15":"pa_color-bej","16":"pa_size-4711","17":"pa_size-4713","18":"pa_size-4751","19":"pa_size-4749","20":"pa_size-4747","21":"pa_size-4746","22":"pa_size-4744","24":"first","25":"instock","26":"shipping-taxable","27":"purchasable","28":"product-type-variable"},"_links":{"self":[{"href":"https:\/\/mod.wisdar.net\/tr\/wp-json\/wp\/v2\/product\/152049","targetHints":{"allow":["GET"]}}],"collection":[{"href":"https:\/\/mod.wisdar.net\/tr\/wp-json\/wp\/v2\/product"}],"about":[{"href":"https:\/\/mod.wisdar.net\/tr\/wp-json\/wp\/v2\/types\/product"}],"replies":[{"embeddable":true,"href":"https:\/\/mod.wisdar.net\/tr\/wp-json\/wp\/v2\/comments?post=152049"}],"wp:featuredmedia":[{"embeddable":true,"href":"https:\/\/mod.wisdar.net\/tr\/wp-json\/wp\/v2\/media\/152040"}],"wp:attachment":[{"href":"https:\/\/mod.wisdar.net\/tr\/wp-json\/wp\/v2\/media?parent=152049"}],"wp:term":[{"taxonomy":"product_brand","embeddable":true,"href":"https:\/\/mod.wisdar.net\/tr\/wp-json\/wp\/v2\/product_brand?post=152049"},{"taxonomy":"product_cat","embeddable":true,"href":"https:\/\/mod.wisdar.net\/tr\/wp-json\/wp\/v2\/product_cat?post=152049"},{"taxonomy":"product_tag","embeddable":true,"href":"https:\/\/mod.wisdar.net\/tr\/wp-json\/wp\/v2\/product_tag?post=152049"}],"curies":[{"name":"wp","href":"https:\/\/api.w.org\/{rel}","templated":true}]}}