{"id":152205,"date":"2026-02-23T10:30:08","date_gmt":"2026-02-23T10:30:08","guid":{"rendered":"https:\/\/modesthanim.com\/product\/ekru-v-yaka-dantel-detayli-oversize-kadin-triko-kazak\/"},"modified":"2026-04-15T22:55:30","modified_gmt":"2026-04-15T22:55:30","slug":"ekru-v-yaka-dantel-detayli-oversize-kadin-triko-kazak","status":"publish","type":"product","link":"https:\/\/mod.wisdar.net\/tr\/urun\/ekru-v-yaka-dantel-detayli-oversize-kadin-triko-kazak\/","title":{"rendered":"Ekru V Yaka Dantel Detayl\u0131 Oversize Kad\u0131n Triko Kazak"},"content":{"rendered":"<p>LCW Vision Ekru V Yaka Dantel Detayl\u0131 Oversize Kad\u0131n Triko Kazak size \u00f6zel indirim, taksit ve kap\u0131da \u00f6deme avantajlar\u0131yla LCW&#8217;de! Hemen online al\u0131\u015fveri\u015f yap, \u00fcr\u00fcn kap\u0131na gelsin! \u2013 W5OJ84Z8-FDU<\/p>\n<p>\u2014 Technical Details \u2014<br \/>\nMen\u015fei: Turk\u0131ye<br \/>\nSat\u0131c\u0131: LC Waikiki<br \/>\nMarka: LCW Vision<br \/>\n\u00dcr\u00fcn Tipi: Kazak<br \/>\nCinsiyet: Kad\u0131n<br \/>\nKal\u0131p: Oversize<br \/>\nKuma\u015f: Triko<br \/>\nDesen: D\u00fcz<br \/>\nYaka: V Yaka<br \/>\nKol Boyu: Uzun Kollu<\/p>\n","protected":false},"excerpt":{"rendered":"<p>LCW Vision Ekru V Yaka Dantel Detayl\u0131 Oversize Kad\u0131n Triko Kazak size \u00f6zel indirim, taksit ve kap\u0131da \u00f6deme avantajlar\u0131yla LCW&#8217;de! Hemen online al\u0131\u015fveri\u015f yap, \u00fcr\u00fcn kap\u0131na gelsin! \u2013 W5OJ84Z8-FDU \u2014 Technical Details \u2014 Men\u015fei: Turk\u0131ye Sat\u0131c\u0131: LC Waikiki Marka: LCW Vision \u00dcr\u00fcn Tipi: Kazak Cinsiyet: Kad\u0131n Kal\u0131p: Oversize Kuma\u015f: Triko Desen: D\u00fcz Yaka: V Yaka [&hellip;]<\/p>\n","protected":false},"featured_media":152195,"comment_status":"open","ping_status":"closed","template":"","meta":[],"product_brand":[],"product_cat":[1927],"product_tag":[7623,7426,6744,8356,7897],"class_list":{"0":"post-152205","1":"product","2":"type-product","3":"status-publish","4":"has-post-thumbnail","6":"product_cat-hoodies-sweatshirtler","7":"product_tag-dantel-detayli","8":"product_tag-gunluk-giyim-3","9":"product_tag-kadin-modasi","10":"product_tag-kis-koleksiyonu","11":"product_tag-oversize-kazak","12":"pa_brand-lcw-vision","13":"pa_color-ekru","14":"pa_size-l","15":"pa_size-m","16":"pa_size-s","17":"pa_size-xl","18":"pa_size-xs","20":"first","21":"instock","22":"shipping-taxable","23":"purchasable","24":"product-type-variable"},"_links":{"self":[{"href":"https:\/\/mod.wisdar.net\/tr\/wp-json\/wp\/v2\/product\/152205","targetHints":{"allow":["GET"]}}],"collection":[{"href":"https:\/\/mod.wisdar.net\/tr\/wp-json\/wp\/v2\/product"}],"about":[{"href":"https:\/\/mod.wisdar.net\/tr\/wp-json\/wp\/v2\/types\/product"}],"replies":[{"embeddable":true,"href":"https:\/\/mod.wisdar.net\/tr\/wp-json\/wp\/v2\/comments?post=152205"}],"wp:featuredmedia":[{"embeddable":true,"href":"https:\/\/mod.wisdar.net\/tr\/wp-json\/wp\/v2\/media\/152195"}],"wp:attachment":[{"href":"https:\/\/mod.wisdar.net\/tr\/wp-json\/wp\/v2\/media?parent=152205"}],"wp:term":[{"taxonomy":"product_brand","embeddable":true,"href":"https:\/\/mod.wisdar.net\/tr\/wp-json\/wp\/v2\/product_brand?post=152205"},{"taxonomy":"product_cat","embeddable":true,"href":"https:\/\/mod.wisdar.net\/tr\/wp-json\/wp\/v2\/product_cat?post=152205"},{"taxonomy":"product_tag","embeddable":true,"href":"https:\/\/mod.wisdar.net\/tr\/wp-json\/wp\/v2\/product_tag?post=152205"}],"curies":[{"name":"wp","href":"https:\/\/api.w.org\/{rel}","templated":true}]}}