{"id":152299,"date":"2026-02-23T10:31:45","date_gmt":"2026-02-23T10:31:45","guid":{"rendered":"https:\/\/modesthanim.com\/product\/siyah-gomlek-yaka-ekose-kadin-sweatshirt-tunik\/"},"modified":"2026-04-13T05:02:19","modified_gmt":"2026-04-13T05:02:19","slug":"siyah-gomlek-yaka-ekose-kadin-sweatshirt-tunik","status":"publish","type":"product","link":"https:\/\/mod.wisdar.net\/tr\/urun\/siyah-gomlek-yaka-ekose-kadin-sweatshirt-tunik\/","title":{"rendered":"Siyah G\u00f6mlek Yaka Ekose Kad\u0131n Sweatshirt Tunik"},"content":{"rendered":"<p>LCW Modest Siyah G\u00f6mlek Yaka Ekose Kad\u0131n Sweatshirt Tunik size \u00f6zel indirim, taksit ve kap\u0131da \u00f6deme avantajlar\u0131yla LCW&#8217;de! Hemen online al\u0131\u015fveri\u015f yap, \u00fcr\u00fcn kap\u0131na gelsin! \u2013 S6O169Z8-CVL<\/p>\n<p>\u2014 Technical Details \u2014<br \/>\nMen\u015fei: Turk\u0131ye<br \/>\nSat\u0131c\u0131: LC Waikiki<br \/>\nMarka: LCW Modest<br \/>\n\u00dcr\u00fcn Tipi: Sweatshirt Tunik<br \/>\nCinsiyet: Kad\u0131n<br \/>\nDesen: Ekose<br \/>\nKal\u0131nl\u0131k: Orta Kal\u0131nl\u0131k<br \/>\nKal\u0131p: Loose &amp; Bol<br \/>\nKol Boyu: Uzun Kollu<br \/>\nKoleksiyon: Tesett\u00fcr Giyim<br \/>\nKuma\u015f: \u0130nterlok<br \/>\nUzunluk: Basen Boy<br \/>\nYaka: G\u00f6mlek Yaka<\/p>\n","protected":false},"excerpt":{"rendered":"<p>LCW Modest Siyah G\u00f6mlek Yaka Ekose Kad\u0131n Sweatshirt Tunik size \u00f6zel indirim, taksit ve kap\u0131da \u00f6deme avantajlar\u0131yla LCW&#8217;de! Hemen online al\u0131\u015fveri\u015f yap, \u00fcr\u00fcn kap\u0131na gelsin! \u2013 S6O169Z8-CVL \u2014 Technical Details \u2014 Men\u015fei: Turk\u0131ye Sat\u0131c\u0131: LC Waikiki Marka: LCW Modest \u00dcr\u00fcn Tipi: Sweatshirt Tunik Cinsiyet: Kad\u0131n Desen: Ekose Kal\u0131nl\u0131k: Orta Kal\u0131nl\u0131k Kal\u0131p: Loose &amp; Bol Kol [&hellip;]<\/p>\n","protected":false},"featured_media":152297,"comment_status":"open","ping_status":"closed","template":"","meta":[],"product_brand":[],"product_cat":[1927],"product_tag":[7326,6910,7426,7547,7548,7603,6768],"class_list":{"0":"post-152299","1":"product","2":"type-product","3":"status-publish","4":"has-post-thumbnail","6":"product_cat-hoodies-sweatshirtler","7":"product_tag-bol-kesim","8":"product_tag-ekose-desen-2","9":"product_tag-gunluk-giyim-3","10":"product_tag-kadin-giyim","11":"product_tag-mutevazi-moda","12":"product_tag-online-alisveris","13":"product_tag-uzun-kol","14":"pa_brand-lcw-modest","15":"pa_color-siyah","16":"pa_size-2xl","17":"pa_size-3xl","18":"pa_size-l","19":"pa_size-m","20":"pa_size-s","21":"pa_size-xl","22":"pa_size-xs","24":"first","25":"instock","26":"shipping-taxable","27":"purchasable","28":"product-type-variable"},"_links":{"self":[{"href":"https:\/\/mod.wisdar.net\/tr\/wp-json\/wp\/v2\/product\/152299","targetHints":{"allow":["GET"]}}],"collection":[{"href":"https:\/\/mod.wisdar.net\/tr\/wp-json\/wp\/v2\/product"}],"about":[{"href":"https:\/\/mod.wisdar.net\/tr\/wp-json\/wp\/v2\/types\/product"}],"replies":[{"embeddable":true,"href":"https:\/\/mod.wisdar.net\/tr\/wp-json\/wp\/v2\/comments?post=152299"}],"wp:featuredmedia":[{"embeddable":true,"href":"https:\/\/mod.wisdar.net\/tr\/wp-json\/wp\/v2\/media\/152297"}],"wp:attachment":[{"href":"https:\/\/mod.wisdar.net\/tr\/wp-json\/wp\/v2\/media?parent=152299"}],"wp:term":[{"taxonomy":"product_brand","embeddable":true,"href":"https:\/\/mod.wisdar.net\/tr\/wp-json\/wp\/v2\/product_brand?post=152299"},{"taxonomy":"product_cat","embeddable":true,"href":"https:\/\/mod.wisdar.net\/tr\/wp-json\/wp\/v2\/product_cat?post=152299"},{"taxonomy":"product_tag","embeddable":true,"href":"https:\/\/mod.wisdar.net\/tr\/wp-json\/wp\/v2\/product_tag?post=152299"}],"curies":[{"name":"wp","href":"https:\/\/api.w.org\/{rel}","templated":true}]}}