{"id":152496,"date":"2026-02-23T10:37:10","date_gmt":"2026-02-23T10:37:10","guid":{"rendered":"https:\/\/modesthanim.com\/product\/kahverengi-cicekli-kusakli-kadin-gomlek-tunik\/"},"modified":"2026-04-13T05:10:55","modified_gmt":"2026-04-13T05:10:55","slug":"kahverengi-cicekli-kusakli-kadin-gomlek-tunik","status":"publish","type":"product","link":"https:\/\/mod.wisdar.net\/tr\/urun\/kahverengi-cicekli-kusakli-kadin-gomlek-tunik\/","title":{"rendered":"Kahverengi \u00c7i\u00e7ekli Ku\u015fakl\u0131 Kad\u0131n G\u00f6mlek Tunik"},"content":{"rendered":"<p>LCW EVERYDAY Kahverengi \u00c7i\u00e7ekli Ku\u015fakl\u0131 Kad\u0131n G\u00f6mlek Tunik size \u00f6zel indirim, taksit ve kap\u0131da \u00f6deme avantajlar\u0131yla LCW&#8217;de! Hemen online al\u0131\u015fveri\u015f yap, \u00fcr\u00fcn kap\u0131na gelsin! \u2013 S6HD05Z8-HEX<\/p>\n<p>\u2014 Technical Details \u2014<br \/>\nMen\u015fei: Turk\u0131ye<br \/>\nSat\u0131c\u0131: LC Waikiki<br \/>\nMarka: LCW EVERYDAY<br \/>\n\u00dcr\u00fcn Tipi: G\u00f6mlek Tunik<br \/>\nCinsiyet: Kad\u0131n<br \/>\nDesen: \u00c7i\u00e7ekli<br \/>\nKal\u0131p: Loose &amp; Bol<br \/>\nKol Boyu: Uzun Kollu<br \/>\nKuma\u015f: Jakar<br \/>\nUzunluk: Basen Boy<br \/>\nYaka: G\u00f6mlek Yaka<br \/>\nEk \u00d6zellik: D\u00fc\u011fmeli<br \/>\nV\u00fccut Tipi: B\u00fcy\u00fck Beden<\/p>\n","protected":false},"excerpt":{"rendered":"<p>LCW EVERYDAY Kahverengi \u00c7i\u00e7ekli Ku\u015fakl\u0131 Kad\u0131n G\u00f6mlek Tunik size \u00f6zel indirim, taksit ve kap\u0131da \u00f6deme avantajlar\u0131yla LCW&#8217;de! Hemen online al\u0131\u015fveri\u015f yap, \u00fcr\u00fcn kap\u0131na gelsin! \u2013 S6HD05Z8-HEX \u2014 Technical Details \u2014 Men\u015fei: Turk\u0131ye Sat\u0131c\u0131: LC Waikiki Marka: LCW EVERYDAY \u00dcr\u00fcn Tipi: G\u00f6mlek Tunik Cinsiyet: Kad\u0131n Desen: \u00c7i\u00e7ekli Kal\u0131p: Loose &amp; Bol Kol Boyu: Uzun Kollu Kuma\u015f: [&hellip;]<\/p>\n","protected":false},"featured_media":152493,"comment_status":"open","ping_status":"closed","template":"","meta":[],"product_brand":[],"product_cat":[2050,1909],"product_tag":[7563,7426,7547,7668,7603],"class_list":{"0":"post-152496","1":"product","2":"type-product","3":"status-publish","4":"has-post-thumbnail","6":"product_cat-blazer-ceketler","7":"product_cat-bluzlar-ve-gomlekler","8":"product_tag-buyuk-beden","9":"product_tag-gunluk-giyim-3","10":"product_tag-kadin-giyim","11":"product_tag-kemerli","12":"product_tag-online-alisveris","13":"pa_brand-lcw-everyday","14":"pa_color-kahverengi","15":"pa_size-4701","16":"pa_size-4706","17":"pa_size-4711","18":"pa_size-4713","19":"pa_size-4751","20":"pa_size-4749","21":"pa_size-4747","23":"first","24":"instock","25":"shipping-taxable","26":"purchasable","27":"product-type-variable"},"_links":{"self":[{"href":"https:\/\/mod.wisdar.net\/tr\/wp-json\/wp\/v2\/product\/152496","targetHints":{"allow":["GET"]}}],"collection":[{"href":"https:\/\/mod.wisdar.net\/tr\/wp-json\/wp\/v2\/product"}],"about":[{"href":"https:\/\/mod.wisdar.net\/tr\/wp-json\/wp\/v2\/types\/product"}],"replies":[{"embeddable":true,"href":"https:\/\/mod.wisdar.net\/tr\/wp-json\/wp\/v2\/comments?post=152496"}],"wp:featuredmedia":[{"embeddable":true,"href":"https:\/\/mod.wisdar.net\/tr\/wp-json\/wp\/v2\/media\/152493"}],"wp:attachment":[{"href":"https:\/\/mod.wisdar.net\/tr\/wp-json\/wp\/v2\/media?parent=152496"}],"wp:term":[{"taxonomy":"product_brand","embeddable":true,"href":"https:\/\/mod.wisdar.net\/tr\/wp-json\/wp\/v2\/product_brand?post=152496"},{"taxonomy":"product_cat","embeddable":true,"href":"https:\/\/mod.wisdar.net\/tr\/wp-json\/wp\/v2\/product_cat?post=152496"},{"taxonomy":"product_tag","embeddable":true,"href":"https:\/\/mod.wisdar.net\/tr\/wp-json\/wp\/v2\/product_tag?post=152496"}],"curies":[{"name":"wp","href":"https:\/\/api.w.org\/{rel}","templated":true}]}}