{"id":152544,"date":"2026-02-23T10:38:36","date_gmt":"2026-02-23T10:38:36","guid":{"rendered":"https:\/\/modesthanim.com\/product\/kahverengi-keten-karisimli-kadin-gomlek-tunik\/"},"modified":"2026-04-06T05:02:47","modified_gmt":"2026-04-06T05:02:47","slug":"kahverengi-keten-karisimli-kadin-gomlek-tunik","status":"publish","type":"product","link":"https:\/\/mod.wisdar.net\/tr\/urun\/kahverengi-keten-karisimli-kadin-gomlek-tunik\/","title":{"rendered":"Kahverengi Keten Kar\u0131\u015f\u0131ml\u0131 Kad\u0131n G\u00f6mlek Tunik"},"content":{"rendered":"<p>LCW Modest Kahverengi Keten Kar\u0131\u015f\u0131ml\u0131 Kad\u0131n G\u00f6mlek Tunik size \u00f6zel indirim, taksit ve kap\u0131da \u00f6deme avantajlar\u0131yla LCW&#8217;de! Hemen online al\u0131\u015fveri\u015f yap, \u00fcr\u00fcn kap\u0131na gelsin! \u2013 S6LN63Z8-DJ7<\/p>\n<p>\u2014 Technical Details \u2014<br \/>\nDesen: D\u00fcz<br \/>\nKal\u0131p: Loose &amp; Bol<br \/>\nKol Boyu: Uzun Kollu<br \/>\nKoleksiyon: Tesett\u00fcr Giyim<br \/>\nKuma\u015f: Keten Kar\u0131\u015f\u0131ml\u0131<br \/>\nMalzeme: Y\u00fcksek Pamuk \u0130\u00e7erir<br \/>\nUzunluk: Basen Boy<br \/>\nYaka: G\u00f6mlek Yaka<br \/>\nEk \u00d6zellik: Dokulu<br \/>\nV\u00fccut Tipi: B\u00fcy\u00fck Beden<\/p>\n","protected":false},"excerpt":{"rendered":"<p>LCW Modest Kahverengi Keten Kar\u0131\u015f\u0131ml\u0131 Kad\u0131n G\u00f6mlek Tunik size \u00f6zel indirim, taksit ve kap\u0131da \u00f6deme avantajlar\u0131yla LCW&#8217;de! Hemen online al\u0131\u015fveri\u015f yap, \u00fcr\u00fcn kap\u0131na gelsin! \u2013 S6LN63Z8-DJ7 \u2014 Technical Details \u2014 Desen: D\u00fcz Kal\u0131p: Loose &amp; Bol Kol Boyu: Uzun Kollu Koleksiyon: Tesett\u00fcr Giyim Kuma\u015f: Keten Kar\u0131\u015f\u0131ml\u0131 Malzeme: Y\u00fcksek Pamuk \u0130\u00e7erir Uzunluk: Basen Boy Yaka: G\u00f6mlek [&hellip;]<\/p>\n","protected":false},"featured_media":152538,"comment_status":"open","ping_status":"closed","template":"","meta":[],"product_brand":[],"product_cat":[2050,1909],"product_tag":[7326,7563,6771,7548,6768],"class_list":{"0":"post-152544","1":"product","2":"type-product","3":"status-publish","4":"has-post-thumbnail","6":"product_cat-blazer-ceketler","7":"product_cat-bluzlar-ve-gomlekler","8":"product_tag-bol-kesim","9":"product_tag-buyuk-beden","10":"product_tag-gomlek-yaka","11":"product_tag-mutevazi-moda","12":"product_tag-uzun-kol","13":"pa_brand-lcw-modest","14":"pa_color-kahverengi","15":"pa_size-4701","16":"pa_size-4706","17":"pa_size-4711","18":"pa_size-4713","19":"pa_size-4751","20":"pa_size-4749","21":"pa_size-4747","22":"pa_size-4746","24":"first","25":"instock","26":"shipping-taxable","27":"purchasable","28":"product-type-variable"},"_links":{"self":[{"href":"https:\/\/mod.wisdar.net\/tr\/wp-json\/wp\/v2\/product\/152544","targetHints":{"allow":["GET"]}}],"collection":[{"href":"https:\/\/mod.wisdar.net\/tr\/wp-json\/wp\/v2\/product"}],"about":[{"href":"https:\/\/mod.wisdar.net\/tr\/wp-json\/wp\/v2\/types\/product"}],"replies":[{"embeddable":true,"href":"https:\/\/mod.wisdar.net\/tr\/wp-json\/wp\/v2\/comments?post=152544"}],"wp:featuredmedia":[{"embeddable":true,"href":"https:\/\/mod.wisdar.net\/tr\/wp-json\/wp\/v2\/media\/152538"}],"wp:attachment":[{"href":"https:\/\/mod.wisdar.net\/tr\/wp-json\/wp\/v2\/media?parent=152544"}],"wp:term":[{"taxonomy":"product_brand","embeddable":true,"href":"https:\/\/mod.wisdar.net\/tr\/wp-json\/wp\/v2\/product_brand?post=152544"},{"taxonomy":"product_cat","embeddable":true,"href":"https:\/\/mod.wisdar.net\/tr\/wp-json\/wp\/v2\/product_cat?post=152544"},{"taxonomy":"product_tag","embeddable":true,"href":"https:\/\/mod.wisdar.net\/tr\/wp-json\/wp\/v2\/product_tag?post=152544"}],"curies":[{"name":"wp","href":"https:\/\/api.w.org\/{rel}","templated":true}]}}