{"id":152624,"date":"2026-02-23T10:50:00","date_gmt":"2026-02-23T10:50:00","guid":{"rendered":"https:\/\/modesthanim.com\/product\/indigo-gomlek-yaka-kadin-jean-elbise\/"},"modified":"2026-04-06T05:10:43","modified_gmt":"2026-04-06T05:10:43","slug":"indigo-gomlek-yaka-kadin-jean-elbise","status":"publish","type":"product","link":"https:\/\/mod.wisdar.net\/tr\/urun\/indigo-gomlek-yaka-kadin-jean-elbise\/","title":{"rendered":"\u0130ndigo G\u00f6mlek Yaka Kad\u0131n Jean Elbise"},"content":{"rendered":"<p>LCW Modest \u0130ndigo G\u00f6mlek Yaka Kad\u0131n Jean Elbise size \u00f6zel indirim, taksit ve kap\u0131da \u00f6deme avantajlar\u0131yla LCW&#8217;de! Hemen online al\u0131\u015fveri\u015f yap, \u00fcr\u00fcn kap\u0131na gelsin! \u2013 S6L458Z8-309<\/p>\n<p>\u2014 Technical Details \u2014<br \/>\nMen\u015fei: Turk\u0131ye<br \/>\nSat\u0131c\u0131: LC Waikiki<br \/>\nMarka: LCW Modest<br \/>\n\u00dcr\u00fcn Tipi: Jean Elbise<br \/>\nCinsiyet: Kad\u0131n<br \/>\nKal\u0131p: Standart &amp; Regular<br \/>\nKuma\u015f: Denim<br \/>\nDesen: D\u00fcz<br \/>\nYaka: G\u00f6mlek Yaka<br \/>\nKol Boyu: Uzun Kollu<br \/>\nAstar Detay: Astars\u0131z<br \/>\nUzunluk: Uzun<br \/>\nMalzeme: %100 Pamuk<br \/>\nKoleksiyon: Tesett\u00fcr Giyim<br \/>\nEk \u00d6zellik: D\u00fc\u011fmeli<\/p>\n","protected":false},"excerpt":{"rendered":"<p>LCW Modest \u0130ndigo G\u00f6mlek Yaka Kad\u0131n Jean Elbise size \u00f6zel indirim, taksit ve kap\u0131da \u00f6deme avantajlar\u0131yla LCW&#8217;de! Hemen online al\u0131\u015fveri\u015f yap, \u00fcr\u00fcn kap\u0131na gelsin! \u2013 S6L458Z8-309 \u2014 Technical Details \u2014 Men\u015fei: Turk\u0131ye Sat\u0131c\u0131: LC Waikiki Marka: LCW Modest \u00dcr\u00fcn Tipi: Jean Elbise Cinsiyet: Kad\u0131n Kal\u0131p: Standart &amp; Regular Kuma\u015f: Denim Desen: D\u00fcz Yaka: G\u00f6mlek Yaka [&hellip;]<\/p>\n","protected":false},"featured_media":152612,"comment_status":"open","ping_status":"closed","template":"","meta":[],"product_brand":[],"product_cat":[6249,1933,4077],"product_tag":[6771,7575,4998,6744,7669,7488,7803,6768],"class_list":{"0":"post-152624","1":"product","2":"type-product","3":"status-publish","4":"has-post-thumbnail","6":"product_cat-elbiseler","7":"product_cat-gunluk-ve-gunduz-elbiseleri","8":"product_cat-kot-elbiseler","9":"product_tag-gomlek-yaka","10":"product_tag-gunluk-elbise","11":"product_tag-indigo","12":"product_tag-kadin-modasi","13":"product_tag-kot-elbise","14":"product_tag-pamuk","15":"product_tag-tesettur-giyim","16":"product_tag-uzun-kol","17":"pa_brand-lcw-modest","18":"pa_color-indigo","19":"pa_size-2xl","20":"pa_size-3xl","21":"pa_size-4xl","22":"pa_size-l","23":"pa_size-m","24":"pa_size-s","25":"pa_size-xl","27":"first","28":"instock","29":"shipping-taxable","30":"purchasable","31":"product-type-variable"},"_links":{"self":[{"href":"https:\/\/mod.wisdar.net\/tr\/wp-json\/wp\/v2\/product\/152624","targetHints":{"allow":["GET"]}}],"collection":[{"href":"https:\/\/mod.wisdar.net\/tr\/wp-json\/wp\/v2\/product"}],"about":[{"href":"https:\/\/mod.wisdar.net\/tr\/wp-json\/wp\/v2\/types\/product"}],"replies":[{"embeddable":true,"href":"https:\/\/mod.wisdar.net\/tr\/wp-json\/wp\/v2\/comments?post=152624"}],"wp:featuredmedia":[{"embeddable":true,"href":"https:\/\/mod.wisdar.net\/tr\/wp-json\/wp\/v2\/media\/152612"}],"wp:attachment":[{"href":"https:\/\/mod.wisdar.net\/tr\/wp-json\/wp\/v2\/media?parent=152624"}],"wp:term":[{"taxonomy":"product_brand","embeddable":true,"href":"https:\/\/mod.wisdar.net\/tr\/wp-json\/wp\/v2\/product_brand?post=152624"},{"taxonomy":"product_cat","embeddable":true,"href":"https:\/\/mod.wisdar.net\/tr\/wp-json\/wp\/v2\/product_cat?post=152624"},{"taxonomy":"product_tag","embeddable":true,"href":"https:\/\/mod.wisdar.net\/tr\/wp-json\/wp\/v2\/product_tag?post=152624"}],"curies":[{"name":"wp","href":"https:\/\/api.w.org\/{rel}","templated":true}]}}