{"id":152632,"date":"2026-02-23T10:50:00","date_gmt":"2026-02-23T10:50:00","guid":{"rendered":"https:\/\/modesthanim.com\/product\/ekru-dokulu-keten-karisimli-kadin-gomlek-tunik\/"},"modified":"2026-02-23T10:50:51","modified_gmt":"2026-02-23T10:50:51","slug":"ekru-dokulu-keten-karisimli-kadin-gomlek-tunik","status":"publish","type":"product","link":"https:\/\/mod.wisdar.net\/tr\/urun\/ekru-dokulu-keten-karisimli-kadin-gomlek-tunik\/","title":{"rendered":"Ekru Dokulu Keten Kar\u0131\u015f\u0131ml\u0131 Kad\u0131n G\u00f6mlek Tunik"},"content":{"rendered":"<p>LCW Modest Ekru Dokulu Keten Kar\u0131\u015f\u0131ml\u0131 Kad\u0131n G\u00f6mlek Tunik size \u00f6zel indirim, taksit ve kap\u0131da \u00f6deme avantajlar\u0131yla LCW&#8217;de! Hemen online al\u0131\u015fveri\u015f yap, \u00fcr\u00fcn kap\u0131na gelsin! \u2013 S6LN63Z8-EEW<\/p>\n<p>\u2014 Technical Details \u2014<br \/>\nMen\u015fei: Turk\u0131ye<br \/>\nSat\u0131c\u0131: LC Waikiki<br \/>\nMarka: LCW Modest<br \/>\n\u00dcr\u00fcn Tipi: G\u00f6mlek Tunik<br \/>\nCinsiyet: Kad\u0131n<br \/>\nDesen: D\u00fcz<br \/>\nKal\u0131p: Loose &amp; Bol<br \/>\nKol Boyu: Uzun Kollu<br \/>\nKoleksiyon: Tesett\u00fcr Giyim<br \/>\nKuma\u015f: Keten Kar\u0131\u015f\u0131ml\u0131<br \/>\nMalzeme: Y\u00fcksek Pamuk \u0130\u00e7erir<br \/>\nUzunluk: Basen Boy<br \/>\nYaka: G\u00f6mlek Yaka<br \/>\nEk \u00d6zellik: Dokulu<br \/>\nV\u00fccut Tipi: B\u00fcy\u00fck Beden<\/p>\n","protected":false},"excerpt":{"rendered":"<p>LCW Modest Ekru Dokulu Keten Kar\u0131\u015f\u0131ml\u0131 Kad\u0131n G\u00f6mlek Tunik size \u00f6zel indirim, taksit ve kap\u0131da \u00f6deme avantajlar\u0131yla LCW&#8217;de! Hemen online al\u0131\u015fveri\u015f yap, \u00fcr\u00fcn kap\u0131na gelsin! \u2013 S6LN63Z8-EEW \u2014 Technical Details \u2014 Men\u015fei: Turk\u0131ye Sat\u0131c\u0131: LC Waikiki Marka: LCW Modest \u00dcr\u00fcn Tipi: G\u00f6mlek Tunik Cinsiyet: Kad\u0131n Desen: D\u00fcz Kal\u0131p: Loose &amp; Bol Kol Boyu: Uzun Kollu [&hellip;]<\/p>\n","protected":false},"featured_media":152613,"comment_status":"open","ping_status":"closed","template":"","meta":[],"product_brand":[],"product_cat":[2050,1909],"product_tag":[7326,7563,6757,7547,7548,6768],"class_list":{"0":"post-152632","1":"product","2":"type-product","3":"status-publish","4":"has-post-thumbnail","6":"product_cat-blazer-ceketler","7":"product_cat-bluzlar-ve-gomlekler","8":"product_tag-bol-kesim","9":"product_tag-buyuk-beden","10":"product_tag-ekru","11":"product_tag-kadin-giyim","12":"product_tag-mutevazi-moda","13":"product_tag-uzun-kol","14":"pa_brand-lcw-modest","15":"pa_color-ekru","16":"pa_size-4701","17":"pa_size-4706","18":"pa_size-4711","19":"pa_size-4713","20":"pa_size-4751","21":"pa_size-4749","22":"pa_size-4747","23":"pa_size-4746","25":"first","26":"instock","27":"shipping-taxable","28":"purchasable","29":"product-type-variable"},"_links":{"self":[{"href":"https:\/\/mod.wisdar.net\/tr\/wp-json\/wp\/v2\/product\/152632","targetHints":{"allow":["GET"]}}],"collection":[{"href":"https:\/\/mod.wisdar.net\/tr\/wp-json\/wp\/v2\/product"}],"about":[{"href":"https:\/\/mod.wisdar.net\/tr\/wp-json\/wp\/v2\/types\/product"}],"replies":[{"embeddable":true,"href":"https:\/\/mod.wisdar.net\/tr\/wp-json\/wp\/v2\/comments?post=152632"}],"wp:featuredmedia":[{"embeddable":true,"href":"https:\/\/mod.wisdar.net\/tr\/wp-json\/wp\/v2\/media\/152613"}],"wp:attachment":[{"href":"https:\/\/mod.wisdar.net\/tr\/wp-json\/wp\/v2\/media?parent=152632"}],"wp:term":[{"taxonomy":"product_brand","embeddable":true,"href":"https:\/\/mod.wisdar.net\/tr\/wp-json\/wp\/v2\/product_brand?post=152632"},{"taxonomy":"product_cat","embeddable":true,"href":"https:\/\/mod.wisdar.net\/tr\/wp-json\/wp\/v2\/product_cat?post=152632"},{"taxonomy":"product_tag","embeddable":true,"href":"https:\/\/mod.wisdar.net\/tr\/wp-json\/wp\/v2\/product_tag?post=152632"}],"curies":[{"name":"wp","href":"https:\/\/api.w.org\/{rel}","templated":true}]}}