{"id":152689,"date":"2026-02-23T10:51:46","date_gmt":"2026-02-23T10:51:46","guid":{"rendered":"https:\/\/modesthanim.com\/product\/bordo-deri-gorunumlu-kadin-kol-cantasi\/"},"modified":"2026-03-05T18:33:34","modified_gmt":"2026-03-05T18:33:34","slug":"bordo-deri-gorunumlu-kadin-kol-cantasi","status":"publish","type":"product","link":"https:\/\/mod.wisdar.net\/tr\/urun\/bordo-deri-gorunumlu-kadin-kol-cantasi\/","title":{"rendered":"Bordo Deri G\u00f6r\u00fcn\u00fcml\u00fc Kad\u0131n Kol \u00c7antas\u0131"},"content":{"rendered":"<p>LCW ACCESSORIES Bordo Deri G\u00f6r\u00fcn\u00fcml\u00fc Kad\u0131n Kol \u00c7antas\u0131 size \u00f6zel indirim, taksit ve kap\u0131da \u00f6deme avantajlar\u0131yla LCW&#8217;de! Hemen online al\u0131\u015fveri\u015f yap, \u00fcr\u00fcn kap\u0131na gelsin! \u2013 W5NB03Z8-JAV<\/p>\n<p>\u2014 Technical Details \u2014<br \/>\nmaterial: Suni Deri<br \/>\npattern: D\u00fcz<br \/>\ngender: Kad\u0131n<br \/>\norigin: T\u00fcrkiye<br \/>\nproduct_type: Kol \u00c7antas\u0131<\/p>\n","protected":false},"excerpt":{"rendered":"<p>LCW ACCESSORIES Bordo Deri G\u00f6r\u00fcn\u00fcml\u00fc Kad\u0131n Kol \u00c7antas\u0131 size \u00f6zel indirim, taksit ve kap\u0131da \u00f6deme avantajlar\u0131yla LCW&#8217;de! Hemen online al\u0131\u015fveri\u015f yap, \u00fcr\u00fcn kap\u0131na gelsin! \u2013 W5NB03Z8-JAV \u2014 Technical Details \u2014 material: Suni Deri pattern: D\u00fcz gender: Kad\u0131n origin: T\u00fcrkiye product_type: Kol \u00c7antas\u0131<\/p>\n","protected":false},"featured_media":152682,"comment_status":"open","ping_status":"closed","template":"","meta":[],"product_brand":[],"product_cat":[6960,6957],"product_tag":[],"class_list":{"0":"post-152689","1":"product","2":"type-product","3":"status-publish","4":"has-post-thumbnail","6":"product_cat-cantalar","7":"product_cat-cantalar-el-cantalari","8":"pa_color-haki","9":"pa_size-standart","11":"first","12":"outofstock","13":"shipping-taxable","14":"product-type-variable"},"_links":{"self":[{"href":"https:\/\/mod.wisdar.net\/tr\/wp-json\/wp\/v2\/product\/152689","targetHints":{"allow":["GET"]}}],"collection":[{"href":"https:\/\/mod.wisdar.net\/tr\/wp-json\/wp\/v2\/product"}],"about":[{"href":"https:\/\/mod.wisdar.net\/tr\/wp-json\/wp\/v2\/types\/product"}],"replies":[{"embeddable":true,"href":"https:\/\/mod.wisdar.net\/tr\/wp-json\/wp\/v2\/comments?post=152689"}],"wp:featuredmedia":[{"embeddable":true,"href":"https:\/\/mod.wisdar.net\/tr\/wp-json\/wp\/v2\/media\/152682"}],"wp:attachment":[{"href":"https:\/\/mod.wisdar.net\/tr\/wp-json\/wp\/v2\/media?parent=152689"}],"wp:term":[{"taxonomy":"product_brand","embeddable":true,"href":"https:\/\/mod.wisdar.net\/tr\/wp-json\/wp\/v2\/product_brand?post=152689"},{"taxonomy":"product_cat","embeddable":true,"href":"https:\/\/mod.wisdar.net\/tr\/wp-json\/wp\/v2\/product_cat?post=152689"},{"taxonomy":"product_tag","embeddable":true,"href":"https:\/\/mod.wisdar.net\/tr\/wp-json\/wp\/v2\/product_tag?post=152689"}],"curies":[{"name":"wp","href":"https:\/\/api.w.org\/{rel}","templated":true}]}}