{"id":152696,"date":"2026-02-23T10:52:00","date_gmt":"2026-02-23T10:52:00","guid":{"rendered":"https:\/\/modesthanim.com\/product\/siyah-suni-deri-kadin-omuz-cantasi\/"},"modified":"2026-03-30T05:01:05","modified_gmt":"2026-03-30T05:01:05","slug":"siyah-suni-deri-kadin-omuz-cantasi","status":"publish","type":"product","link":"https:\/\/mod.wisdar.net\/tr\/urun\/siyah-suni-deri-kadin-omuz-cantasi\/","title":{"rendered":"Siyah Suni Deri Kad\u0131n Omuz \u00c7antas\u0131"},"content":{"rendered":"<p>LCW ACCESSORIES Siyah Suni Deri Kad\u0131n Omuz \u00c7antas\u0131 size \u00f6zel indirim, taksit ve kap\u0131da \u00f6deme avantajlar\u0131yla LCW&#8217;de! Hemen online al\u0131\u015fveri\u015f yap, \u00fcr\u00fcn kap\u0131na gelsin! \u2013 W5OA31Z8-RQL<\/p>\n<p>\u2014 Technical Details \u2014<br \/>\nMen\u015fei: Turk\u0131ye<br \/>\nSat\u0131c\u0131: LC Waikiki<br \/>\nMarka: LCW ACCESSORIES<br \/>\n\u00dcr\u00fcn Tipi: Omuz \u00c7antas\u0131<br \/>\nCinsiyet: Kad\u0131n<br \/>\nDesen: D\u00fcz<br \/>\nKal\u0131p: Standart &amp; Regular<br \/>\nKal\u0131nl\u0131k: \u0130nce<\/p>\n","protected":false},"excerpt":{"rendered":"<p>LCW ACCESSORIES Siyah Suni Deri Kad\u0131n Omuz \u00c7antas\u0131 size \u00f6zel indirim, taksit ve kap\u0131da \u00f6deme avantajlar\u0131yla LCW&#8217;de! Hemen online al\u0131\u015fveri\u015f yap, \u00fcr\u00fcn kap\u0131na gelsin! \u2013 W5OA31Z8-RQL \u2014 Technical Details \u2014 Men\u015fei: Turk\u0131ye Sat\u0131c\u0131: LC Waikiki Marka: LCW ACCESSORIES \u00dcr\u00fcn Tipi: Omuz \u00c7antas\u0131 Cinsiyet: Kad\u0131n Desen: D\u00fcz Kal\u0131p: Standart &amp; Regular Kal\u0131nl\u0131k: \u0130nce<\/p>\n","protected":false},"featured_media":152692,"comment_status":"open","ping_status":"closed","template":"","meta":[],"product_brand":[],"product_cat":[6960,6957],"product_tag":[7016,6995,6980,7130,6998],"class_list":{"0":"post-152696","1":"product","2":"type-product","3":"status-publish","4":"has-post-thumbnail","6":"product_cat-cantalar","7":"product_cat-cantalar-el-cantalari","8":"product_tag-kadin-cantasi","9":"product_tag-moda-aksesuari","10":"product_tag-omuz-cantasi","11":"product_tag-siyah-canta","12":"product_tag-suni-deri","13":"pa_brand-lcw-accessories","14":"pa_color-bordo","15":"pa_size-standart","17":"first","18":"outofstock","19":"shipping-taxable","20":"product-type-variable"},"_links":{"self":[{"href":"https:\/\/mod.wisdar.net\/tr\/wp-json\/wp\/v2\/product\/152696","targetHints":{"allow":["GET"]}}],"collection":[{"href":"https:\/\/mod.wisdar.net\/tr\/wp-json\/wp\/v2\/product"}],"about":[{"href":"https:\/\/mod.wisdar.net\/tr\/wp-json\/wp\/v2\/types\/product"}],"replies":[{"embeddable":true,"href":"https:\/\/mod.wisdar.net\/tr\/wp-json\/wp\/v2\/comments?post=152696"}],"wp:featuredmedia":[{"embeddable":true,"href":"https:\/\/mod.wisdar.net\/tr\/wp-json\/wp\/v2\/media\/152692"}],"wp:attachment":[{"href":"https:\/\/mod.wisdar.net\/tr\/wp-json\/wp\/v2\/media?parent=152696"}],"wp:term":[{"taxonomy":"product_brand","embeddable":true,"href":"https:\/\/mod.wisdar.net\/tr\/wp-json\/wp\/v2\/product_brand?post=152696"},{"taxonomy":"product_cat","embeddable":true,"href":"https:\/\/mod.wisdar.net\/tr\/wp-json\/wp\/v2\/product_cat?post=152696"},{"taxonomy":"product_tag","embeddable":true,"href":"https:\/\/mod.wisdar.net\/tr\/wp-json\/wp\/v2\/product_tag?post=152696"}],"curies":[{"name":"wp","href":"https:\/\/api.w.org\/{rel}","templated":true}]}}