{"id":152734,"date":"2026-02-23T10:53:00","date_gmt":"2026-02-23T10:53:00","guid":{"rendered":"https:\/\/modesthanim.com\/product\/kahverengi-kadin-omuz-cantasi\/"},"modified":"2026-02-23T13:03:25","modified_gmt":"2026-02-23T13:03:25","slug":"kahverengi-kadin-omuz-cantasi","status":"publish","type":"product","link":"https:\/\/mod.wisdar.net\/tr\/urun\/kahverengi-kadin-omuz-cantasi\/","title":{"rendered":"Kahverengi Kad\u0131n Omuz \u00c7antas\u0131"},"content":{"rendered":"<p>LCW ACCESSORIES Kahverengi Kad\u0131n Omuz \u00c7antas\u0131 size \u00f6zel indirim, taksit ve kap\u0131da \u00f6deme avantajlar\u0131yla LCW&#8217;de! Hemen online al\u0131\u015fveri\u015f yap, \u00fcr\u00fcn kap\u0131na gelsin! \u2013 W5J698Z8-HKQ<\/p>\n<p>\u2014 Technical Details \u2014<br \/>\nMen\u015fei: Turk\u0131ye<br \/>\nSat\u0131c\u0131: LC Waikiki<br \/>\nMarka: LCW ACCESSORIES<br \/>\n\u00dcr\u00fcn Tipi: Omuz \u00c7antas\u0131<br \/>\nCinsiyet: Kad\u0131n<br \/>\nKuma\u015f: Para\u015f\u00fct Kuma\u015f\u0131<br \/>\nDesen: D\u00fcz<br \/>\n\u00dcr\u00fcn Ebat: 29x41x15 cm<\/p>\n","protected":false},"excerpt":{"rendered":"<p>LCW ACCESSORIES Kahverengi Kad\u0131n Omuz \u00c7antas\u0131 size \u00f6zel indirim, taksit ve kap\u0131da \u00f6deme avantajlar\u0131yla LCW&#8217;de! Hemen online al\u0131\u015fveri\u015f yap, \u00fcr\u00fcn kap\u0131na gelsin! \u2013 W5J698Z8-HKQ \u2014 Technical Details \u2014 Men\u015fei: Turk\u0131ye Sat\u0131c\u0131: LC Waikiki Marka: LCW ACCESSORIES \u00dcr\u00fcn Tipi: Omuz \u00c7antas\u0131 Cinsiyet: Kad\u0131n Kuma\u015f: Para\u015f\u00fct Kuma\u015f\u0131 Desen: D\u00fcz \u00dcr\u00fcn Ebat: 29x41x15 cm<\/p>\n","protected":false},"featured_media":152726,"comment_status":"open","ping_status":"closed","template":"","meta":[],"product_brand":[],"product_cat":[6960,6957],"product_tag":[7016,7087,6995,6980],"class_list":{"0":"post-152734","1":"product","2":"type-product","3":"status-publish","4":"has-post-thumbnail","6":"product_cat-cantalar","7":"product_cat-cantalar-el-cantalari","8":"product_tag-kadin-cantasi","9":"product_tag-kahverengi-canta","10":"product_tag-moda-aksesuari","11":"product_tag-omuz-cantasi","12":"pa_color-siyah","13":"pa_size-standart","15":"first","16":"outofstock","17":"shipping-taxable","18":"product-type-variable"},"_links":{"self":[{"href":"https:\/\/mod.wisdar.net\/tr\/wp-json\/wp\/v2\/product\/152734","targetHints":{"allow":["GET"]}}],"collection":[{"href":"https:\/\/mod.wisdar.net\/tr\/wp-json\/wp\/v2\/product"}],"about":[{"href":"https:\/\/mod.wisdar.net\/tr\/wp-json\/wp\/v2\/types\/product"}],"replies":[{"embeddable":true,"href":"https:\/\/mod.wisdar.net\/tr\/wp-json\/wp\/v2\/comments?post=152734"}],"wp:featuredmedia":[{"embeddable":true,"href":"https:\/\/mod.wisdar.net\/tr\/wp-json\/wp\/v2\/media\/152726"}],"wp:attachment":[{"href":"https:\/\/mod.wisdar.net\/tr\/wp-json\/wp\/v2\/media?parent=152734"}],"wp:term":[{"taxonomy":"product_brand","embeddable":true,"href":"https:\/\/mod.wisdar.net\/tr\/wp-json\/wp\/v2\/product_brand?post=152734"},{"taxonomy":"product_cat","embeddable":true,"href":"https:\/\/mod.wisdar.net\/tr\/wp-json\/wp\/v2\/product_cat?post=152734"},{"taxonomy":"product_tag","embeddable":true,"href":"https:\/\/mod.wisdar.net\/tr\/wp-json\/wp\/v2\/product_tag?post=152734"}],"curies":[{"name":"wp","href":"https:\/\/api.w.org\/{rel}","templated":true}]}}