{"id":152771,"date":"2026-02-23T10:54:13","date_gmt":"2026-02-23T10:54:13","guid":{"rendered":"https:\/\/modesthanim.com\/product\/bordo-deri-gorunumlu-kadin-omuz-cantasi\/"},"modified":"2026-02-23T13:04:45","modified_gmt":"2026-02-23T13:04:45","slug":"bordo-deri-gorunumlu-kadin-omuz-cantasi","status":"publish","type":"product","link":"https:\/\/mod.wisdar.net\/tr\/urun\/bordo-deri-gorunumlu-kadin-omuz-cantasi\/","title":{"rendered":"Bordo Deri G\u00f6r\u00fcn\u00fcml\u00fc Kad\u0131n Omuz \u00c7antas\u0131"},"content":{"rendered":"<p>LCW ACCESSORIES Bordo Deri G\u00f6r\u00fcn\u00fcml\u00fc Kad\u0131n Omuz \u00c7antas\u0131 size \u00f6zel indirim, taksit ve kap\u0131da \u00f6deme avantajlar\u0131yla LCW&#8217;de! Hemen online al\u0131\u015fveri\u015f yap, \u00fcr\u00fcn kap\u0131na gelsin! \u2013 W5J612Z8-HFA<\/p>\n<p>\u2014 Technical Details \u2014<br \/>\nMen\u015fei: Turk\u0131ye<br \/>\nSat\u0131c\u0131: LC Waikiki<br \/>\nMarka: LCW ACCESSORIES<br \/>\n\u00dcr\u00fcn Tipi: Omuz \u00c7antas\u0131<br \/>\nCinsiyet: Kad\u0131n<br \/>\nKuma\u015f: Suni Deri<br \/>\nDesen: D\u00fcz<br \/>\n\u00dcr\u00fcn Ebat: 20x17x12 cm<br \/>\nKal\u0131nl\u0131k: Orta Kal\u0131nl\u0131k<\/p>\n","protected":false},"excerpt":{"rendered":"<p>LCW ACCESSORIES Bordo Deri G\u00f6r\u00fcn\u00fcml\u00fc Kad\u0131n Omuz \u00c7antas\u0131 size \u00f6zel indirim, taksit ve kap\u0131da \u00f6deme avantajlar\u0131yla LCW&#8217;de! Hemen online al\u0131\u015fveri\u015f yap, \u00fcr\u00fcn kap\u0131na gelsin! \u2013 W5J612Z8-HFA \u2014 Technical Details \u2014 Men\u015fei: Turk\u0131ye Sat\u0131c\u0131: LC Waikiki Marka: LCW ACCESSORIES \u00dcr\u00fcn Tipi: Omuz \u00c7antas\u0131 Cinsiyet: Kad\u0131n Kuma\u015f: Suni Deri Desen: D\u00fcz \u00dcr\u00fcn Ebat: 20x17x12 cm Kal\u0131nl\u0131k: Orta [&hellip;]<\/p>\n","protected":false},"featured_media":152767,"comment_status":"open","ping_status":"closed","template":"","meta":[],"product_brand":[],"product_cat":[6960,6957],"product_tag":[7016,7604,6995,6980,6998],"class_list":{"0":"post-152771","1":"product","2":"type-product","3":"status-publish","4":"has-post-thumbnail","6":"product_cat-cantalar","7":"product_cat-cantalar-el-cantalari","8":"product_tag-kadin-cantasi","9":"product_tag-lcw","10":"product_tag-moda-aksesuari","11":"product_tag-omuz-cantasi","12":"product_tag-suni-deri","13":"pa_color-siyah","14":"pa_size-standart","16":"first","17":"outofstock","18":"shipping-taxable","19":"product-type-variable"},"_links":{"self":[{"href":"https:\/\/mod.wisdar.net\/tr\/wp-json\/wp\/v2\/product\/152771","targetHints":{"allow":["GET"]}}],"collection":[{"href":"https:\/\/mod.wisdar.net\/tr\/wp-json\/wp\/v2\/product"}],"about":[{"href":"https:\/\/mod.wisdar.net\/tr\/wp-json\/wp\/v2\/types\/product"}],"replies":[{"embeddable":true,"href":"https:\/\/mod.wisdar.net\/tr\/wp-json\/wp\/v2\/comments?post=152771"}],"wp:featuredmedia":[{"embeddable":true,"href":"https:\/\/mod.wisdar.net\/tr\/wp-json\/wp\/v2\/media\/152767"}],"wp:attachment":[{"href":"https:\/\/mod.wisdar.net\/tr\/wp-json\/wp\/v2\/media?parent=152771"}],"wp:term":[{"taxonomy":"product_brand","embeddable":true,"href":"https:\/\/mod.wisdar.net\/tr\/wp-json\/wp\/v2\/product_brand?post=152771"},{"taxonomy":"product_cat","embeddable":true,"href":"https:\/\/mod.wisdar.net\/tr\/wp-json\/wp\/v2\/product_cat?post=152771"},{"taxonomy":"product_tag","embeddable":true,"href":"https:\/\/mod.wisdar.net\/tr\/wp-json\/wp\/v2\/product_tag?post=152771"}],"curies":[{"name":"wp","href":"https:\/\/api.w.org\/{rel}","templated":true}]}}