{"id":152810,"date":"2026-02-23T10:55:30","date_gmt":"2026-02-23T10:55:30","guid":{"rendered":"https:\/\/modesthanim.com\/product\/kahverengi-deri-gorunumlu-kadin-omuz-cantasi\/"},"modified":"2026-03-18T14:42:09","modified_gmt":"2026-03-18T14:42:09","slug":"kahverengi-deri-gorunumlu-kadin-omuz-cantasi","status":"publish","type":"product","link":"https:\/\/mod.wisdar.net\/tr\/urun\/kahverengi-deri-gorunumlu-kadin-omuz-cantasi\/","title":{"rendered":"Kahverengi Deri G\u00f6r\u00fcn\u00fcml\u00fc Kad\u0131n Omuz \u00c7antas\u0131"},"content":{"rendered":"<p>LCW ACCESSORIES Kahverengi Deri G\u00f6r\u00fcn\u00fcml\u00fc Kad\u0131n Omuz \u00c7antas\u0131 size \u00f6zel indirim, taksit ve kap\u0131da \u00f6deme avantajlar\u0131yla LCW&#8217;de! Hemen online al\u0131\u015fveri\u015f yap, \u00fcr\u00fcn kap\u0131na gelsin! \u2013 W5NO18Z8-HKQ<\/p>\n<p>\u2014 Technical Details \u2014<br \/>\nAstar: %100 Poliester<br \/>\nKaplama: %100 POL\u0130V\u0130N\u0130LKLOR\u00dcR<br \/>\nZemin Kuma\u015f\u0131: %100 Poliester<br \/>\nMen\u015fei: Turk\u0131ye<br \/>\n\u00dcr\u00fcn Tipi: Omuz \u00c7antas\u0131<br \/>\nCinsiyet: Kad\u0131n<br \/>\nDesen: D\u00fcz<\/p>\n","protected":false},"excerpt":{"rendered":"<p>LCW ACCESSORIES Kahverengi Deri G\u00f6r\u00fcn\u00fcml\u00fc Kad\u0131n Omuz \u00c7antas\u0131 size \u00f6zel indirim, taksit ve kap\u0131da \u00f6deme avantajlar\u0131yla LCW&#8217;de! Hemen online al\u0131\u015fveri\u015f yap, \u00fcr\u00fcn kap\u0131na gelsin! \u2013 W5NO18Z8-HKQ \u2014 Technical Details \u2014 Astar: %100 Poliester Kaplama: %100 POL\u0130V\u0130N\u0130LKLOR\u00dcR Zemin Kuma\u015f\u0131: %100 Poliester Men\u015fei: Turk\u0131ye \u00dcr\u00fcn Tipi: Omuz \u00c7antas\u0131 Cinsiyet: Kad\u0131n Desen: D\u00fcz<\/p>\n","protected":false},"featured_media":152804,"comment_status":"open","ping_status":"closed","template":"","meta":[],"product_brand":[],"product_cat":[6960,6957],"product_tag":[7016,7087,6995,6980,6998],"class_list":{"0":"post-152810","1":"product","2":"type-product","3":"status-publish","4":"has-post-thumbnail","6":"product_cat-cantalar","7":"product_cat-cantalar-el-cantalari","8":"product_tag-kadin-cantasi","9":"product_tag-kahverengi-canta","10":"product_tag-moda-aksesuari","11":"product_tag-omuz-cantasi","12":"product_tag-suni-deri","13":"pa_color-kahverengi","14":"pa_size-standart","16":"first","17":"outofstock","18":"shipping-taxable","19":"product-type-variable"},"_links":{"self":[{"href":"https:\/\/mod.wisdar.net\/tr\/wp-json\/wp\/v2\/product\/152810","targetHints":{"allow":["GET"]}}],"collection":[{"href":"https:\/\/mod.wisdar.net\/tr\/wp-json\/wp\/v2\/product"}],"about":[{"href":"https:\/\/mod.wisdar.net\/tr\/wp-json\/wp\/v2\/types\/product"}],"replies":[{"embeddable":true,"href":"https:\/\/mod.wisdar.net\/tr\/wp-json\/wp\/v2\/comments?post=152810"}],"wp:featuredmedia":[{"embeddable":true,"href":"https:\/\/mod.wisdar.net\/tr\/wp-json\/wp\/v2\/media\/152804"}],"wp:attachment":[{"href":"https:\/\/mod.wisdar.net\/tr\/wp-json\/wp\/v2\/media?parent=152810"}],"wp:term":[{"taxonomy":"product_brand","embeddable":true,"href":"https:\/\/mod.wisdar.net\/tr\/wp-json\/wp\/v2\/product_brand?post=152810"},{"taxonomy":"product_cat","embeddable":true,"href":"https:\/\/mod.wisdar.net\/tr\/wp-json\/wp\/v2\/product_cat?post=152810"},{"taxonomy":"product_tag","embeddable":true,"href":"https:\/\/mod.wisdar.net\/tr\/wp-json\/wp\/v2\/product_tag?post=152810"}],"curies":[{"name":"wp","href":"https:\/\/api.w.org\/{rel}","templated":true}]}}