{"id":152929,"date":"2026-02-23T11:38:40","date_gmt":"2026-02-23T11:38:40","guid":{"rendered":"https:\/\/modesthanim.com\/product\/tisort-buzgu-detayli-kisa-kollu-bisiklet-yaka\/"},"modified":"2026-03-03T07:51:02","modified_gmt":"2026-03-03T07:51:02","slug":"tisort-buzgu-detayli-kisa-kollu-bisiklet-yaka","status":"publish","type":"product","link":"https:\/\/mod.wisdar.net\/tr\/urun\/tisort-buzgu-detayli-kisa-kollu-bisiklet-yaka\/","title":{"rendered":"Ti\u015f\u00f6rt B\u00fczg\u00fc Detayl\u0131 K\u0131sa Kollu Bisiklet Yaka"},"content":{"rendered":"<p>Yan\u0131 b\u00fczg\u00fc detayl\u0131, k\u0131sa kollu, bisiklet yaka ti\u015f\u00f6rt \u015f\u0131k tasar\u0131m\u0131 sayesinde farkl\u0131 par\u00e7alarla m\u00fckemmel bir uyum yakal\u0131yor. K\u0131z \u00e7ocuklar\u0131 Koton \u00e7ocuk ti\u015f\u00f6rt tasar\u0131mlar\u0131n\u0131 severek diledikleri her an konforla kullan\u0131yor!<\/p>\n<p>\u2014 Technical Details \u2014<br \/>\nKuma\u015f: %6 ELASTAN, %94 PAMUK<br \/>\nKol Boyu: K\u0131sa Kol<br \/>\nKol Tipi: D\u00fc\u015f\u00fck Omuz<br \/>\nYaka Tipi: Bisiklet Yaka<br \/>\nSil\u00fcet: Boxy<br \/>\n\u00dcr\u00fcn Tipi \/ Stil: Boxy<br \/>\n\u00dcr\u00fcn\u00fcn Alt Markas\u0131: Kidswear<br \/>\nSat\u0131c\u0131\/\u0130malat\u00e7\u0131\/\u0130thalat\u00e7\u0131 \u0130smi: Koton Ma\u011fazac\u0131l\u0131k Tekstil Sanayi ve Ticaret A.\u015e.<br \/>\nPosta Adresi: Ayaza\u011fa Mah. Maslak Ayaza\u011fa Cad. No:3 \u0130\u00e7 Kap\u0131 No:5 Sar\u0131yer\/\u0130stanbul<br \/>\nE-Posta Adresi: mim@koton.com<\/p>\n","protected":false},"excerpt":{"rendered":"<p>Yan\u0131 b\u00fczg\u00fc detayl\u0131, k\u0131sa kollu, bisiklet yaka ti\u015f\u00f6rt \u015f\u0131k tasar\u0131m\u0131 sayesinde farkl\u0131 par\u00e7alarla m\u00fckemmel bir uyum yakal\u0131yor. K\u0131z \u00e7ocuklar\u0131 Koton \u00e7ocuk ti\u015f\u00f6rt tasar\u0131mlar\u0131n\u0131 severek diledikleri her an konforla kullan\u0131yor! \u2014 Technical Details \u2014 Kuma\u015f: %6 ELASTAN, %94 PAMUK Kol Boyu: K\u0131sa Kol Kol Tipi: D\u00fc\u015f\u00fck Omuz Yaka Tipi: Bisiklet Yaka Sil\u00fcet: Boxy \u00dcr\u00fcn Tipi \/ [&hellip;]<\/p>\n","protected":false},"featured_media":152923,"comment_status":"open","ping_status":"closed","template":"","meta":[],"product_brand":[],"product_cat":[8715,8694,8724],"product_tag":[],"class_list":{"0":"post-152929","1":"product","2":"type-product","3":"status-publish","4":"has-post-thumbnail","6":"product_cat-kiz-cocuklari-2-14-yas","7":"product_cat-cocuklar","8":"product_cat-tisortler-bluzlar","9":"pa_brand-koton","10":"pa_color-yesil","11":"pa_size-11-12-yas-2","12":"pa_size-13-14-yas-2","13":"pa_size-5-6-yas-2","14":"pa_size-6-7-yas-2","15":"pa_size-7-8-yas-2","16":"pa_size-9-10-yas-2","18":"first","19":"instock","20":"sale","21":"shipping-taxable","22":"purchasable","23":"product-type-variable"},"_links":{"self":[{"href":"https:\/\/mod.wisdar.net\/tr\/wp-json\/wp\/v2\/product\/152929","targetHints":{"allow":["GET"]}}],"collection":[{"href":"https:\/\/mod.wisdar.net\/tr\/wp-json\/wp\/v2\/product"}],"about":[{"href":"https:\/\/mod.wisdar.net\/tr\/wp-json\/wp\/v2\/types\/product"}],"replies":[{"embeddable":true,"href":"https:\/\/mod.wisdar.net\/tr\/wp-json\/wp\/v2\/comments?post=152929"}],"wp:featuredmedia":[{"embeddable":true,"href":"https:\/\/mod.wisdar.net\/tr\/wp-json\/wp\/v2\/media\/152923"}],"wp:attachment":[{"href":"https:\/\/mod.wisdar.net\/tr\/wp-json\/wp\/v2\/media?parent=152929"}],"wp:term":[{"taxonomy":"product_brand","embeddable":true,"href":"https:\/\/mod.wisdar.net\/tr\/wp-json\/wp\/v2\/product_brand?post=152929"},{"taxonomy":"product_cat","embeddable":true,"href":"https:\/\/mod.wisdar.net\/tr\/wp-json\/wp\/v2\/product_cat?post=152929"},{"taxonomy":"product_tag","embeddable":true,"href":"https:\/\/mod.wisdar.net\/tr\/wp-json\/wp\/v2\/product_tag?post=152929"}],"curies":[{"name":"wp","href":"https:\/\/api.w.org\/{rel}","templated":true}]}}