{"id":152959,"date":"2026-02-23T11:39:03","date_gmt":"2026-02-23T11:39:03","guid":{"rendered":"https:\/\/modesthanim.com\/product\/kiz-cocuk-polo-yaka-tisort-baski-detayli-renk-bloklu\/"},"modified":"2026-04-13T07:42:21","modified_gmt":"2026-04-13T07:42:21","slug":"kiz-cocuk-polo-yaka-tisort-baski-detayli-renk-bloklu","status":"publish","type":"product","link":"https:\/\/mod.wisdar.net\/tr\/urun\/kiz-cocuk-polo-yaka-tisort-baski-detayli-renk-bloklu\/","title":{"rendered":"K\u0131z \u00c7ocuk Polo Yaka Ti\u015f\u00f6rt Bask\u0131 Detayl\u0131 Renk Bloklu"},"content":{"rendered":"<p>Polo yaka, k\u0131sa kollu, renk bloklu ti\u015f\u00f6rt \u015firin tasar\u0131m\u0131n\u0131n yan\u0131 s\u0131ra rahatl\u0131\u011f\u0131yla da minik k\u0131zlar\u0131n be\u011fenisini kazan\u0131yor. K\u0131z \u00e7ocuklar\u0131, Koton ti\u015f\u00f6rt \u00e7e\u015fitleriyle g\u00f6z kama\u015ft\u0131r\u0131yor.<\/p>\n","protected":false},"excerpt":{"rendered":"<p>Polo yaka, k\u0131sa kollu, renk bloklu ti\u015f\u00f6rt \u015firin tasar\u0131m\u0131n\u0131n yan\u0131 s\u0131ra rahatl\u0131\u011f\u0131yla da minik k\u0131zlar\u0131n be\u011fenisini kazan\u0131yor. K\u0131z \u00e7ocuklar\u0131, Koton ti\u015f\u00f6rt \u00e7e\u015fitleriyle g\u00f6z kama\u015ft\u0131r\u0131yor.<\/p>\n","protected":false},"featured_media":152956,"comment_status":"open","ping_status":"closed","template":"","meta":[],"product_brand":[],"product_cat":[8715,8694,8724],"product_tag":[7913,7488],"class_list":{"0":"post-152959","1":"product","2":"type-product","3":"status-publish","4":"has-post-thumbnail","6":"product_cat-kiz-cocuklari-2-14-yas","7":"product_cat-cocuklar","8":"product_cat-tisortler-bluzlar","9":"product_tag-bogazli","10":"product_tag-pamuk","11":"pa_brand-koton","12":"pa_color-ekru","13":"pa_size-11-12-yas-2","14":"pa_size-13-14-yas-2","15":"pa_size-5-6-yas-2","16":"pa_size-6-7-yas-2","17":"pa_size-7-8-yas-2","18":"pa_size-9-10-yas-2","20":"first","21":"instock","22":"sale","23":"shipping-taxable","24":"purchasable","25":"product-type-variable"},"_links":{"self":[{"href":"https:\/\/mod.wisdar.net\/tr\/wp-json\/wp\/v2\/product\/152959","targetHints":{"allow":["GET"]}}],"collection":[{"href":"https:\/\/mod.wisdar.net\/tr\/wp-json\/wp\/v2\/product"}],"about":[{"href":"https:\/\/mod.wisdar.net\/tr\/wp-json\/wp\/v2\/types\/product"}],"replies":[{"embeddable":true,"href":"https:\/\/mod.wisdar.net\/tr\/wp-json\/wp\/v2\/comments?post=152959"}],"wp:featuredmedia":[{"embeddable":true,"href":"https:\/\/mod.wisdar.net\/tr\/wp-json\/wp\/v2\/media\/152956"}],"wp:attachment":[{"href":"https:\/\/mod.wisdar.net\/tr\/wp-json\/wp\/v2\/media?parent=152959"}],"wp:term":[{"taxonomy":"product_brand","embeddable":true,"href":"https:\/\/mod.wisdar.net\/tr\/wp-json\/wp\/v2\/product_brand?post=152959"},{"taxonomy":"product_cat","embeddable":true,"href":"https:\/\/mod.wisdar.net\/tr\/wp-json\/wp\/v2\/product_cat?post=152959"},{"taxonomy":"product_tag","embeddable":true,"href":"https:\/\/mod.wisdar.net\/tr\/wp-json\/wp\/v2\/product_tag?post=152959"}],"curies":[{"name":"wp","href":"https:\/\/api.w.org\/{rel}","templated":true}]}}