{"id":153006,"date":"2026-02-23T11:41:22","date_gmt":"2026-02-23T11:41:22","guid":{"rendered":"https:\/\/modesthanim.com\/product\/kiz-cocuk-gomlek-kisa-kollu-onu-baglamali-cepli-keten-karisimli\/"},"modified":"2026-04-13T07:41:22","modified_gmt":"2026-04-13T07:41:22","slug":"kiz-cocuk-gomlek-kisa-kollu-onu-baglamali-cepli-keten-karisimli","status":"publish","type":"product","link":"https:\/\/mod.wisdar.net\/tr\/urun\/kiz-cocuk-gomlek-kisa-kollu-onu-baglamali-cepli-keten-karisimli\/","title":{"rendered":"K\u0131z \u00c7ocuk G\u00f6mlek K\u0131sa Kollu \u00d6n\u00fc Ba\u011flamal\u0131 Cepli Keten Kar\u0131\u015f\u0131ml\u0131"},"content":{"rendered":"<p>K\u0131sa kollu, \u00f6n\u00fc ba\u011flamal\u0131, bask\u0131 detayl\u0131, keten ve viskon kar\u0131\u015f\u0131ml\u0131 g\u00f6mlek gard\u0131robun tamam\u0131na uyum sa\u011flayacak kadar \u00e7ok y\u00f6nl\u00fc bir yakla\u015f\u0131m sunuyor. Her yaz oldu\u011fu gibi bu yaz da Koton k\u0131z \u00e7ocuk g\u00f6mlek modelleri, mutlu ve g\u00fcne\u015fli g\u00fcnler i\u00e7in tasarland\u0131.<\/p>\n","protected":false},"excerpt":{"rendered":"<p>K\u0131sa kollu, \u00f6n\u00fc ba\u011flamal\u0131, bask\u0131 detayl\u0131, keten ve viskon kar\u0131\u015f\u0131ml\u0131 g\u00f6mlek gard\u0131robun tamam\u0131na uyum sa\u011flayacak kadar \u00e7ok y\u00f6nl\u00fc bir yakla\u015f\u0131m sunuyor. Her yaz oldu\u011fu gibi bu yaz da Koton k\u0131z \u00e7ocuk g\u00f6mlek modelleri, mutlu ve g\u00fcne\u015fli g\u00fcnler i\u00e7in tasarland\u0131.<\/p>\n","protected":false},"featured_media":153001,"comment_status":"open","ping_status":"closed","template":"","meta":[],"product_brand":[],"product_cat":[8715,8694,8724],"product_tag":[11004,10255,5124,3262,3714,4354],"class_list":{"0":"post-153006","1":"product","2":"type-product","3":"status-publish","4":"has-post-thumbnail","6":"product_cat-kiz-cocuklari-2-14-yas","7":"product_cat-cocuklar","8":"product_cat-tisortler-bluzlar","9":"product_tag-front-tie-2","10":"product_tag-girls-shirt","11":"product_tag-linen-blend","12":"product_tag-pocket","13":"product_tag-short-sleeve","14":"product_tag-summer-fashion","15":"pa_brand-koton","16":"pa_color-bej-desenli","17":"pa_size-11-12-yas-2","18":"pa_size-13-14-yas-2","19":"pa_size-5-6-yas-2","20":"pa_size-6-7-yas-2","21":"pa_size-7-8-yas-2","22":"pa_size-9-10-yas-2","24":"first","25":"instock","26":"sale","27":"shipping-taxable","28":"purchasable","29":"product-type-variable"},"_links":{"self":[{"href":"https:\/\/mod.wisdar.net\/tr\/wp-json\/wp\/v2\/product\/153006","targetHints":{"allow":["GET"]}}],"collection":[{"href":"https:\/\/mod.wisdar.net\/tr\/wp-json\/wp\/v2\/product"}],"about":[{"href":"https:\/\/mod.wisdar.net\/tr\/wp-json\/wp\/v2\/types\/product"}],"replies":[{"embeddable":true,"href":"https:\/\/mod.wisdar.net\/tr\/wp-json\/wp\/v2\/comments?post=153006"}],"wp:featuredmedia":[{"embeddable":true,"href":"https:\/\/mod.wisdar.net\/tr\/wp-json\/wp\/v2\/media\/153001"}],"wp:attachment":[{"href":"https:\/\/mod.wisdar.net\/tr\/wp-json\/wp\/v2\/media?parent=153006"}],"wp:term":[{"taxonomy":"product_brand","embeddable":true,"href":"https:\/\/mod.wisdar.net\/tr\/wp-json\/wp\/v2\/product_brand?post=153006"},{"taxonomy":"product_cat","embeddable":true,"href":"https:\/\/mod.wisdar.net\/tr\/wp-json\/wp\/v2\/product_cat?post=153006"},{"taxonomy":"product_tag","embeddable":true,"href":"https:\/\/mod.wisdar.net\/tr\/wp-json\/wp\/v2\/product_tag?post=153006"}],"curies":[{"name":"wp","href":"https:\/\/api.w.org\/{rel}","templated":true}]}}