{"id":153017,"date":"2026-02-23T11:41:24","date_gmt":"2026-02-23T11:41:24","guid":{"rendered":"https:\/\/modesthanim.com\/product\/lola-bunny-tisort-lisansli-kisa-kollu-bisiklet-yaka\/"},"modified":"2026-04-13T07:50:58","modified_gmt":"2026-04-13T07:50:58","slug":"lola-bunny-tisort-lisansli-kisa-kollu-bisiklet-yaka","status":"publish","type":"product","link":"https:\/\/mod.wisdar.net\/tr\/urun\/lola-bunny-tisort-lisansli-kisa-kollu-bisiklet-yaka\/","title":{"rendered":"Lola Bunny Ti\u015f\u00f6rt Lisansl\u0131 K\u0131sa Kollu Bisiklet Yaka"},"content":{"rendered":"<p>Lisansl\u0131, Lola Bunny bask\u0131l\u0131, k\u0131sa kollu, bisiklet yaka ti\u015f\u00f6rt g\u00fcn\u00fcn her an\u0131nda ve her ko\u015fulda k\u0131z \u00e7ocuklar\u0131n\u0131n kendilerini daha rahat hissetmelerine imkan tan\u0131yor. Koton k\u0131z \u00e7ocuk ti\u015f\u00f6rt modelleri, b\u00fcy\u00fcleyici tasar\u0131mlar\u0131yla tarz sahibi k\u0131zlar\u0131n favorisi konumunda.<\/p>\n<p>\u2014 Technical Details \u2014<br \/>\nKuma\u015f: %3 ELASTAN, %97 PAMUK<br \/>\nKol Boyu: K\u0131sa Kol<br \/>\nKol Tipi: D\u00fc\u015f\u00fck Omuz<br \/>\nYaka Tipi: Bisiklet Yaka<br \/>\nSil\u00fcet: Boxy<br \/>\nLisans(Firma): LSN_WARNER_BR<br \/>\nLisans(Karakter): Lola Bunny<br \/>\n\u00dcr\u00fcn Tipi \/ Stil: Boxy<br \/>\n\u00dcr\u00fcn\u00fcn Alt Markas\u0131: Kidswear<\/p>\n","protected":false},"excerpt":{"rendered":"<p>Lisansl\u0131, Lola Bunny bask\u0131l\u0131, k\u0131sa kollu, bisiklet yaka ti\u015f\u00f6rt g\u00fcn\u00fcn her an\u0131nda ve her ko\u015fulda k\u0131z \u00e7ocuklar\u0131n\u0131n kendilerini daha rahat hissetmelerine imkan tan\u0131yor. Koton k\u0131z \u00e7ocuk ti\u015f\u00f6rt modelleri, b\u00fcy\u00fcleyici tasar\u0131mlar\u0131yla tarz sahibi k\u0131zlar\u0131n favorisi konumunda. \u2014 Technical Details \u2014 Kuma\u015f: %3 ELASTAN, %97 PAMUK Kol Boyu: K\u0131sa Kol Kol Tipi: D\u00fc\u015f\u00fck Omuz Yaka Tipi: Bisiklet [&hellip;]<\/p>\n","protected":false},"featured_media":153002,"comment_status":"open","ping_status":"closed","template":"","meta":[],"product_brand":[],"product_cat":[8715,8694,8724],"product_tag":[7444],"class_list":{"0":"post-153017","1":"product","2":"type-product","3":"status-publish","4":"has-post-thumbnail","6":"product_cat-kiz-cocuklari-2-14-yas","7":"product_cat-cocuklar","8":"product_cat-tisortler-bluzlar","9":"product_tag-jarse","10":"pa_brand-koton","11":"pa_color-ekru","12":"pa_size-11-12-yas-2","13":"pa_size-4-5-yas-2","14":"pa_size-5-6-yas-2","15":"pa_size-6-7-yas-2","16":"pa_size-7-8-yas-2","17":"pa_size-9-10-yas-2","19":"first","20":"instock","21":"sale","22":"shipping-taxable","23":"purchasable","24":"product-type-variable"},"_links":{"self":[{"href":"https:\/\/mod.wisdar.net\/tr\/wp-json\/wp\/v2\/product\/153017","targetHints":{"allow":["GET"]}}],"collection":[{"href":"https:\/\/mod.wisdar.net\/tr\/wp-json\/wp\/v2\/product"}],"about":[{"href":"https:\/\/mod.wisdar.net\/tr\/wp-json\/wp\/v2\/types\/product"}],"replies":[{"embeddable":true,"href":"https:\/\/mod.wisdar.net\/tr\/wp-json\/wp\/v2\/comments?post=153017"}],"wp:featuredmedia":[{"embeddable":true,"href":"https:\/\/mod.wisdar.net\/tr\/wp-json\/wp\/v2\/media\/153002"}],"wp:attachment":[{"href":"https:\/\/mod.wisdar.net\/tr\/wp-json\/wp\/v2\/media?parent=153017"}],"wp:term":[{"taxonomy":"product_brand","embeddable":true,"href":"https:\/\/mod.wisdar.net\/tr\/wp-json\/wp\/v2\/product_brand?post=153017"},{"taxonomy":"product_cat","embeddable":true,"href":"https:\/\/mod.wisdar.net\/tr\/wp-json\/wp\/v2\/product_cat?post=153017"},{"taxonomy":"product_tag","embeddable":true,"href":"https:\/\/mod.wisdar.net\/tr\/wp-json\/wp\/v2\/product_tag?post=153017"}],"curies":[{"name":"wp","href":"https:\/\/api.w.org\/{rel}","templated":true}]}}