{"id":153083,"date":"2026-02-23T11:44:09","date_gmt":"2026-02-23T11:44:09","guid":{"rendered":"https:\/\/modesthanim.com\/product\/kiz-cocuk-askili-midi-elbise-firfirli-cicek-islemeli-pamuklu\/"},"modified":"2026-03-30T07:21:16","modified_gmt":"2026-03-30T07:21:16","slug":"kiz-cocuk-askili-midi-elbise-firfirli-cicek-islemeli-pamuklu","status":"publish","type":"product","link":"https:\/\/mod.wisdar.net\/tr\/urun\/kiz-cocuk-askili-midi-elbise-firfirli-cicek-islemeli-pamuklu\/","title":{"rendered":"K\u0131z \u00c7ocuk Ask\u0131l\u0131 Midi Elbise F\u0131rf\u0131rl\u0131 \u00c7i\u00e7ek \u0130\u015flemeli Pamuklu"},"content":{"rendered":"<p>Yaz mevsiminin kurtar\u0131c\u0131 par\u00e7as\u0131 k\u0131z \u00e7ocuk elbise modelleri \u015fimdi Koton&#8217;da. Ask\u0131l\u0131, f\u0131rf\u0131rl\u0131, \u00e7i\u00e7ek i\u015flemeli, pamuklu, midi elbise ile canl\u0131 bir g\u00f6r\u00fcn\u00fcm yakalay\u0131n.<\/p>\n","protected":false},"excerpt":{"rendered":"<p>Yaz mevsiminin kurtar\u0131c\u0131 par\u00e7as\u0131 k\u0131z \u00e7ocuk elbise modelleri \u015fimdi Koton&#8217;da. Ask\u0131l\u0131, f\u0131rf\u0131rl\u0131, \u00e7i\u00e7ek i\u015flemeli, pamuklu, midi elbise ile canl\u0131 bir g\u00f6r\u00fcn\u00fcm yakalay\u0131n.<\/p>\n","protected":false},"featured_media":153077,"comment_status":"open","ping_status":"closed","template":"","meta":[],"product_brand":[],"product_cat":[8718,8715,8694],"product_tag":[7578,6877],"class_list":{"0":"post-153083","1":"product","2":"type-product","3":"status-publish","4":"has-post-thumbnail","6":"product_cat-elbiseler-etekler","7":"product_cat-kiz-cocuklari-2-14-yas","8":"product_cat-cocuklar","9":"product_tag-midi-elbise","10":"product_tag-yaz-elbisesi","11":"pa_brand-koton","12":"pa_color-ekru-desenli","13":"pa_size-11-12-yas-2","14":"pa_size-13-14-yas-2","15":"pa_size-5-6-yas-2","16":"pa_size-6-7-yas-2","17":"pa_size-7-8-yas-2","18":"pa_size-9-10-yas-2","20":"first","21":"instock","22":"sale","23":"shipping-taxable","24":"purchasable","25":"product-type-variable"},"_links":{"self":[{"href":"https:\/\/mod.wisdar.net\/tr\/wp-json\/wp\/v2\/product\/153083","targetHints":{"allow":["GET"]}}],"collection":[{"href":"https:\/\/mod.wisdar.net\/tr\/wp-json\/wp\/v2\/product"}],"about":[{"href":"https:\/\/mod.wisdar.net\/tr\/wp-json\/wp\/v2\/types\/product"}],"replies":[{"embeddable":true,"href":"https:\/\/mod.wisdar.net\/tr\/wp-json\/wp\/v2\/comments?post=153083"}],"wp:featuredmedia":[{"embeddable":true,"href":"https:\/\/mod.wisdar.net\/tr\/wp-json\/wp\/v2\/media\/153077"}],"wp:attachment":[{"href":"https:\/\/mod.wisdar.net\/tr\/wp-json\/wp\/v2\/media?parent=153083"}],"wp:term":[{"taxonomy":"product_brand","embeddable":true,"href":"https:\/\/mod.wisdar.net\/tr\/wp-json\/wp\/v2\/product_brand?post=153083"},{"taxonomy":"product_cat","embeddable":true,"href":"https:\/\/mod.wisdar.net\/tr\/wp-json\/wp\/v2\/product_cat?post=153083"},{"taxonomy":"product_tag","embeddable":true,"href":"https:\/\/mod.wisdar.net\/tr\/wp-json\/wp\/v2\/product_tag?post=153083"}],"curies":[{"name":"wp","href":"https:\/\/api.w.org\/{rel}","templated":true}]}}