{"id":153106,"date":"2026-02-23T11:44:38","date_gmt":"2026-02-23T11:44:38","guid":{"rendered":"https:\/\/modesthanim.com\/product\/kiz-cocuk-keten-elbise-cicekli-balon-kollu-yuvarlak-yaka\/"},"modified":"2026-04-13T07:42:25","modified_gmt":"2026-04-13T07:42:25","slug":"kiz-cocuk-keten-elbise-cicekli-balon-kollu-yuvarlak-yaka","status":"publish","type":"product","link":"https:\/\/mod.wisdar.net\/tr\/urun\/kiz-cocuk-keten-elbise-cicekli-balon-kollu-yuvarlak-yaka\/","title":{"rendered":"K\u0131z \u00c7ocuk Keten Elbise \u00c7i\u00e7ekli Balon Kollu Yuvarlak Yaka"},"content":{"rendered":"<p>\u00c7i\u00e7ek desenli, balon kollu, yuvarlak yaka, keten ve viskon kar\u0131\u015f\u0131ml\u0131 elbise \u015f\u0131kl\u0131\u011f\u0131 ve do\u011fall\u0131\u011f\u0131 bir araya getiriyor. Koton k\u0131z \u00e7ocuk elbise koleksiyonu \u00e7ocuklar\u0131n kendilerini g\u00fcvende hissetmelerine ve t\u00fcm potansiyellerini ortaya \u00e7\u0131karmalar\u0131na yard\u0131mc\u0131 oluyor. Koton Kids ile rengarenk elbiseleri, e\u011flenceli tulumlar\u0131 ve \u00e7ok daha fazlas\u0131n\u0131 ke\u015ffedin!<\/p>\n<p>\u2014 Technical Details \u2014<br \/>\nkuma\u015f: %45 V\u0130SKOZ, %55 KETEN<br \/>\nkol_boyu: K\u0131sa Kol<br \/>\nkol_tipi: Balon Kol<br \/>\nyaka_tipi: Bisiklet Yaka<br \/>\nsil\u00fcet: A Form<br \/>\n\u00fcr\u00fcn_tipi_stil: A Form<br \/>\nalt_marka: Kidswear<\/p>\n","protected":false},"excerpt":{"rendered":"<p>\u00c7i\u00e7ek desenli, balon kollu, yuvarlak yaka, keten ve viskon kar\u0131\u015f\u0131ml\u0131 elbise \u015f\u0131kl\u0131\u011f\u0131 ve do\u011fall\u0131\u011f\u0131 bir araya getiriyor. Koton k\u0131z \u00e7ocuk elbise koleksiyonu \u00e7ocuklar\u0131n kendilerini g\u00fcvende hissetmelerine ve t\u00fcm potansiyellerini ortaya \u00e7\u0131karmalar\u0131na yard\u0131mc\u0131 oluyor. Koton Kids ile rengarenk elbiseleri, e\u011flenceli tulumlar\u0131 ve \u00e7ok daha fazlas\u0131n\u0131 ke\u015ffedin! \u2014 Technical Details \u2014 kuma\u015f: %45 V\u0130SKOZ, %55 KETEN kol_boyu: [&hellip;]<\/p>\n","protected":false},"featured_media":153092,"comment_status":"open","ping_status":"closed","template":"","meta":[],"product_brand":[],"product_cat":[8718,8715,8694],"product_tag":[6877],"class_list":{"0":"post-153106","1":"product","2":"type-product","3":"status-publish","4":"has-post-thumbnail","6":"product_cat-elbiseler-etekler","7":"product_cat-kiz-cocuklari-2-14-yas","8":"product_cat-cocuklar","9":"product_tag-yaz-elbisesi","10":"pa_brand-koton","11":"pa_color-ekru-desenli","12":"pa_size-11-12-yas-2","13":"pa_size-13-14-yas-2","14":"pa_size-5-6-yas-2","15":"pa_size-6-7-yas-2","16":"pa_size-7-8-yas-2","17":"pa_size-9-10-yas-2","19":"first","20":"instock","21":"sale","22":"shipping-taxable","23":"purchasable","24":"product-type-variable"},"_links":{"self":[{"href":"https:\/\/mod.wisdar.net\/tr\/wp-json\/wp\/v2\/product\/153106","targetHints":{"allow":["GET"]}}],"collection":[{"href":"https:\/\/mod.wisdar.net\/tr\/wp-json\/wp\/v2\/product"}],"about":[{"href":"https:\/\/mod.wisdar.net\/tr\/wp-json\/wp\/v2\/types\/product"}],"replies":[{"embeddable":true,"href":"https:\/\/mod.wisdar.net\/tr\/wp-json\/wp\/v2\/comments?post=153106"}],"wp:featuredmedia":[{"embeddable":true,"href":"https:\/\/mod.wisdar.net\/tr\/wp-json\/wp\/v2\/media\/153092"}],"wp:attachment":[{"href":"https:\/\/mod.wisdar.net\/tr\/wp-json\/wp\/v2\/media?parent=153106"}],"wp:term":[{"taxonomy":"product_brand","embeddable":true,"href":"https:\/\/mod.wisdar.net\/tr\/wp-json\/wp\/v2\/product_brand?post=153106"},{"taxonomy":"product_cat","embeddable":true,"href":"https:\/\/mod.wisdar.net\/tr\/wp-json\/wp\/v2\/product_cat?post=153106"},{"taxonomy":"product_tag","embeddable":true,"href":"https:\/\/mod.wisdar.net\/tr\/wp-json\/wp\/v2\/product_tag?post=153106"}],"curies":[{"name":"wp","href":"https:\/\/api.w.org\/{rel}","templated":true}]}}