{"id":153148,"date":"2026-02-23T11:46:36","date_gmt":"2026-02-23T11:46:36","guid":{"rendered":"https:\/\/modesthanim.com\/product\/kiz-cocuk-pamuklu-kalp-detayli-kisa-kollu-bisiklet-yaka-basic-crop-tisort\/"},"modified":"2026-03-19T01:11:11","modified_gmt":"2026-03-19T01:11:11","slug":"kiz-cocuk-pamuklu-kalp-detayli-kisa-kollu-bisiklet-yaka-basic-crop-tisort","status":"publish","type":"product","link":"https:\/\/mod.wisdar.net\/tr\/urun\/kiz-cocuk-pamuklu-kalp-detayli-kisa-kollu-bisiklet-yaka-basic-crop-tisort\/","title":{"rendered":"K\u0131z \u00c7ocuk Pamuklu Kalp Detayl\u0131 K\u0131sa Kollu Bisiklet Yaka Basic Crop Ti\u015f\u00f6rt"},"content":{"rendered":"<p>Pamuklu Kalp Detayl\u0131 K\u0131sa Kollu Bisiklet Yaka Basic Crop Ti\u015f\u00f6rt at Koton.com with discounted prices! Pamuklu Kalp Detayl\u0131 K\u0131sa Kollu Bisiklet Yaka Basic Crop Ti\u015f\u00f6rt 459.99 TL only Click now to buy! | Koton<\/p>\n","protected":false},"excerpt":{"rendered":"<p>Pamuklu Kalp Detayl\u0131 K\u0131sa Kollu Bisiklet Yaka Basic Crop Ti\u015f\u00f6rt at Koton.com with discounted prices! Pamuklu Kalp Detayl\u0131 K\u0131sa Kollu Bisiklet Yaka Basic Crop Ti\u015f\u00f6rt 459.99 TL only Click now to buy! | Koton<\/p>\n","protected":false},"featured_media":153144,"comment_status":"open","ping_status":"closed","template":"","meta":[],"product_brand":[],"product_cat":[8715,8694,8724],"product_tag":[7396],"class_list":{"0":"post-153148","1":"product","2":"type-product","3":"status-publish","4":"has-post-thumbnail","6":"product_cat-kiz-cocuklari-2-14-yas","7":"product_cat-cocuklar","8":"product_cat-tisortler-bluzlar","9":"product_tag-crop-top","10":"pa_brand-koton","11":"pa_color-pembe","12":"pa_size-11-12-yas-2","13":"pa_size-13-14-yas-2","14":"pa_size-5-6-yas-2","15":"pa_size-6-7-yas-2","16":"pa_size-7-8-yas-2","17":"pa_size-9-10-yas-2","19":"first","20":"outofstock","21":"shipping-taxable","22":"product-type-variable"},"_links":{"self":[{"href":"https:\/\/mod.wisdar.net\/tr\/wp-json\/wp\/v2\/product\/153148","targetHints":{"allow":["GET"]}}],"collection":[{"href":"https:\/\/mod.wisdar.net\/tr\/wp-json\/wp\/v2\/product"}],"about":[{"href":"https:\/\/mod.wisdar.net\/tr\/wp-json\/wp\/v2\/types\/product"}],"replies":[{"embeddable":true,"href":"https:\/\/mod.wisdar.net\/tr\/wp-json\/wp\/v2\/comments?post=153148"}],"wp:featuredmedia":[{"embeddable":true,"href":"https:\/\/mod.wisdar.net\/tr\/wp-json\/wp\/v2\/media\/153144"}],"wp:attachment":[{"href":"https:\/\/mod.wisdar.net\/tr\/wp-json\/wp\/v2\/media?parent=153148"}],"wp:term":[{"taxonomy":"product_brand","embeddable":true,"href":"https:\/\/mod.wisdar.net\/tr\/wp-json\/wp\/v2\/product_brand?post=153148"},{"taxonomy":"product_cat","embeddable":true,"href":"https:\/\/mod.wisdar.net\/tr\/wp-json\/wp\/v2\/product_cat?post=153148"},{"taxonomy":"product_tag","embeddable":true,"href":"https:\/\/mod.wisdar.net\/tr\/wp-json\/wp\/v2\/product_tag?post=153148"}],"curies":[{"name":"wp","href":"https:\/\/api.w.org\/{rel}","templated":true}]}}