{"id":153177,"date":"2026-02-23T11:47:17","date_gmt":"2026-02-23T11:47:17","guid":{"rendered":"https:\/\/modesthanim.com\/product\/kiz-cocuk-renk-bloklu-kisa-kollu-bisiklet-yaka-pamuklu-sort-ve-tisort-seti\/"},"modified":"2026-03-03T07:52:34","modified_gmt":"2026-03-03T07:52:34","slug":"kiz-cocuk-renk-bloklu-kisa-kollu-bisiklet-yaka-pamuklu-sort-ve-tisort-seti","status":"publish","type":"product","link":"https:\/\/mod.wisdar.net\/tr\/urun\/kiz-cocuk-renk-bloklu-kisa-kollu-bisiklet-yaka-pamuklu-sort-ve-tisort-seti\/","title":{"rendered":"K\u0131z \u00c7ocuk Renk Bloklu K\u0131sa Kollu Bisiklet Yaka Pamuklu \u015eort ve Ti\u015f\u00f6rt Seti"},"content":{"rendered":"<p>K\u0131sa kollu ti\u015f\u00f6rt ve \u015fort seti, g\u00fcnl\u00fck giyimde enerjik bir stil sunuyor. Ti\u015f\u00f6rt\u00fcn bask\u0131s\u0131 \u00e7ocuksu bir ne\u015fe katarken, bisiklet yaka tasar\u0131m\u0131 rahat bir kullan\u0131m sa\u011fl\u0131yor. Renk bloklu \u015fort, yumu\u015fak pamuk dokusuyla konfor sunarken, miniklerin \u00f6zg\u00fcrce hareket etmelerine imkan tan\u0131yor.<\/p>\n<p>\u00dcr\u00fcn \u00d6zellikleri<br \/>\nKol Tipi: K\u0131sa Kol<br \/>\nYaka Tipi: Bisiklet Yaka<br \/>\nKuma\u015f: %100 Pamuk<br \/>\nDetay: Renk Bloklu<br \/>\nKullan\u0131m Alan\u0131: G\u00fcnl\u00fck Giyim<\/p>\n<p>Kapan\u0131\u015f<br \/>\nKoton&#8217;un \u015fort ve ti\u015f\u00f6rt seti, enerjik tasar\u0131m\u0131 ve konforlu yap\u0131s\u0131yla miniklerin en sevdi\u011fi par\u00e7alar aras\u0131nda yer alacak! Koton&#8217;un \u015f\u0131k ve rahat k\u0131z \u00e7ocuk koleksiyonunu hemen ke\u015ffedin!<\/p>\n<p>\u00c7oklu paketlerimizde, \u00fcr\u00fcnlerin kuma\u015f bilgileri farkl\u0131l\u0131k g\u00f6sterebilir.<\/p>\n<p>\u2014 Technical Details \u2014<br \/>\nKuma\u015f: %100 PAMUK<br \/>\nKol Boyu: K\u0131sa Kol<br \/>\nKol Tipi: D\u00fc\u015f\u00fck Omuz<br \/>\nYaka Tipi: Bisiklet Yaka<br \/>\nSil\u00fcet: Basic<br \/>\nBel Y\u00fcksekli\u011fi: Standart Bel<br \/>\n\u00dcr\u00fcn Tipi \/ Stil: Basic<br \/>\n\u00dcr\u00fcn\u00fcn Alt Markas\u0131: Kidswear<\/p>\n","protected":false},"excerpt":{"rendered":"<p>K\u0131sa kollu ti\u015f\u00f6rt ve \u015fort seti, g\u00fcnl\u00fck giyimde enerjik bir stil sunuyor. Ti\u015f\u00f6rt\u00fcn bask\u0131s\u0131 \u00e7ocuksu bir ne\u015fe katarken, bisiklet yaka tasar\u0131m\u0131 rahat bir kullan\u0131m sa\u011fl\u0131yor. Renk bloklu \u015fort, yumu\u015fak pamuk dokusuyla konfor sunarken, miniklerin \u00f6zg\u00fcrce hareket etmelerine imkan tan\u0131yor. \u00dcr\u00fcn \u00d6zellikleri Kol Tipi: K\u0131sa Kol Yaka Tipi: Bisiklet Yaka Kuma\u015f: %100 Pamuk Detay: Renk Bloklu [&hellip;]<\/p>\n","protected":false},"featured_media":153174,"comment_status":"open","ping_status":"closed","template":"","meta":[],"product_brand":[],"product_cat":[8721,8715,8694],"product_tag":[7426],"class_list":{"0":"post-153177","1":"product","2":"type-product","3":"status-publish","4":"has-post-thumbnail","6":"product_cat-kiz-cocuk-takimlari","7":"product_cat-kiz-cocuklari-2-14-yas","8":"product_cat-cocuklar","9":"product_tag-gunluk-giyim-3","10":"pa_brand-koton","11":"pa_color-pembe","12":"pa_size-11-12-yas-2","13":"pa_size-13-14-yas-2","14":"pa_size-6-7-yas-2","15":"pa_size-7-8-yas-2","16":"pa_size-9-10-yas-2","18":"first","19":"instock","20":"sale","21":"shipping-taxable","22":"purchasable","23":"product-type-variable"},"_links":{"self":[{"href":"https:\/\/mod.wisdar.net\/tr\/wp-json\/wp\/v2\/product\/153177","targetHints":{"allow":["GET"]}}],"collection":[{"href":"https:\/\/mod.wisdar.net\/tr\/wp-json\/wp\/v2\/product"}],"about":[{"href":"https:\/\/mod.wisdar.net\/tr\/wp-json\/wp\/v2\/types\/product"}],"replies":[{"embeddable":true,"href":"https:\/\/mod.wisdar.net\/tr\/wp-json\/wp\/v2\/comments?post=153177"}],"wp:featuredmedia":[{"embeddable":true,"href":"https:\/\/mod.wisdar.net\/tr\/wp-json\/wp\/v2\/media\/153174"}],"wp:attachment":[{"href":"https:\/\/mod.wisdar.net\/tr\/wp-json\/wp\/v2\/media?parent=153177"}],"wp:term":[{"taxonomy":"product_brand","embeddable":true,"href":"https:\/\/mod.wisdar.net\/tr\/wp-json\/wp\/v2\/product_brand?post=153177"},{"taxonomy":"product_cat","embeddable":true,"href":"https:\/\/mod.wisdar.net\/tr\/wp-json\/wp\/v2\/product_cat?post=153177"},{"taxonomy":"product_tag","embeddable":true,"href":"https:\/\/mod.wisdar.net\/tr\/wp-json\/wp\/v2\/product_tag?post=153177"}],"curies":[{"name":"wp","href":"https:\/\/api.w.org\/{rel}","templated":true}]}}