{"id":153209,"date":"2026-02-23T11:49:37","date_gmt":"2026-02-23T11:49:37","guid":{"rendered":"https:\/\/modesthanim.com\/product\/kiz-cocuk-pamuklu-kolsuz-crop-ust-ve-beli-baglamali-sort-seti\/"},"modified":"2026-04-13T07:32:22","modified_gmt":"2026-04-13T07:32:22","slug":"kiz-cocuk-pamuklu-kolsuz-crop-ust-ve-beli-baglamali-sort-seti","status":"publish","type":"product","link":"https:\/\/mod.wisdar.net\/tr\/urun\/kiz-cocuk-pamuklu-kolsuz-crop-ust-ve-beli-baglamali-sort-seti\/","title":{"rendered":"K\u0131z \u00c7ocuk Pamuklu Kolsuz Crop \u00dcst ve Beli Ba\u011flamal\u0131 \u015eort Seti"},"content":{"rendered":"<p>Kolsuz tasar\u0131m\u0131 ve nefes alabilir pamuklu kuma\u015f\u0131yla crop \u00fcst ve \u015fort seti, yaz aylar\u0131nda miniklerin enerjisine ayak uyduruyor. K\u0131sa boyu sayesinde hareket \u00f6zg\u00fcrl\u00fc\u011f\u00fc sa\u011flayan set, her \u00e7e\u015fit aktivitede veya plajda rahatl\u0131kla kullan\u0131labiliyor ve g\u00fcn boyu konfor sa\u011fl\u0131yor.<\/p>\n<p>\u00dcr\u00fcn \u00d6zellikleri<br \/>\nKuma\u015f: %100 Pamuk<br \/>\nKol Tipi: Kolsuz<br \/>\nYaka Tipi: Bisiklet Yaka<br \/>\nKullan\u0131m Alan\u0131: G\u00fcnl\u00fck Giyim<\/p>\n<p>Kapan\u0131\u015f<br \/>\nKoton k\u0131z \u00e7ocuk giyim koleksiyonu c\u0131v\u0131l c\u0131v\u0131l tasar\u0131m\u0131yla miniklerin kalbini \u00e7al\u0131yor! Koton Kids ile rengarenk elbiseleri, e\u011flenceli tulumlar\u0131 ve \u00e7ok daha fazlas\u0131n\u0131 ke\u015ffedin!<\/p>\n<p>\u201c\u201d<br \/>\n\u201c\u00c7oklu paketlerimizde, \u00fcr\u00fcnlerin kuma\u015f bilgileri farkl\u0131l\u0131k g\u00f6sterebilir.\u201d<\/p>\n","protected":false},"excerpt":{"rendered":"<p>Kolsuz tasar\u0131m\u0131 ve nefes alabilir pamuklu kuma\u015f\u0131yla crop \u00fcst ve \u015fort seti, yaz aylar\u0131nda miniklerin enerjisine ayak uyduruyor. K\u0131sa boyu sayesinde hareket \u00f6zg\u00fcrl\u00fc\u011f\u00fc sa\u011flayan set, her \u00e7e\u015fit aktivitede veya plajda rahatl\u0131kla kullan\u0131labiliyor ve g\u00fcn boyu konfor sa\u011fl\u0131yor. \u00dcr\u00fcn \u00d6zellikleri Kuma\u015f: %100 Pamuk Kol Tipi: Kolsuz Yaka Tipi: Bisiklet Yaka Kullan\u0131m Alan\u0131: G\u00fcnl\u00fck Giyim Kapan\u0131\u015f Koton [&hellip;]<\/p>\n","protected":false},"featured_media":153206,"comment_status":"open","ping_status":"closed","template":"","meta":[],"product_brand":[],"product_cat":[8721,8715,8694],"product_tag":[7396,7426,7488],"class_list":{"0":"post-153209","1":"product","2":"type-product","3":"status-publish","4":"has-post-thumbnail","6":"product_cat-kiz-cocuk-takimlari","7":"product_cat-kiz-cocuklari-2-14-yas","8":"product_cat-cocuklar","9":"product_tag-crop-top","10":"product_tag-gunluk-giyim-3","11":"product_tag-pamuk","12":"pa_brand-koton","13":"pa_color-ekru","14":"pa_size-11-12-yas-2","15":"pa_size-13-14-yas-2","16":"pa_size-6-7-yas-2","17":"pa_size-7-8-yas-2","18":"pa_size-9-10-yas-2","20":"first","21":"outofstock","22":"shipping-taxable","23":"product-type-variable"},"_links":{"self":[{"href":"https:\/\/mod.wisdar.net\/tr\/wp-json\/wp\/v2\/product\/153209","targetHints":{"allow":["GET"]}}],"collection":[{"href":"https:\/\/mod.wisdar.net\/tr\/wp-json\/wp\/v2\/product"}],"about":[{"href":"https:\/\/mod.wisdar.net\/tr\/wp-json\/wp\/v2\/types\/product"}],"replies":[{"embeddable":true,"href":"https:\/\/mod.wisdar.net\/tr\/wp-json\/wp\/v2\/comments?post=153209"}],"wp:featuredmedia":[{"embeddable":true,"href":"https:\/\/mod.wisdar.net\/tr\/wp-json\/wp\/v2\/media\/153206"}],"wp:attachment":[{"href":"https:\/\/mod.wisdar.net\/tr\/wp-json\/wp\/v2\/media?parent=153209"}],"wp:term":[{"taxonomy":"product_brand","embeddable":true,"href":"https:\/\/mod.wisdar.net\/tr\/wp-json\/wp\/v2\/product_brand?post=153209"},{"taxonomy":"product_cat","embeddable":true,"href":"https:\/\/mod.wisdar.net\/tr\/wp-json\/wp\/v2\/product_cat?post=153209"},{"taxonomy":"product_tag","embeddable":true,"href":"https:\/\/mod.wisdar.net\/tr\/wp-json\/wp\/v2\/product_tag?post=153209"}],"curies":[{"name":"wp","href":"https:\/\/api.w.org\/{rel}","templated":true}]}}