{"id":153241,"date":"2026-02-23T12:17:38","date_gmt":"2026-02-23T12:17:38","guid":{"rendered":"https:\/\/modesthanim.com\/product\/erkek-bebek-uzun-kollu-cepli-dik-yaka-fermuarli-polar-sweatshirt-3\/"},"modified":"2026-04-14T01:11:12","modified_gmt":"2026-04-14T01:11:12","slug":"erkek-bebek-uzun-kollu-cepli-dik-yaka-fermuarli-polar-sweatshirt-3","status":"publish","type":"product","link":"https:\/\/mod.wisdar.net\/tr\/urun\/erkek-bebek-uzun-kollu-cepli-dik-yaka-fermuarli-polar-sweatshirt-3\/","title":{"rendered":"Erkek Bebek Uzun Kollu Cepli Dik Yaka Fermuarl\u0131 Polar Sweatshirt"},"content":{"rendered":"<p>Polar sweatshirt, yumu\u015fac\u0131k dokusuyla miniklere konfor ve s\u0131cakl\u0131k sunuyor. Fermuarl\u0131 tasar\u0131m\u0131 sayesinde kolayca giyilip \u00e7\u0131kar\u0131labiliyor. Dik yakas\u0131 ve uzun kollar\u0131 ile so\u011fuk havalarda ekstra koruma sa\u011fl\u0131yor. \u00dcr\u00fcn \u00d6zellikleri Kol Tipi: Uzun Kol Yaka Tipi: Dik Yaka Kullan\u0131m Alan\u0131: G\u00fcnl\u00fck Giyim, Spor Giyim Koton bebek koleksiyonu, miniklerin konfor ve \u015f\u0131kl\u0131\u011f\u0131n\u0131 bir arada sunuyor! \u00dcr\u00fcnlerimiz kimyasallara kar\u015f\u0131 test edilerek, t\u00fcm g\u00fcvenlik kurallar\u0131na uygun olarak \u00fcretilir. \u00dcr\u00fcnlerimizde sa\u011fl\u0131\u011fa zararl\u0131 boyalar ve a\u011f\u0131r metaller, tehlikeli yutulabilecek k\u00fc\u00e7\u00fck ve keskin par\u00e7alar, kordon ve ba\u011fc\u0131klar bulunmamaktad\u0131r.<\/p>\n","protected":false},"excerpt":{"rendered":"<p>Polar sweatshirt, yumu\u015fac\u0131k dokusuyla miniklere konfor ve s\u0131cakl\u0131k sunuyor. Fermuarl\u0131 tasar\u0131m\u0131 sayesinde kolayca giyilip \u00e7\u0131kar\u0131labiliyor. Dik yakas\u0131 ve uzun kollar\u0131 ile so\u011fuk havalarda ekstra koruma sa\u011fl\u0131yor. \u00dcr\u00fcn \u00d6zellikleri Kol Tipi: Uzun Kol Yaka Tipi: Dik Yaka Kullan\u0131m Alan\u0131: G\u00fcnl\u00fck Giyim, Spor Giyim Koton bebek koleksiyonu, miniklerin konfor ve \u015f\u0131kl\u0131\u011f\u0131n\u0131 bir arada sunuyor! \u00dcr\u00fcnlerimiz kimyasallara kar\u015f\u0131 [&hellip;]<\/p>\n","protected":false},"featured_media":153238,"comment_status":"open","ping_status":"closed","template":"","meta":[],"product_brand":[],"product_cat":[10823,8739,8694],"product_tag":[7458,8108,7460,7422,6768],"class_list":{"0":"post-153241","1":"product","2":"type-product","3":"status-publish","4":"has-post-thumbnail","6":"product_cat-erkek-cocuk-ceket-yelek","7":"product_cat-erkek-cocuklar-2-14-yas","8":"product_cat-cocuklar","9":"product_tag-fermuarli-2","10":"product_tag-kis","11":"product_tag-polar","12":"product_tag-sweatshirt","13":"product_tag-uzun-kol","14":"pa_brand-koton","15":"pa_color-haki","16":"pa_size-12-18-ay-2","17":"pa_size-18-24-ay-2","18":"pa_size-24-36-ay-2","19":"pa_size-3-4-yas-2","20":"pa_size-4-5-yas-2","22":"first","23":"instock","24":"sale","25":"shipping-taxable","26":"purchasable","27":"product-type-variable"},"_links":{"self":[{"href":"https:\/\/mod.wisdar.net\/tr\/wp-json\/wp\/v2\/product\/153241","targetHints":{"allow":["GET"]}}],"collection":[{"href":"https:\/\/mod.wisdar.net\/tr\/wp-json\/wp\/v2\/product"}],"about":[{"href":"https:\/\/mod.wisdar.net\/tr\/wp-json\/wp\/v2\/types\/product"}],"replies":[{"embeddable":true,"href":"https:\/\/mod.wisdar.net\/tr\/wp-json\/wp\/v2\/comments?post=153241"}],"wp:featuredmedia":[{"embeddable":true,"href":"https:\/\/mod.wisdar.net\/tr\/wp-json\/wp\/v2\/media\/153238"}],"wp:attachment":[{"href":"https:\/\/mod.wisdar.net\/tr\/wp-json\/wp\/v2\/media?parent=153241"}],"wp:term":[{"taxonomy":"product_brand","embeddable":true,"href":"https:\/\/mod.wisdar.net\/tr\/wp-json\/wp\/v2\/product_brand?post=153241"},{"taxonomy":"product_cat","embeddable":true,"href":"https:\/\/mod.wisdar.net\/tr\/wp-json\/wp\/v2\/product_cat?post=153241"},{"taxonomy":"product_tag","embeddable":true,"href":"https:\/\/mod.wisdar.net\/tr\/wp-json\/wp\/v2\/product_tag?post=153241"}],"curies":[{"name":"wp","href":"https:\/\/api.w.org\/{rel}","templated":true}]}}