{"id":153279,"date":"2026-02-23T12:19:45","date_gmt":"2026-02-23T12:19:45","guid":{"rendered":"https:\/\/modesthanim.com\/product\/kiz-bebek-pamuklu-balon-fit-cepli-denim-pantolon\/"},"modified":"2026-04-15T20:38:07","modified_gmt":"2026-04-15T20:38:07","slug":"kiz-bebek-pamuklu-balon-fit-cepli-denim-pantolon","status":"publish","type":"product","link":"https:\/\/mod.wisdar.net\/tr\/urun\/kiz-bebek-pamuklu-balon-fit-cepli-denim-pantolon\/","title":{"rendered":"K\u0131z Bebek Pamuklu Balon Fit Cepli Denim Pantolon"},"content":{"rendered":"<p>Denim pantolon, pamuklu yap\u0131s\u0131yla miniklere ekstra rahatl\u0131k sunuyor. Balon formu sayesinde hareket \u00f6zg\u00fcrl\u00fc\u011f\u00fcn\u00fc art\u0131r\u0131yor ve \u00e7ocuklar\u0131n g\u00fcn boyu konforlu hissetmesine olanak tan\u0131yor. 5 cep detay\u0131 pratik bir kullan\u0131m sa\u011flarken normal bel tasar\u0131m\u0131 modern bir g\u00f6r\u00fcn\u00fcm sunuyor. Normal pa\u00e7a ve loose fit yap\u0131s\u0131 ise her kombine uyum sa\u011fl\u0131yor. Miniklerin favorisi olacak bu pantolon, hafif denim dokusuyla \u00f6ne \u00e7\u0131k\u0131yor.<\/p>\n<p>\u00dcr\u00fcn \u00d6zellikleri<br \/>\nBel Tipi: Normal Bel<br \/>\nCep Tipi: 5 Cep<br \/>\nFit Tipi: Loose<br \/>\nSil\u00fcet: Balon Form<br \/>\nKuma\u015f: %100 Pamuk<br \/>\nKullan\u0131m Alan\u0131: G\u00fcnl\u00fck Giyim<\/p>\n<p>Koton k\u0131z bebek pantolon modelleri, bebeklerin enerjisine her an e\u015flik etmeye haz\u0131r! Renkli ve dinamik tasar\u0131mlarla dolu Koton Kids koleksiyonunu ke\u015ffedin!<\/p>\n<p>\u00dcr\u00fcnlerimiz kimyasallara kar\u015f\u0131 test edilerek, t\u00fcm g\u00fcvenlik kurallar\u0131na uygun olarak \u00fcretilir. \u00dcr\u00fcnlerimizde sa\u011fl\u0131\u011fa zararl\u0131 boyalar ve a\u011f\u0131r metaller bulunmamaktad\u0131r.<\/p>\n<p>\u2014 Teknik Detaylar \u2014<br \/>\nKuma\u015f: %100 PAMUK<br \/>\nSil\u00fcet: Balon Form<br \/>\nBel Y\u00fcksekli\u011fi: Standart Bel<br \/>\n\u00dcr\u00fcn Tipi \/ Stil: Balon Form<br \/>\n\u00dcr\u00fcn\u00fcn Alt Markas\u0131: Kidswear<br \/>\nSat\u0131c\u0131\/\u0130malat\u00e7\u0131\/\u0130thalat\u00e7\u0131 \u0130smi: Koton Ma\u011fazac\u0131l\u0131k Tekstil Sanayi ve Ticaret A.\u015e.<br \/>\nPosta Adresi: Ayaza\u011fa Mah. Maslak Ayaza\u011fa Cad. No:3 \u0130\u00e7 Kap\u0131 No:5 Sar\u0131yer\/\u0130stanbul<br \/>\nE-Posta Adresi: mim@koton.com<\/p>\n","protected":false},"excerpt":{"rendered":"<p>Denim pantolon, pamuklu yap\u0131s\u0131yla miniklere ekstra rahatl\u0131k sunuyor. Balon formu sayesinde hareket \u00f6zg\u00fcrl\u00fc\u011f\u00fcn\u00fc art\u0131r\u0131yor ve \u00e7ocuklar\u0131n g\u00fcn boyu konforlu hissetmesine olanak tan\u0131yor. 5 cep detay\u0131 pratik bir kullan\u0131m sa\u011flarken normal bel tasar\u0131m\u0131 modern bir g\u00f6r\u00fcn\u00fcm sunuyor. Normal pa\u00e7a ve loose fit yap\u0131s\u0131 ise her kombine uyum sa\u011fl\u0131yor. Miniklerin favorisi olacak bu pantolon, hafif denim dokusuyla [&hellip;]<\/p>\n","protected":false},"featured_media":153273,"comment_status":"open","ping_status":"closed","template":"","meta":[],"product_brand":[],"product_cat":[8715,8694,8727,8697,8700],"product_tag":[],"class_list":{"0":"post-153279","1":"product","2":"type-product","3":"status-publish","4":"has-post-thumbnail","6":"product_cat-kiz-cocuklari-2-14-yas","7":"product_cat-cocuklar","8":"product_cat-pantolon","9":"product_cat-yenidogan-0-12-ay","10":"product_cat-yenidogan-giyim","11":"pa_brand-koton","12":"pa_color-light-indigo","13":"pa_size-12-18-ay-2","14":"pa_size-18-24-ay-2","15":"pa_size-24-36-ay-2","16":"pa_size-3-4-yas-2","17":"pa_size-4-5-yas-2","19":"first","20":"instock","21":"sale","22":"shipping-taxable","23":"purchasable","24":"product-type-variable"},"_links":{"self":[{"href":"https:\/\/mod.wisdar.net\/tr\/wp-json\/wp\/v2\/product\/153279","targetHints":{"allow":["GET"]}}],"collection":[{"href":"https:\/\/mod.wisdar.net\/tr\/wp-json\/wp\/v2\/product"}],"about":[{"href":"https:\/\/mod.wisdar.net\/tr\/wp-json\/wp\/v2\/types\/product"}],"replies":[{"embeddable":true,"href":"https:\/\/mod.wisdar.net\/tr\/wp-json\/wp\/v2\/comments?post=153279"}],"wp:featuredmedia":[{"embeddable":true,"href":"https:\/\/mod.wisdar.net\/tr\/wp-json\/wp\/v2\/media\/153273"}],"wp:attachment":[{"href":"https:\/\/mod.wisdar.net\/tr\/wp-json\/wp\/v2\/media?parent=153279"}],"wp:term":[{"taxonomy":"product_brand","embeddable":true,"href":"https:\/\/mod.wisdar.net\/tr\/wp-json\/wp\/v2\/product_brand?post=153279"},{"taxonomy":"product_cat","embeddable":true,"href":"https:\/\/mod.wisdar.net\/tr\/wp-json\/wp\/v2\/product_cat?post=153279"},{"taxonomy":"product_tag","embeddable":true,"href":"https:\/\/mod.wisdar.net\/tr\/wp-json\/wp\/v2\/product_tag?post=153279"}],"curies":[{"name":"wp","href":"https:\/\/api.w.org\/{rel}","templated":true}]}}