{"id":153317,"date":"2026-02-23T13:31:26","date_gmt":"2026-02-23T13:31:26","guid":{"rendered":"https:\/\/modesthanim.com\/product\/erkek-bebek-uzun-kollu-bisiklet-yaka-dinozor-baskili-pamuklu-tisort\/"},"modified":"2026-04-15T22:55:59","modified_gmt":"2026-04-15T22:55:59","slug":"erkek-bebek-uzun-kollu-bisiklet-yaka-dinozor-baskili-pamuklu-tisort","status":"publish","type":"product","link":"https:\/\/mod.wisdar.net\/tr\/urun\/erkek-bebek-uzun-kollu-bisiklet-yaka-dinozor-baskili-pamuklu-tisort\/","title":{"rendered":"Erkek Bebek Uzun Kollu Bisiklet Yaka Dinozor Bask\u0131l\u0131 Pamuklu Ti\u015f\u00f6rt"},"content":{"rendered":"<p>Uzun kollu ve bisiklet yaka pamuklu ti\u015f\u00f6rt, yumu\u015fak dokusuyla miniklere konfor sa\u011fl\u0131yor. Dinozor desenleriyle dikkat \u00e7eken ti\u015f\u00f6rt, miniklerin e\u011flenceli d\u00fcnyas\u0131na renk kat\u0131yor. Rahat kal\u0131b\u0131yla g\u00fcn boyu konfor sa\u011fl\u0131yor. Sevimli ti\u015f\u00f6rt, g\u00fcndelik kullan\u0131m i\u00e7in ideal bir tercih olu\u015fturuyor.<\/p>\n<p>\u00dcr\u00fcn \u00d6zellikleri<br \/>\nKol Tipi: Uzun Kol<br \/>\nYaka Tipi: Bisiklet Yaka<br \/>\nDesen: Dinozor Desenli<br \/>\nKuma\u015f: %100 Pamuk<br \/>\nKullan\u0131m Alan\u0131: G\u00fcnl\u00fck Giyim<\/p>\n<p>Koton erkek bebek ti\u015f\u00f6rt modelleri rahatl\u0131\u011f\u0131 ve sevimli tasar\u0131m\u0131yla bebeklerin favorisi oluyor! Koton Kids koleksiyonu, miniklerin d\u00fcnyas\u0131na ne\u015fe kat\u0131yor!<\/p>\n<p>\u00dcr\u00fcnlerimiz kimyasallara kar\u015f\u0131 test edilerek, t\u00fcm g\u00fcvenlik kurallar\u0131na uygun olarak \u00fcretilir. \u00dcr\u00fcnlerimizde sa\u011fl\u0131\u011fa zararl\u0131 boyalar ve a\u011f\u0131r metaller, tehlikeli yutulabilecek k\u00fc\u00e7\u00fck ve keskin par\u00e7alar, kordon ve ba\u011fc\u0131klar bulunmamaktad\u0131r.<\/p>\n","protected":false},"excerpt":{"rendered":"<p>Uzun kollu ve bisiklet yaka pamuklu ti\u015f\u00f6rt, yumu\u015fak dokusuyla miniklere konfor sa\u011fl\u0131yor. Dinozor desenleriyle dikkat \u00e7eken ti\u015f\u00f6rt, miniklerin e\u011flenceli d\u00fcnyas\u0131na renk kat\u0131yor. Rahat kal\u0131b\u0131yla g\u00fcn boyu konfor sa\u011fl\u0131yor. Sevimli ti\u015f\u00f6rt, g\u00fcndelik kullan\u0131m i\u00e7in ideal bir tercih olu\u015fturuyor. \u00dcr\u00fcn \u00d6zellikleri Kol Tipi: Uzun Kol Yaka Tipi: Bisiklet Yaka Desen: Dinozor Desenli Kuma\u015f: %100 Pamuk Kullan\u0131m Alan\u0131: [&hellip;]<\/p>\n","protected":false},"featured_media":153314,"comment_status":"open","ping_status":"closed","template":"","meta":[],"product_brand":[],"product_cat":[8739,8694,8742],"product_tag":[7426,6768],"class_list":{"0":"post-153317","1":"product","2":"type-product","3":"status-publish","4":"has-post-thumbnail","6":"product_cat-erkek-cocuklar-2-14-yas","7":"product_cat-cocuklar","8":"product_cat-tisortler-gomlekler","9":"product_tag-gunluk-giyim-3","10":"product_tag-uzun-kol","11":"pa_brand-koton","12":"pa_color-ekru-desenli","13":"pa_size-12-18-ay-2","14":"pa_size-18-24-ay-2","15":"pa_size-24-36-ay-2","16":"pa_size-3-4-yas-2","17":"pa_size-4-5-yas-2","18":"pa_size-9-12-ay-3","20":"first","21":"outofstock","22":"shipping-taxable","23":"product-type-variable"},"_links":{"self":[{"href":"https:\/\/mod.wisdar.net\/tr\/wp-json\/wp\/v2\/product\/153317","targetHints":{"allow":["GET"]}}],"collection":[{"href":"https:\/\/mod.wisdar.net\/tr\/wp-json\/wp\/v2\/product"}],"about":[{"href":"https:\/\/mod.wisdar.net\/tr\/wp-json\/wp\/v2\/types\/product"}],"replies":[{"embeddable":true,"href":"https:\/\/mod.wisdar.net\/tr\/wp-json\/wp\/v2\/comments?post=153317"}],"wp:featuredmedia":[{"embeddable":true,"href":"https:\/\/mod.wisdar.net\/tr\/wp-json\/wp\/v2\/media\/153314"}],"wp:attachment":[{"href":"https:\/\/mod.wisdar.net\/tr\/wp-json\/wp\/v2\/media?parent=153317"}],"wp:term":[{"taxonomy":"product_brand","embeddable":true,"href":"https:\/\/mod.wisdar.net\/tr\/wp-json\/wp\/v2\/product_brand?post=153317"},{"taxonomy":"product_cat","embeddable":true,"href":"https:\/\/mod.wisdar.net\/tr\/wp-json\/wp\/v2\/product_cat?post=153317"},{"taxonomy":"product_tag","embeddable":true,"href":"https:\/\/mod.wisdar.net\/tr\/wp-json\/wp\/v2\/product_tag?post=153317"}],"curies":[{"name":"wp","href":"https:\/\/api.w.org\/{rel}","templated":true}]}}