{"id":153387,"date":"2026-02-23T13:34:21","date_gmt":"2026-02-23T13:34:21","guid":{"rendered":"https:\/\/modesthanim.com\/product\/kiz-bebek-pamuklu-cicek-desenli-firfir-detayli-uzun-kollu-bebe-yaka-gomlek\/"},"modified":"2026-04-15T22:34:29","modified_gmt":"2026-04-15T22:34:29","slug":"kiz-bebek-pamuklu-cicek-desenli-firfir-detayli-uzun-kollu-bebe-yaka-gomlek","status":"publish","type":"product","link":"https:\/\/mod.wisdar.net\/tr\/urun\/kiz-bebek-pamuklu-cicek-desenli-firfir-detayli-uzun-kollu-bebe-yaka-gomlek\/","title":{"rendered":"K\u0131z Bebek Pamuklu \u00c7i\u00e7ek Desenli F\u0131rf\u0131r Detayl\u0131 Uzun Kollu Bebe Yaka G\u00f6mlek"},"content":{"rendered":"<p>F\u0131rf\u0131r detayl\u0131 g\u00f6mlek, renkli ve ne\u015feli tasar\u0131m\u0131 ve \u00e7i\u00e7ek bask\u0131l\u0131 detaylar\u0131yla \u00f6ne \u00e7\u0131k\u0131yor. Pamuklu dokusuyla hem g\u00fcnl\u00fck giyim i\u00e7in hem de \u00f6zel g\u00fcnlerde tercih edilebiliyor. Bebeklerin cildini koruyan pamuklu yap\u0131s\u0131 ve hareket \u00f6zg\u00fcrl\u00fc\u011f\u00fc sunan rahat kesimiyle dikkat \u00e7ekiyor. \u015e\u0131k bebe yaka detay\u0131 ve f\u0131rf\u0131rl\u0131 tasar\u0131m\u0131 ile miniklerin sevimli tarz\u0131n\u0131 peki\u015ftiriyor. \u00dcr\u00fcn \u00d6zellikleri Yaka Tipi: Bebe Yaka Kol Boyu: Uzun Kol Ekstra Detay: F\u0131rf\u0131r Detayl\u0131 Kuma\u015f: %99 Pamuk, %1 Elastan Bebe\u011finiz bu k\u0131yafet ile g\u00fcvende! \u00dcr\u00fcnlerimiz kimyasallara kar\u015f\u0131 test edilerek, t\u00fcm g\u00fcvenlik kurallar\u0131na uygun olarak \u00fcretilir. \u00dcr\u00fcnlerimizde sa\u011fl\u0131\u011fa zararl\u0131 boyalar ve a\u011f\u0131r metaller, tehlikeli yutulabilecek k\u00fc\u00e7\u00fck ve keskin par\u00e7alar, kordon ve ba\u011fc\u0131klar bulunmamaktad\u0131r. Koton k\u0131z bebek g\u00f6mlekleri, miniklerin tarz\u0131na zarif bir dokunu\u015f katmay\u0131 ba\u015far\u0131yor! \u015eimdi Koton\u2019un e\u011flenceli ve konforlu bebek giyim koleksiyonunu ke\u015ffedin!<\/p>\n","protected":false},"excerpt":{"rendered":"<p>F\u0131rf\u0131r detayl\u0131 g\u00f6mlek, renkli ve ne\u015feli tasar\u0131m\u0131 ve \u00e7i\u00e7ek bask\u0131l\u0131 detaylar\u0131yla \u00f6ne \u00e7\u0131k\u0131yor. Pamuklu dokusuyla hem g\u00fcnl\u00fck giyim i\u00e7in hem de \u00f6zel g\u00fcnlerde tercih edilebiliyor. Bebeklerin cildini koruyan pamuklu yap\u0131s\u0131 ve hareket \u00f6zg\u00fcrl\u00fc\u011f\u00fc sunan rahat kesimiyle dikkat \u00e7ekiyor. \u015e\u0131k bebe yaka detay\u0131 ve f\u0131rf\u0131rl\u0131 tasar\u0131m\u0131 ile miniklerin sevimli tarz\u0131n\u0131 peki\u015ftiriyor. \u00dcr\u00fcn \u00d6zellikleri Yaka Tipi: Bebe [&hellip;]<\/p>\n","protected":false},"featured_media":153384,"comment_status":"open","ping_status":"closed","template":"","meta":[],"product_brand":[],"product_cat":[8694,8697,8700],"product_tag":[6768],"class_list":{"0":"post-153387","1":"product","2":"type-product","3":"status-publish","4":"has-post-thumbnail","6":"product_cat-cocuklar","7":"product_cat-yenidogan-0-12-ay","8":"product_cat-yenidogan-giyim","9":"product_tag-uzun-kol","10":"pa_brand-koton","11":"pa_color-bej-desenli","12":"pa_size-12-18-ay-2","13":"pa_size-18-24-ay-2","14":"pa_size-24-36-ay-2","15":"pa_size-3-4-yas-2","16":"pa_size-4-5-yas-2","17":"pa_size-9-12-ay-3","19":"first","20":"outofstock","21":"shipping-taxable","22":"product-type-variable"},"_links":{"self":[{"href":"https:\/\/mod.wisdar.net\/tr\/wp-json\/wp\/v2\/product\/153387","targetHints":{"allow":["GET"]}}],"collection":[{"href":"https:\/\/mod.wisdar.net\/tr\/wp-json\/wp\/v2\/product"}],"about":[{"href":"https:\/\/mod.wisdar.net\/tr\/wp-json\/wp\/v2\/types\/product"}],"replies":[{"embeddable":true,"href":"https:\/\/mod.wisdar.net\/tr\/wp-json\/wp\/v2\/comments?post=153387"}],"wp:featuredmedia":[{"embeddable":true,"href":"https:\/\/mod.wisdar.net\/tr\/wp-json\/wp\/v2\/media\/153384"}],"wp:attachment":[{"href":"https:\/\/mod.wisdar.net\/tr\/wp-json\/wp\/v2\/media?parent=153387"}],"wp:term":[{"taxonomy":"product_brand","embeddable":true,"href":"https:\/\/mod.wisdar.net\/tr\/wp-json\/wp\/v2\/product_brand?post=153387"},{"taxonomy":"product_cat","embeddable":true,"href":"https:\/\/mod.wisdar.net\/tr\/wp-json\/wp\/v2\/product_cat?post=153387"},{"taxonomy":"product_tag","embeddable":true,"href":"https:\/\/mod.wisdar.net\/tr\/wp-json\/wp\/v2\/product_tag?post=153387"}],"curies":[{"name":"wp","href":"https:\/\/api.w.org\/{rel}","templated":true}]}}