{"id":153427,"date":"2026-02-23T13:36:36","date_gmt":"2026-02-23T13:36:36","guid":{"rendered":"https:\/\/modesthanim.com\/product\/kiz-bebek-pamuklu-kisa-kollu-bebe-yaka-brodeli-gomlek\/"},"modified":"2026-04-15T20:33:36","modified_gmt":"2026-04-15T20:33:36","slug":"kiz-bebek-pamuklu-kisa-kollu-bebe-yaka-brodeli-gomlek","status":"publish","type":"product","link":"https:\/\/mod.wisdar.net\/tr\/urun\/kiz-bebek-pamuklu-kisa-kollu-bebe-yaka-brodeli-gomlek\/","title":{"rendered":"K\u0131z Bebek Pamuklu K\u0131sa Kollu Bebe Yaka Brodeli G\u00f6mlek"},"content":{"rendered":"<p>Brode detaylarla s\u00fcslenen \u015firin g\u00f6mlek, minikler i\u00e7in m\u00fckemmel bir se\u00e7enek sunuyor. K\u0131sa kollu tasar\u0131m\u0131 ve geni\u015f bebe yakas\u0131 ile \u00f6ne \u00e7\u0131kan g\u00f6mlek, miniklerin enerjisine ayak uyduruyor. Pamuklu yap\u0131s\u0131 konfor sa\u011flarken, zarif i\u015flemeleriyle de sevimli bir g\u00f6r\u00fcn\u00fcm kazan\u0131yor.<\/p>\n<p>\u00dcr\u00fcn \u00d6zellikleri<br \/>\nKol Tipi: K\u0131sa Kol<br \/>\nYaka Tipi: Bebe Yaka<br \/>\nDetay: Brodeli<br \/>\nKuma\u015f: %100 Pamuk<br \/>\nKullan\u0131m Alan\u0131: G\u00fcnl\u00fck Giyim<\/p>\n<p>Koton k\u0131z bebek koleksiyonu, sevimli ve konforlu tasar\u0131mlar\u0131yla miniklerin gard\u0131robunu s\u00fcsl\u00fcyor! Koton&#8217;un birbirinden rahat ve \u015firin bebek giyim koleksiyonunu ke\u015ffedin!<\/p>\n<p>Bebe\u011finiz bu k\u0131yafet ile g\u00fcvende! \u00dcr\u00fcnlerimiz kimyasallara kar\u015f\u0131 test edilerek, t\u00fcm g\u00fcvenlik kurallar\u0131na uygun olarak \u00fcretilir. \u00dcr\u00fcnlerimizde sa\u011fl\u0131\u011fa zararl\u0131 boyalar ve a\u011f\u0131r metaller, tehlikeli yutulabilecek k\u00fc\u00e7\u00fck ve keskin par\u00e7alar, kordon ve ba\u011fc\u0131klar bulunmamaktad\u0131r.<\/p>\n","protected":false},"excerpt":{"rendered":"<p>Brode detaylarla s\u00fcslenen \u015firin g\u00f6mlek, minikler i\u00e7in m\u00fckemmel bir se\u00e7enek sunuyor. K\u0131sa kollu tasar\u0131m\u0131 ve geni\u015f bebe yakas\u0131 ile \u00f6ne \u00e7\u0131kan g\u00f6mlek, miniklerin enerjisine ayak uyduruyor. Pamuklu yap\u0131s\u0131 konfor sa\u011flarken, zarif i\u015flemeleriyle de sevimli bir g\u00f6r\u00fcn\u00fcm kazan\u0131yor. \u00dcr\u00fcn \u00d6zellikleri Kol Tipi: K\u0131sa Kol Yaka Tipi: Bebe Yaka Detay: Brodeli Kuma\u015f: %100 Pamuk Kullan\u0131m Alan\u0131: G\u00fcnl\u00fck [&hellip;]<\/p>\n","protected":false},"featured_media":153424,"comment_status":"open","ping_status":"closed","template":"","meta":[],"product_brand":[],"product_cat":[8715,8694,8724],"product_tag":[7354,7488,6751],"class_list":{"0":"post-153427","1":"product","2":"type-product","3":"status-publish","4":"has-post-thumbnail","6":"product_cat-kiz-cocuklari-2-14-yas","7":"product_cat-cocuklar","8":"product_cat-tisortler-bluzlar","9":"product_tag-gunluk-giyim-2","10":"product_tag-pamuk","11":"product_tag-rahat","12":"pa_brand-koton","13":"pa_color-beyaz","14":"pa_size-12-18-ay-2","15":"pa_size-18-24-ay-2","16":"pa_size-24-36-ay-2","17":"pa_size-3-4-yas-2","18":"pa_size-4-5-yas-2","19":"pa_size-9-12-ay-3","21":"first","22":"outofstock","23":"shipping-taxable","24":"product-type-variable"},"_links":{"self":[{"href":"https:\/\/mod.wisdar.net\/tr\/wp-json\/wp\/v2\/product\/153427","targetHints":{"allow":["GET"]}}],"collection":[{"href":"https:\/\/mod.wisdar.net\/tr\/wp-json\/wp\/v2\/product"}],"about":[{"href":"https:\/\/mod.wisdar.net\/tr\/wp-json\/wp\/v2\/types\/product"}],"replies":[{"embeddable":true,"href":"https:\/\/mod.wisdar.net\/tr\/wp-json\/wp\/v2\/comments?post=153427"}],"wp:featuredmedia":[{"embeddable":true,"href":"https:\/\/mod.wisdar.net\/tr\/wp-json\/wp\/v2\/media\/153424"}],"wp:attachment":[{"href":"https:\/\/mod.wisdar.net\/tr\/wp-json\/wp\/v2\/media?parent=153427"}],"wp:term":[{"taxonomy":"product_brand","embeddable":true,"href":"https:\/\/mod.wisdar.net\/tr\/wp-json\/wp\/v2\/product_brand?post=153427"},{"taxonomy":"product_cat","embeddable":true,"href":"https:\/\/mod.wisdar.net\/tr\/wp-json\/wp\/v2\/product_cat?post=153427"},{"taxonomy":"product_tag","embeddable":true,"href":"https:\/\/mod.wisdar.net\/tr\/wp-json\/wp\/v2\/product_tag?post=153427"}],"curies":[{"name":"wp","href":"https:\/\/api.w.org\/{rel}","templated":true}]}}