{"id":153477,"date":"2026-02-23T13:39:14","date_gmt":"2026-02-23T13:39:14","guid":{"rendered":"https:\/\/modesthanim.com\/product\/kiz-bebek-bisiklet-yaka-katli-balon-kollu-elbise\/"},"modified":"2026-03-03T10:19:33","modified_gmt":"2026-03-03T10:19:33","slug":"kiz-bebek-bisiklet-yaka-katli-balon-kollu-elbise","status":"publish","type":"product","link":"https:\/\/mod.wisdar.net\/tr\/urun\/kiz-bebek-bisiklet-yaka-katli-balon-kollu-elbise\/","title":{"rendered":"K\u0131z Bebek Bisiklet Yaka Katl\u0131 Balon Kollu Elbise"},"content":{"rendered":"<p>Zarif elbise, sevimli detaylar\u0131yla \u00f6ne \u00e7\u0131k\u0131yor. Katmanl\u0131 kesimi ve balon kol tasar\u0131m\u0131 ile miniklerin enerjik g\u00f6r\u00fcn\u00fcm\u00fcne uyum sa\u011fl\u0131yor. Yumu\u015fac\u0131k yap\u0131s\u0131yla konforlu bir se\u00e7enek sunuyor. D\u00fc\u011fme detay\u0131 ise elbiseye pratik bir kullan\u0131m sa\u011fl\u0131yor. <\/p>\n<p>\u00dcr\u00fcn \u00d6zellikleri<\/p>\n<p>Kol Tipi: K\u0131sa Kol<br \/>\nYaka Tipi: Bisiklet Yaka<br \/>\nKullan\u0131m Alan\u0131: G\u00fcnl\u00fck Giyim, \u00d6zel G\u00fcnler<\/p>\n<p>Koton k\u0131z bebek giyim koleksiyonunun zarif detaylar\u0131yla miniklerin gard\u0131robunu s\u00fcsleyin! Sevimli ve rahat tasar\u0131mlar i\u00e7in Koton Kids&#8217;i ke\u015ffedin!<\/p>\n<p>\u00dcr\u00fcnlerimiz kimyasallara kar\u015f\u0131 test edilerek, t\u00fcm g\u00fcvenlik kurallar\u0131na uygun olarak \u00fcretilir. \u00dcr\u00fcnlerimizde sa\u011fl\u0131\u011fa zararl\u0131 boyalar ve a\u011f\u0131r metaller, tehlikeli yutulabilecek k\u00fc\u00e7\u00fck ve keskin par\u00e7alar, kordon ve ba\u011fc\u0131klar bulunmamaktad\u0131r.<\/p>\n<p>\u2014 Technical Details \u2014<br \/>\nKuma\u015f: %99 POL\u0130ESTER, %1 ELASTAN<br \/>\nKol Boyu: K\u0131sa Kol<br \/>\nKol Tipi: Balon Kol<br \/>\nYaka Tipi: Bisiklet Yaka<br \/>\nAstar: %100 POL\u0130ESTER<br \/>\nSil\u00fcet: Katmanl\u0131<br \/>\n\u00dcr\u00fcn Tipi \/ Stil: Katmanl\u0131<br \/>\n\u00dcr\u00fcn\u00fcn Alt Markas\u0131: Kidswear<\/p>\n","protected":false},"excerpt":{"rendered":"<p>Zarif elbise, sevimli detaylar\u0131yla \u00f6ne \u00e7\u0131k\u0131yor. Katmanl\u0131 kesimi ve balon kol tasar\u0131m\u0131 ile miniklerin enerjik g\u00f6r\u00fcn\u00fcm\u00fcne uyum sa\u011fl\u0131yor. Yumu\u015fac\u0131k yap\u0131s\u0131yla konforlu bir se\u00e7enek sunuyor. D\u00fc\u011fme detay\u0131 ise elbiseye pratik bir kullan\u0131m sa\u011fl\u0131yor. \u00dcr\u00fcn \u00d6zellikleri Kol Tipi: K\u0131sa Kol Yaka Tipi: Bisiklet Yaka Kullan\u0131m Alan\u0131: G\u00fcnl\u00fck Giyim, \u00d6zel G\u00fcnler Koton k\u0131z bebek giyim koleksiyonunun zarif detaylar\u0131yla [&hellip;]<\/p>\n","protected":false},"featured_media":153474,"comment_status":"open","ping_status":"closed","template":"","meta":[],"product_brand":[],"product_cat":[8712,8718,8715,8694,8697],"product_tag":[8023,7575],"class_list":{"0":"post-153477","1":"product","2":"type-product","3":"status-publish","4":"has-post-thumbnail","6":"product_cat-bebek-elbiseleri","7":"product_cat-elbiseler-etekler","8":"product_cat-kiz-cocuklari-2-14-yas","9":"product_cat-cocuklar","10":"product_cat-yenidogan-0-12-ay","11":"product_tag-bisiklet-yaka","12":"product_tag-gunluk-elbise","13":"pa_brand-koton","14":"pa_color-ekru","15":"pa_size-12-18-ay-2","16":"pa_size-18-24-ay-2","17":"pa_size-24-36-ay-2","18":"pa_size-3-4-yas-2","19":"pa_size-4-5-yas-2","20":"pa_size-9-12-ay-3","22":"first","23":"instock","24":"sale","25":"shipping-taxable","26":"purchasable","27":"product-type-variable"},"_links":{"self":[{"href":"https:\/\/mod.wisdar.net\/tr\/wp-json\/wp\/v2\/product\/153477","targetHints":{"allow":["GET"]}}],"collection":[{"href":"https:\/\/mod.wisdar.net\/tr\/wp-json\/wp\/v2\/product"}],"about":[{"href":"https:\/\/mod.wisdar.net\/tr\/wp-json\/wp\/v2\/types\/product"}],"replies":[{"embeddable":true,"href":"https:\/\/mod.wisdar.net\/tr\/wp-json\/wp\/v2\/comments?post=153477"}],"wp:featuredmedia":[{"embeddable":true,"href":"https:\/\/mod.wisdar.net\/tr\/wp-json\/wp\/v2\/media\/153474"}],"wp:attachment":[{"href":"https:\/\/mod.wisdar.net\/tr\/wp-json\/wp\/v2\/media?parent=153477"}],"wp:term":[{"taxonomy":"product_brand","embeddable":true,"href":"https:\/\/mod.wisdar.net\/tr\/wp-json\/wp\/v2\/product_brand?post=153477"},{"taxonomy":"product_cat","embeddable":true,"href":"https:\/\/mod.wisdar.net\/tr\/wp-json\/wp\/v2\/product_cat?post=153477"},{"taxonomy":"product_tag","embeddable":true,"href":"https:\/\/mod.wisdar.net\/tr\/wp-json\/wp\/v2\/product_tag?post=153477"}],"curies":[{"name":"wp","href":"https:\/\/api.w.org\/{rel}","templated":true}]}}