{"id":153513,"date":"2026-02-23T13:45:41","date_gmt":"2026-02-23T13:45:41","guid":{"rendered":"https:\/\/modesthanim.com\/product\/firfirli-fiyonk-detayli-bisiklet-yaka-tullu-elbise\/"},"modified":"2026-04-02T21:32:53","modified_gmt":"2026-04-02T21:32:53","slug":"firfirli-fiyonk-detayli-bisiklet-yaka-tullu-elbise","status":"publish","type":"product","link":"https:\/\/mod.wisdar.net\/tr\/urun\/firfirli-fiyonk-detayli-bisiklet-yaka-tullu-elbise\/","title":{"rendered":"F\u0131rf\u0131rl\u0131 Fiyonk Detayl\u0131 Bisiklet Yaka T\u00fcll\u00fc Elbise"},"content":{"rendered":"<p>F\u0131rf\u0131r detayl\u0131 kolsuz elbise, sevimli ve enerjik bir tarz sunuyor. Esnek yap\u0131s\u0131 ve bisiklet yaka tasar\u0131m\u0131 ile bebeklerin rahat hareket etmesine olanak tan\u0131yor. Diz \u00fcst\u00fc boyu ve yumu\u015fak pamuk astar\u0131 ile g\u00fcn boyu konfor sa\u011fl\u0131yor. F\u0131rf\u0131r ve fiyonk detaylar\u0131, elbiseye \u015f\u0131kl\u0131k kat\u0131yor.<\/p>\n<p>\u00dcr\u00fcn \u00d6zellikleri<br \/>\nKol Tipi: Kolsuz<br \/>\nYaka Tipi: Bisiklet Yaka<br \/>\nDetay: F\u0131rf\u0131r Detayl\u0131<br \/>\nAstar: %100 Pamuk<br \/>\nKullan\u0131m Alan\u0131: G\u00fcnl\u00fck Giyim, \u00d6zel G\u00fcnler<\/p>\n<p>Koton k\u0131z bebek elbise koleksiyonu, sevimli tasar\u0131mlar\u0131yla miniklerin kalbini \u00e7al\u0131yor! Koton Kids ile e\u011flenceli ve enerjik elbise modellerini ke\u015ffedin!<\/p>\n<p>\u00dcr\u00fcnlerimiz kimyasallara kar\u015f\u0131 test edilerek, t\u00fcm g\u00fcvenlik kurallar\u0131na uygun olarak \u00fcretilir. \u00dcr\u00fcnlerimizde sa\u011fl\u0131\u011fa zararl\u0131 boyalar ve a\u011f\u0131r metaller, tehlikeli yutulabilecek k\u00fc\u00e7\u00fck ve keskin par\u00e7alar, kordon ve ba\u011fc\u0131klar bulunmamaktad\u0131r.<\/p>\n<p>\u2014 Technical Details \u2014<br \/>\nkol_tipi: Kolsuz<br \/>\nyaka_tipi: Bisiklet Yaka<br \/>\ndetay: F\u0131rf\u0131r Detayl\u0131<br \/>\nastar: %100 PAMUK<br \/>\nkullan\u0131m_alan\u0131: G\u00fcnl\u00fck Giyim, \u00d6zel G\u00fcnler<br \/>\nsil\u00fcet: A Form<br \/>\n\u00fcr\u00fcn_tipi_stil: A Form<br \/>\nalt_marka: Kidswear<br \/>\nsat\u0131c\u0131: Koton Ma\u011fazac\u0131l\u0131k Tekstil Sanayi ve Ticaret A.\u015e.<br \/>\nadres: Ayaza\u011fa Mah. Maslak Ayaza\u011fa Cad. No:3 \u0130\u00e7 Kap\u0131 No:5 Sar\u0131yer\/\u0130stanbul<br \/>\nemail: mim@koton.com<\/p>\n","protected":false},"excerpt":{"rendered":"<p>F\u0131rf\u0131r detayl\u0131 kolsuz elbise, sevimli ve enerjik bir tarz sunuyor. Esnek yap\u0131s\u0131 ve bisiklet yaka tasar\u0131m\u0131 ile bebeklerin rahat hareket etmesine olanak tan\u0131yor. Diz \u00fcst\u00fc boyu ve yumu\u015fak pamuk astar\u0131 ile g\u00fcn boyu konfor sa\u011fl\u0131yor. F\u0131rf\u0131r ve fiyonk detaylar\u0131, elbiseye \u015f\u0131kl\u0131k kat\u0131yor. \u00dcr\u00fcn \u00d6zellikleri Kol Tipi: Kolsuz Yaka Tipi: Bisiklet Yaka Detay: F\u0131rf\u0131r Detayl\u0131 Astar: [&hellip;]<\/p>\n","protected":false},"featured_media":153510,"comment_status":"open","ping_status":"closed","template":"","meta":[],"product_brand":[],"product_cat":[8718,8715,8694],"product_tag":[],"class_list":{"0":"post-153513","1":"product","2":"type-product","3":"status-publish","4":"has-post-thumbnail","6":"product_cat-elbiseler-etekler","7":"product_cat-kiz-cocuklari-2-14-yas","8":"product_cat-cocuklar","9":"pa_brand-koton","10":"pa_color-siyah-desenli","11":"pa_size-12-18-ay-2","12":"pa_size-18-24-ay-2","13":"pa_size-24-36-ay-2","14":"pa_size-3-4-yas-2","15":"pa_size-4-5-yas-2","16":"pa_size-9-12-ay-3","18":"first","19":"outofstock","20":"shipping-taxable","21":"product-type-variable"},"_links":{"self":[{"href":"https:\/\/mod.wisdar.net\/tr\/wp-json\/wp\/v2\/product\/153513","targetHints":{"allow":["GET"]}}],"collection":[{"href":"https:\/\/mod.wisdar.net\/tr\/wp-json\/wp\/v2\/product"}],"about":[{"href":"https:\/\/mod.wisdar.net\/tr\/wp-json\/wp\/v2\/types\/product"}],"replies":[{"embeddable":true,"href":"https:\/\/mod.wisdar.net\/tr\/wp-json\/wp\/v2\/comments?post=153513"}],"wp:featuredmedia":[{"embeddable":true,"href":"https:\/\/mod.wisdar.net\/tr\/wp-json\/wp\/v2\/media\/153510"}],"wp:attachment":[{"href":"https:\/\/mod.wisdar.net\/tr\/wp-json\/wp\/v2\/media?parent=153513"}],"wp:term":[{"taxonomy":"product_brand","embeddable":true,"href":"https:\/\/mod.wisdar.net\/tr\/wp-json\/wp\/v2\/product_brand?post=153513"},{"taxonomy":"product_cat","embeddable":true,"href":"https:\/\/mod.wisdar.net\/tr\/wp-json\/wp\/v2\/product_cat?post=153513"},{"taxonomy":"product_tag","embeddable":true,"href":"https:\/\/mod.wisdar.net\/tr\/wp-json\/wp\/v2\/product_tag?post=153513"}],"curies":[{"name":"wp","href":"https:\/\/api.w.org\/{rel}","templated":true}]}}