{"id":153551,"date":"2026-02-23T13:47:02","date_gmt":"2026-02-23T13:47:02","guid":{"rendered":"https:\/\/modesthanim.com\/product\/kiz-bebek-kisa-kollu-bisiklet-yaka-a-kesim-cepli-fiyonklu-elbise\/"},"modified":"2026-03-27T09:31:48","modified_gmt":"2026-03-27T09:31:48","slug":"kiz-bebek-kisa-kollu-bisiklet-yaka-a-kesim-cepli-fiyonklu-elbise","status":"publish","type":"product","link":"https:\/\/mod.wisdar.net\/tr\/urun\/kiz-bebek-kisa-kollu-bisiklet-yaka-a-kesim-cepli-fiyonklu-elbise\/","title":{"rendered":"K\u0131z Bebek K\u0131sa Kollu Bisiklet Yaka A Kesim Cepli Fiyonklu Elbise"},"content":{"rendered":"<p>A kesim diz \u00fcst\u00fc elbise, bebeklerin gard\u0131robuna sevimli bir dokunu\u015f kat\u0131yor. K\u0131sa kollu tasar\u0131m\u0131, bisiklet yaka detay\u0131 ve fiyonklu tasar\u0131m\u0131 ile miniklere sevimli bir g\u00f6r\u00fcn\u00fcm sunuyor. Cep detaylar\u0131 hem \u015f\u0131kl\u0131k kat\u0131yor hem de pratiklik sa\u011fl\u0131yor. Yumu\u015fak kuma\u015f\u0131 ile bebe\u011finiz g\u00fcn boyu rahat hissediyor.<\/p>\n<p>\u00dcr\u00fcn \u00d6zellikleri<br \/>\nKol Tipi: K\u0131sa Kollu<br \/>\nYaka Tipi: Bisiklet Yaka<br \/>\nDetay: Cep Detayl\u0131<br \/>\nStil: A Kesim<br \/>\nKullan\u0131m Alan\u0131: G\u00fcnl\u00fck Giyim<\/p>\n<p>Koton k\u0131z bebek giyim koleksiyonu, rahat ve \u015f\u0131k tasar\u0131mlar\u0131yla miniklerin d\u00fcnyas\u0131n\u0131 renklendiriyor!<\/p>\n<p>\u00dcr\u00fcnlerimiz kimyasallara kar\u015f\u0131 test edilerek, t\u00fcm g\u00fcvenlik kurallar\u0131na uygun olarak \u00fcretilir. \u00dcr\u00fcnlerimizde sa\u011fl\u0131\u011fa zararl\u0131 boyalar ve a\u011f\u0131r metaller, tehlikeli yutulabilecek k\u00fc\u00e7\u00fck ve keskin par\u00e7alar, kordon ve ba\u011fc\u0131klar bulunmamaktad\u0131r.<\/p>\n","protected":false},"excerpt":{"rendered":"<p>A kesim diz \u00fcst\u00fc elbise, bebeklerin gard\u0131robuna sevimli bir dokunu\u015f kat\u0131yor. K\u0131sa kollu tasar\u0131m\u0131, bisiklet yaka detay\u0131 ve fiyonklu tasar\u0131m\u0131 ile miniklere sevimli bir g\u00f6r\u00fcn\u00fcm sunuyor. Cep detaylar\u0131 hem \u015f\u0131kl\u0131k kat\u0131yor hem de pratiklik sa\u011fl\u0131yor. Yumu\u015fak kuma\u015f\u0131 ile bebe\u011finiz g\u00fcn boyu rahat hissediyor. \u00dcr\u00fcn \u00d6zellikleri Kol Tipi: K\u0131sa Kollu Yaka Tipi: Bisiklet Yaka Detay: Cep [&hellip;]<\/p>\n","protected":false},"featured_media":153546,"comment_status":"open","ping_status":"closed","template":"","meta":[],"product_brand":[],"product_cat":[8718,8715,8694],"product_tag":[4847,7352,7354,7488],"class_list":{"0":"post-153551","1":"product","2":"type-product","3":"status-publish","4":"has-post-thumbnail","6":"product_cat-elbiseler-etekler","7":"product_cat-kiz-cocuklari-2-14-yas","8":"product_cat-cocuklar","9":"product_tag-a-line","10":"product_tag-cepli","11":"product_tag-gunluk-giyim-2","12":"product_tag-pamuk","13":"pa_brand-koton","14":"pa_color-beyaz","15":"pa_size-12-18-ay-2","16":"pa_size-18-24-ay-2","17":"pa_size-24-36-ay-2","18":"pa_size-3-4-yas-2","19":"pa_size-4-5-yas-2","21":"first","22":"instock","23":"sale","24":"shipping-taxable","25":"purchasable","26":"product-type-variable"},"_links":{"self":[{"href":"https:\/\/mod.wisdar.net\/tr\/wp-json\/wp\/v2\/product\/153551","targetHints":{"allow":["GET"]}}],"collection":[{"href":"https:\/\/mod.wisdar.net\/tr\/wp-json\/wp\/v2\/product"}],"about":[{"href":"https:\/\/mod.wisdar.net\/tr\/wp-json\/wp\/v2\/types\/product"}],"replies":[{"embeddable":true,"href":"https:\/\/mod.wisdar.net\/tr\/wp-json\/wp\/v2\/comments?post=153551"}],"wp:featuredmedia":[{"embeddable":true,"href":"https:\/\/mod.wisdar.net\/tr\/wp-json\/wp\/v2\/media\/153546"}],"wp:attachment":[{"href":"https:\/\/mod.wisdar.net\/tr\/wp-json\/wp\/v2\/media?parent=153551"}],"wp:term":[{"taxonomy":"product_brand","embeddable":true,"href":"https:\/\/mod.wisdar.net\/tr\/wp-json\/wp\/v2\/product_brand?post=153551"},{"taxonomy":"product_cat","embeddable":true,"href":"https:\/\/mod.wisdar.net\/tr\/wp-json\/wp\/v2\/product_cat?post=153551"},{"taxonomy":"product_tag","embeddable":true,"href":"https:\/\/mod.wisdar.net\/tr\/wp-json\/wp\/v2\/product_tag?post=153551"}],"curies":[{"name":"wp","href":"https:\/\/api.w.org\/{rel}","templated":true}]}}