{"id":153608,"date":"2026-02-23T13:49:50","date_gmt":"2026-02-23T13:49:50","guid":{"rendered":"https:\/\/modesthanim.com\/product\/pamuklu-sardonlu-beli-bagcikli-jogger-esofman-alti\/"},"modified":"2026-04-10T23:26:09","modified_gmt":"2026-04-10T23:26:09","slug":"pamuklu-sardonlu-beli-bagcikli-jogger-esofman-alti","status":"publish","type":"product","link":"https:\/\/mod.wisdar.net\/tr\/urun\/pamuklu-sardonlu-beli-bagcikli-jogger-esofman-alti\/","title":{"rendered":"Pamuklu \u015eardonlu Beli Ba\u011fc\u0131kl\u0131 Jogger E\u015fofman Alt\u0131"},"content":{"rendered":"<p>Pamuklu dokusuyla bebeklere konfor sunan jogger pantolon, g\u00fcn boyu lastikli pa\u00e7a tasar\u0131m\u0131yla hareket \u00f6zg\u00fcrl\u00fc\u011f\u00fc sa\u011fl\u0131yor. Cep detaylar\u0131 ile \u015firin bir g\u00f6r\u00fcn\u00fcm kazan\u0131yor ve lastikli pa\u00e7a tasar\u0131m\u0131yla bebe\u011finizin rahat etmesine yard\u0131mc\u0131 oluyor.<\/p>\n<p>\u00dcr\u00fcn \u00d6zellikleri<\/p>\n<p>Kuma\u015f: %100 Pamuk<br \/>\nCep: Cep Detayl\u0131<br \/>\nPa\u00e7a Tipi: Lastikli Pa\u00e7a<br \/>\nKullan\u0131m Alan\u0131: G\u00fcnl\u00fck Giyim, Spor Giyim<\/p>\n<p>Koton k\u0131z bebek pantolon modelleri bebeklerin enerjisine her an e\u015flik etmeye haz\u0131r! Kaliteli ve \u015f\u0131k tasar\u0131mlarla konforu ke\u015ffedin!<\/p>\n<p>\u00dcr\u00fcnlerimiz kimyasallara kar\u015f\u0131 test edilerek, t\u00fcm g\u00fcvenlik kurallar\u0131na uygun olarak \u00fcretilir. \u00dcr\u00fcnlerimizde sa\u011fl\u0131\u011fa zararl\u0131 boyalar ve a\u011f\u0131r metaller, tehlikeli yutulabilecek k\u00fc\u00e7\u00fck ve keskin par\u00e7alar, kordon ve ba\u011fc\u0131klar bulunmamaktad\u0131r.<\/p>\n","protected":false},"excerpt":{"rendered":"<p>Pamuklu dokusuyla bebeklere konfor sunan jogger pantolon, g\u00fcn boyu lastikli pa\u00e7a tasar\u0131m\u0131yla hareket \u00f6zg\u00fcrl\u00fc\u011f\u00fc sa\u011fl\u0131yor. Cep detaylar\u0131 ile \u015firin bir g\u00f6r\u00fcn\u00fcm kazan\u0131yor ve lastikli pa\u00e7a tasar\u0131m\u0131yla bebe\u011finizin rahat etmesine yard\u0131mc\u0131 oluyor. \u00dcr\u00fcn \u00d6zellikleri Kuma\u015f: %100 Pamuk Cep: Cep Detayl\u0131 Pa\u00e7a Tipi: Lastikli Pa\u00e7a Kullan\u0131m Alan\u0131: G\u00fcnl\u00fck Giyim, Spor Giyim Koton k\u0131z bebek pantolon modelleri bebeklerin [&hellip;]<\/p>\n","protected":false},"featured_media":153602,"comment_status":"open","ping_status":"closed","template":"","meta":[],"product_brand":[],"product_cat":[8715,8694,8727,8697,8700],"product_tag":[8281,6916,7651,7488,6751,7424],"class_list":{"0":"post-153608","1":"product","2":"type-product","3":"status-publish","4":"has-post-thumbnail","6":"product_cat-kiz-cocuklari-2-14-yas","7":"product_cat-cocuklar","8":"product_cat-pantolon","9":"product_cat-yenidogan-0-12-ay","10":"product_cat-yenidogan-giyim","11":"product_tag-bagcikli-bel","12":"product_tag-elastik-manset","13":"product_tag-esofman-alti","14":"product_tag-pamuk","15":"product_tag-rahat","16":"product_tag-spor-giyim","17":"pa_brand-koton","18":"pa_color-lila","19":"pa_size-12-18-ay-2","20":"pa_size-18-24-ay-2","21":"pa_size-24-36-ay-2","22":"pa_size-3-4-yas-2","23":"pa_size-4-5-yas-2","24":"pa_size-9-12-ay-3","26":"first","27":"instock","28":"sale","29":"shipping-taxable","30":"purchasable","31":"product-type-variable"},"_links":{"self":[{"href":"https:\/\/mod.wisdar.net\/tr\/wp-json\/wp\/v2\/product\/153608","targetHints":{"allow":["GET"]}}],"collection":[{"href":"https:\/\/mod.wisdar.net\/tr\/wp-json\/wp\/v2\/product"}],"about":[{"href":"https:\/\/mod.wisdar.net\/tr\/wp-json\/wp\/v2\/types\/product"}],"replies":[{"embeddable":true,"href":"https:\/\/mod.wisdar.net\/tr\/wp-json\/wp\/v2\/comments?post=153608"}],"wp:featuredmedia":[{"embeddable":true,"href":"https:\/\/mod.wisdar.net\/tr\/wp-json\/wp\/v2\/media\/153602"}],"wp:attachment":[{"href":"https:\/\/mod.wisdar.net\/tr\/wp-json\/wp\/v2\/media?parent=153608"}],"wp:term":[{"taxonomy":"product_brand","embeddable":true,"href":"https:\/\/mod.wisdar.net\/tr\/wp-json\/wp\/v2\/product_brand?post=153608"},{"taxonomy":"product_cat","embeddable":true,"href":"https:\/\/mod.wisdar.net\/tr\/wp-json\/wp\/v2\/product_cat?post=153608"},{"taxonomy":"product_tag","embeddable":true,"href":"https:\/\/mod.wisdar.net\/tr\/wp-json\/wp\/v2\/product_tag?post=153608"}],"curies":[{"name":"wp","href":"https:\/\/api.w.org\/{rel}","templated":true}]}}