{"id":153663,"date":"2026-02-23T13:54:55","date_gmt":"2026-02-23T13:54:55","guid":{"rendered":"https:\/\/modesthanim.com\/product\/kiz-bebek-pamuklu-cepli-yirtmac-detayli-ispanyol-paca-tayt\/"},"modified":"2026-04-10T23:43:52","modified_gmt":"2026-04-10T23:43:52","slug":"kiz-bebek-pamuklu-cepli-yirtmac-detayli-ispanyol-paca-tayt","status":"publish","type":"product","link":"https:\/\/mod.wisdar.net\/tr\/urun\/kiz-bebek-pamuklu-cepli-yirtmac-detayli-ispanyol-paca-tayt\/","title":{"rendered":"K\u0131z Bebek Pamuklu Cepli Y\u0131rtma\u00e7 Detayl\u0131 \u0130spanyol Pa\u00e7a Tayt"},"content":{"rendered":"<p>Pamuklu yap\u0131s\u0131yla yumu\u015fak bir doku sunan tayt, g\u00fcn boyu konfor sa\u011fl\u0131yor. \u0130spanyol pa\u00e7a detay\u0131yla modern bir g\u00f6r\u00fcn\u00fcm kazanan bu tayt, g\u00fcnl\u00fck aktiviteleri ve oyun saatlerini daha keyifli hale getiriyor. Arka cebindeki aplike detay ise ekstra \u015f\u0131kl\u0131k kat\u0131yor. Bu tayt, enerjik k\u0131z bebekler i\u00e7in m\u00fckemmel bir tercih.<\/p>\n<p>\u00dcr\u00fcn \u00d6zellikleri<br \/>\nKuma\u015f: %95 Pamuk, %5 Elastan<br \/>\nBel Tipi: Normal Bel<br \/>\nFit: Regular<br \/>\nStil: \u0130spanyol Pa\u00e7a<br \/>\nDetay: Y\u0131rtma\u00e7 Detayl\u0131<br \/>\nKullan\u0131m Alan\u0131: G\u00fcnl\u00fck Giyim<\/p>\n<p>Koton k\u0131z bebek tayt modelleri bebeklerin enerjisine her an e\u015flik etmeye haz\u0131r. Pamuklu yap\u0131s\u0131yla bebe\u011finiz i\u00e7in hem rahat hem de \u015firin bir se\u00e7enek sunuyor!<\/p>\n<p>\u00dcr\u00fcnlerimiz kimyasallara kar\u015f\u0131 test edilerek, t\u00fcm g\u00fcvenlik kurallar\u0131na uygun olarak \u00fcretilir. \u00dcr\u00fcnlerimizde sa\u011fl\u0131\u011fa zararl\u0131 boyalar ve a\u011f\u0131r metaller, tehlikeli yutulabilecek k\u00fc\u00e7\u00fck ve keskin par\u00e7alar, kordon ve ba\u011fc\u0131klar bulunmamaktad\u0131r.<\/p>\n","protected":false},"excerpt":{"rendered":"<p>Pamuklu yap\u0131s\u0131yla yumu\u015fak bir doku sunan tayt, g\u00fcn boyu konfor sa\u011fl\u0131yor. \u0130spanyol pa\u00e7a detay\u0131yla modern bir g\u00f6r\u00fcn\u00fcm kazanan bu tayt, g\u00fcnl\u00fck aktiviteleri ve oyun saatlerini daha keyifli hale getiriyor. Arka cebindeki aplike detay ise ekstra \u015f\u0131kl\u0131k kat\u0131yor. Bu tayt, enerjik k\u0131z bebekler i\u00e7in m\u00fckemmel bir tercih. \u00dcr\u00fcn \u00d6zellikleri Kuma\u015f: %95 Pamuk, %5 Elastan Bel Tipi: [&hellip;]<\/p>\n","protected":false},"featured_media":153660,"comment_status":"open","ping_status":"closed","template":"","meta":[],"product_brand":[],"product_cat":[8715,8694,8727],"product_tag":[7426,7467,6751,8107],"class_list":{"0":"post-153663","1":"product","2":"type-product","3":"status-publish","4":"has-post-thumbnail","6":"product_cat-kiz-cocuklari-2-14-yas","7":"product_cat-cocuklar","8":"product_cat-pantolon","9":"product_tag-gunluk-giyim-3","10":"product_tag-ispanyol-paca","11":"product_tag-rahat","12":"product_tag-sik","13":"pa_brand-koton","14":"pa_color-siyah","15":"pa_size-12-18-ay-2","16":"pa_size-18-24-ay-2","17":"pa_size-24-36-ay-2","18":"pa_size-3-4-yas-2","19":"pa_size-4-5-yas-2","20":"pa_size-9-12-ay-3","22":"first","23":"instock","24":"sale","25":"shipping-taxable","26":"purchasable","27":"product-type-variable"},"_links":{"self":[{"href":"https:\/\/mod.wisdar.net\/tr\/wp-json\/wp\/v2\/product\/153663","targetHints":{"allow":["GET"]}}],"collection":[{"href":"https:\/\/mod.wisdar.net\/tr\/wp-json\/wp\/v2\/product"}],"about":[{"href":"https:\/\/mod.wisdar.net\/tr\/wp-json\/wp\/v2\/types\/product"}],"replies":[{"embeddable":true,"href":"https:\/\/mod.wisdar.net\/tr\/wp-json\/wp\/v2\/comments?post=153663"}],"wp:featuredmedia":[{"embeddable":true,"href":"https:\/\/mod.wisdar.net\/tr\/wp-json\/wp\/v2\/media\/153660"}],"wp:attachment":[{"href":"https:\/\/mod.wisdar.net\/tr\/wp-json\/wp\/v2\/media?parent=153663"}],"wp:term":[{"taxonomy":"product_brand","embeddable":true,"href":"https:\/\/mod.wisdar.net\/tr\/wp-json\/wp\/v2\/product_brand?post=153663"},{"taxonomy":"product_cat","embeddable":true,"href":"https:\/\/mod.wisdar.net\/tr\/wp-json\/wp\/v2\/product_cat?post=153663"},{"taxonomy":"product_tag","embeddable":true,"href":"https:\/\/mod.wisdar.net\/tr\/wp-json\/wp\/v2\/product_tag?post=153663"}],"curies":[{"name":"wp","href":"https:\/\/api.w.org\/{rel}","templated":true}]}}