{"id":153705,"date":"2026-02-23T14:04:47","date_gmt":"2026-02-23T14:04:47","guid":{"rendered":"https:\/\/modesthanim.com\/product\/kiz-bebek-pamuklu-ayicik-baskili-bisiklet-yaka-kisa-kollu-tisort\/"},"modified":"2026-04-10T23:51:40","modified_gmt":"2026-04-10T23:51:40","slug":"kiz-bebek-pamuklu-ayicik-baskili-bisiklet-yaka-kisa-kollu-tisort","status":"publish","type":"product","link":"https:\/\/mod.wisdar.net\/tr\/urun\/kiz-bebek-pamuklu-ayicik-baskili-bisiklet-yaka-kisa-kollu-tisort\/","title":{"rendered":"K\u0131z Bebek Pamuklu Ay\u0131c\u0131k Bask\u0131l\u0131 Bisiklet Yaka K\u0131sa Kollu Ti\u015f\u00f6rt"},"content":{"rendered":"<p>Pamuklu, ay\u0131c\u0131k bask\u0131l\u0131 ti\u015f\u00f6rt, miniklerin enerjik ve sevimlibir g\u00f6r\u00fcn\u00fcm yarat\u0131yor. Pamuklu yap\u0131s\u0131yla rahat bir giyim sunarken ay\u0131c\u0131k bask\u0131s\u0131 ile dikkat \u00e7ekiyor. Ti\u015f\u00f6rt, hem g\u00fcnl\u00fck kullan\u0131m i\u00e7in hem de e\u011flenceli aktiviteler i\u00e7in ideal bir se\u00e7enek olu\u015fturuyor. Rahat kesimi sayesinde \u00f6zg\u00fcrce hareket imkan\u0131 sa\u011fl\u0131yor ve g\u00fcn boyu konfor vaat ediyor.<\/p>\n<p>\u00dcr\u00fcn \u00d6zellikleri<br \/>\nKol Tipi: K\u0131sa Kol<br \/>\nYaka Tipi: Bisiklet Yaka<br \/>\nDetay: Bask\u0131l\u0131<br \/>\nFit: Regular<br \/>\nKuma\u015f: %100 Pamuk<br \/>\nKullan\u0131m Alan\u0131: G\u00fcnl\u00fck Giyim, Spor Giyim<\/p>\n<p>Koton k\u0131z bebek ti\u015f\u00f6rt modelleri sevimli ve konforlu detaylar\u0131yla miniklerin favorisi oluyor! Pamuklu yap\u0131s\u0131 ile hem \u015f\u0131kl\u0131\u011f\u0131 hem de rahatl\u0131\u011f\u0131 bir araya getiriyor. Koton Kids koleksiyonunu hemen ke\u015ffedin!<\/p>\n<p>\u00dcr\u00fcnlerimiz kimyasallara kar\u015f\u0131 test edilerek, t\u00fcm g\u00fcvenlik kurallar\u0131na uygun olarak \u00fcretilir. \u00dcr\u00fcnlerimizde sa\u011fl\u0131\u011fa zararl\u0131 boyalar ve a\u011f\u0131r metaller, tehlikeli yutulabilecek k\u00fc\u00e7\u00fck ve keskin par\u00e7alar, kordon ve ba\u011fc\u0131klar bulunmamaktad\u0131r.<\/p>\n","protected":false},"excerpt":{"rendered":"<p>Pamuklu, ay\u0131c\u0131k bask\u0131l\u0131 ti\u015f\u00f6rt, miniklerin enerjik ve sevimlibir g\u00f6r\u00fcn\u00fcm yarat\u0131yor. Pamuklu yap\u0131s\u0131yla rahat bir giyim sunarken ay\u0131c\u0131k bask\u0131s\u0131 ile dikkat \u00e7ekiyor. Ti\u015f\u00f6rt, hem g\u00fcnl\u00fck kullan\u0131m i\u00e7in hem de e\u011flenceli aktiviteler i\u00e7in ideal bir se\u00e7enek olu\u015fturuyor. Rahat kesimi sayesinde \u00f6zg\u00fcrce hareket imkan\u0131 sa\u011fl\u0131yor ve g\u00fcn boyu konfor vaat ediyor. \u00dcr\u00fcn \u00d6zellikleri Kol Tipi: K\u0131sa Kol Yaka [&hellip;]<\/p>\n","protected":false},"featured_media":153700,"comment_status":"open","ping_status":"closed","template":"","meta":[],"product_brand":[],"product_cat":[8715,8694,8724],"product_tag":[10157,10306,10528,9023,8856,9201,10930],"class_list":{"0":"post-153705","1":"product","2":"type-product","3":"status-publish","4":"has-post-thumbnail","6":"product_cat-kiz-cocuklari-2-14-yas","7":"product_cat-cocuklar","8":"product_cat-tisortler-bluzlar","9":"product_tag-baby-t-shirt","10":"product_tag-childrens-apparel","11":"product_tag-comfortable-kids-wear-2","12":"product_tag-cotton-t-shirt","13":"product_tag-girls-clothing","14":"product_tag-kids-fashion","15":"product_tag-teddy-bear-print","16":"pa_brand-koton","17":"pa_color-ekru","18":"pa_size-12-18-ay-2","19":"pa_size-18-24-ay-2","20":"pa_size-24-36-ay-2","21":"pa_size-3-4-yas-2","22":"pa_size-4-5-yas-2","23":"pa_size-9-12-ay-3","25":"first","26":"instock","27":"sale","28":"shipping-taxable","29":"purchasable","30":"product-type-variable"},"_links":{"self":[{"href":"https:\/\/mod.wisdar.net\/tr\/wp-json\/wp\/v2\/product\/153705","targetHints":{"allow":["GET"]}}],"collection":[{"href":"https:\/\/mod.wisdar.net\/tr\/wp-json\/wp\/v2\/product"}],"about":[{"href":"https:\/\/mod.wisdar.net\/tr\/wp-json\/wp\/v2\/types\/product"}],"replies":[{"embeddable":true,"href":"https:\/\/mod.wisdar.net\/tr\/wp-json\/wp\/v2\/comments?post=153705"}],"wp:featuredmedia":[{"embeddable":true,"href":"https:\/\/mod.wisdar.net\/tr\/wp-json\/wp\/v2\/media\/153700"}],"wp:attachment":[{"href":"https:\/\/mod.wisdar.net\/tr\/wp-json\/wp\/v2\/media?parent=153705"}],"wp:term":[{"taxonomy":"product_brand","embeddable":true,"href":"https:\/\/mod.wisdar.net\/tr\/wp-json\/wp\/v2\/product_brand?post=153705"},{"taxonomy":"product_cat","embeddable":true,"href":"https:\/\/mod.wisdar.net\/tr\/wp-json\/wp\/v2\/product_cat?post=153705"},{"taxonomy":"product_tag","embeddable":true,"href":"https:\/\/mod.wisdar.net\/tr\/wp-json\/wp\/v2\/product_tag?post=153705"}],"curies":[{"name":"wp","href":"https:\/\/api.w.org\/{rel}","templated":true}]}}