{"id":153766,"date":"2026-02-23T14:09:44","date_gmt":"2026-02-23T14:09:44","guid":{"rendered":"https:\/\/modesthanim.com\/product\/kiz-bebek-pamuklu-beli-lastikli-basic-tayt\/"},"modified":"2026-04-03T23:21:52","modified_gmt":"2026-04-03T23:21:52","slug":"kiz-bebek-pamuklu-beli-lastikli-basic-tayt","status":"publish","type":"product","link":"https:\/\/mod.wisdar.net\/tr\/urun\/kiz-bebek-pamuklu-beli-lastikli-basic-tayt\/","title":{"rendered":"K\u0131z Bebek Pamuklu Beli Lastikli Basic Tayt"},"content":{"rendered":"<p>Pamuklu tayt, yumu\u015fak yap\u0131s\u0131yla g\u00fcn boyu konfor sa\u011fl\u0131yor. Esnek kuma\u015f\u0131 sayesinde miniklerin hareket kabiliyetini art\u0131r\u0131yor ve oyun saatlerinde rahatl\u0131k sunuyor. Basic yap\u0131s\u0131yla er kombine kolayca uyum sa\u011fl\u0131yor.<\/p>\n<p>\u00dcr\u00fcn \u00d6zellikleri<br \/>\nKuma\u015f: %96 Pamuk, %4 Elastan<br \/>\nStil: Basic<br \/>\nKullan\u0131m Alan\u0131: G\u00fcnl\u00fck Giyim<\/p>\n<p>Koton k\u0131z bebek tayt modelleri, miniklerin rahatl\u0131\u011f\u0131na her an e\u015flik ediyor! Sevimli tasar\u0131mlarla dolu Koton Kids koleksiyonunu \u015fimdi ke\u015ffedin!<\/p>\n<p>\u00dcr\u00fcnlerimiz kimyasallara kar\u015f\u0131 test edilerek, t\u00fcm g\u00fcvenlik kurallar\u0131na uygun olarak \u00fcretilir. \u00dcr\u00fcnlerimizde sa\u011fl\u0131\u011fa zararl\u0131 boyalar ve a\u011f\u0131r metaller, tehlikeli yutulabilecek k\u00fc\u00e7\u00fck ve keskin par\u00e7alar, kordon ve ba\u011fc\u0131klar bulunmamaktad\u0131r.<\/p>\n","protected":false},"excerpt":{"rendered":"<p>Pamuklu tayt, yumu\u015fak yap\u0131s\u0131yla g\u00fcn boyu konfor sa\u011fl\u0131yor. Esnek kuma\u015f\u0131 sayesinde miniklerin hareket kabiliyetini art\u0131r\u0131yor ve oyun saatlerinde rahatl\u0131k sunuyor. Basic yap\u0131s\u0131yla er kombine kolayca uyum sa\u011fl\u0131yor. \u00dcr\u00fcn \u00d6zellikleri Kuma\u015f: %96 Pamuk, %4 Elastan Stil: Basic Kullan\u0131m Alan\u0131: G\u00fcnl\u00fck Giyim Koton k\u0131z bebek tayt modelleri, miniklerin rahatl\u0131\u011f\u0131na her an e\u015flik ediyor! Sevimli tasar\u0131mlarla dolu Koton [&hellip;]<\/p>\n","protected":false},"featured_media":153760,"comment_status":"open","ping_status":"closed","template":"","meta":[],"product_brand":[],"product_cat":[8715,8694,8727],"product_tag":[6765,8081],"class_list":{"0":"post-153766","1":"product","2":"type-product","3":"status-publish","4":"has-post-thumbnail","6":"product_cat-kiz-cocuklari-2-14-yas","7":"product_cat-cocuklar","8":"product_cat-pantolon","9":"product_tag-lastikli-bel","10":"product_tag-rahat-tayt","11":"pa_brand-koton","12":"pa_color-pembe","13":"pa_size-12-18-ay-2","14":"pa_size-18-24-ay-2","15":"pa_size-24-36-ay-2","16":"pa_size-3-4-yas-2","17":"pa_size-4-5-yas-2","18":"pa_size-9-12-ay-3","20":"first","21":"outofstock","22":"shipping-taxable","23":"product-type-variable"},"_links":{"self":[{"href":"https:\/\/mod.wisdar.net\/tr\/wp-json\/wp\/v2\/product\/153766","targetHints":{"allow":["GET"]}}],"collection":[{"href":"https:\/\/mod.wisdar.net\/tr\/wp-json\/wp\/v2\/product"}],"about":[{"href":"https:\/\/mod.wisdar.net\/tr\/wp-json\/wp\/v2\/types\/product"}],"replies":[{"embeddable":true,"href":"https:\/\/mod.wisdar.net\/tr\/wp-json\/wp\/v2\/comments?post=153766"}],"wp:featuredmedia":[{"embeddable":true,"href":"https:\/\/mod.wisdar.net\/tr\/wp-json\/wp\/v2\/media\/153760"}],"wp:attachment":[{"href":"https:\/\/mod.wisdar.net\/tr\/wp-json\/wp\/v2\/media?parent=153766"}],"wp:term":[{"taxonomy":"product_brand","embeddable":true,"href":"https:\/\/mod.wisdar.net\/tr\/wp-json\/wp\/v2\/product_brand?post=153766"},{"taxonomy":"product_cat","embeddable":true,"href":"https:\/\/mod.wisdar.net\/tr\/wp-json\/wp\/v2\/product_cat?post=153766"},{"taxonomy":"product_tag","embeddable":true,"href":"https:\/\/mod.wisdar.net\/tr\/wp-json\/wp\/v2\/product_tag?post=153766"}],"curies":[{"name":"wp","href":"https:\/\/api.w.org\/{rel}","templated":true}]}}