{"id":153769,"date":"2026-02-23T14:09:45","date_gmt":"2026-02-23T14:09:45","guid":{"rendered":"https:\/\/modesthanim.com\/product\/pamuklu-beli-lastikli-basic-sardonlu-tayt\/"},"modified":"2026-03-03T10:21:08","modified_gmt":"2026-03-03T10:21:08","slug":"pamuklu-beli-lastikli-basic-sardonlu-tayt","status":"publish","type":"product","link":"https:\/\/mod.wisdar.net\/tr\/urun\/pamuklu-beli-lastikli-basic-sardonlu-tayt\/","title":{"rendered":"Pamuklu Beli Lastikli Basic \u015eardonlu Tayt"},"content":{"rendered":"<p>Pamuklu Beli Lastikli Basic \u015eardonlu Tayt at Koton.com with discounted prices! Pamuklu Beli Lastikli Basic \u015eardonlu Tayt 299.99 TL only Click now to buy! | Koton<\/p>\n","protected":false},"excerpt":{"rendered":"<p>Pamuklu Beli Lastikli Basic \u015eardonlu Tayt at Koton.com with discounted prices! Pamuklu Beli Lastikli Basic \u015eardonlu Tayt 299.99 TL only Click now to buy! | Koton<\/p>\n","protected":false},"featured_media":153761,"comment_status":"open","ping_status":"closed","template":"","meta":[],"product_brand":[],"product_cat":[8715,8694,8727],"product_tag":[4886,7643,7426,6765,7488,6751],"class_list":{"0":"post-153769","1":"product","2":"type-product","3":"status-publish","4":"has-post-thumbnail","6":"product_cat-kiz-cocuklari-2-14-yas","7":"product_cat-cocuklar","8":"product_cat-pantolon","9":"product_tag-basic","10":"product_tag-fitilli","11":"product_tag-gunluk-giyim-3","12":"product_tag-lastikli-bel","13":"product_tag-pamuk","14":"product_tag-rahat","15":"pa_brand-koton","16":"pa_color-pembe","17":"pa_size-12-18-ay-2","18":"pa_size-18-24-ay-2","19":"pa_size-24-36-ay-2","20":"pa_size-3-4-yas-2","21":"pa_size-4-5-yas-2","22":"pa_size-9-12-ay-3","24":"first","25":"instock","26":"sale","27":"shipping-taxable","28":"purchasable","29":"product-type-variable"},"_links":{"self":[{"href":"https:\/\/mod.wisdar.net\/tr\/wp-json\/wp\/v2\/product\/153769","targetHints":{"allow":["GET"]}}],"collection":[{"href":"https:\/\/mod.wisdar.net\/tr\/wp-json\/wp\/v2\/product"}],"about":[{"href":"https:\/\/mod.wisdar.net\/tr\/wp-json\/wp\/v2\/types\/product"}],"replies":[{"embeddable":true,"href":"https:\/\/mod.wisdar.net\/tr\/wp-json\/wp\/v2\/comments?post=153769"}],"wp:featuredmedia":[{"embeddable":true,"href":"https:\/\/mod.wisdar.net\/tr\/wp-json\/wp\/v2\/media\/153761"}],"wp:attachment":[{"href":"https:\/\/mod.wisdar.net\/tr\/wp-json\/wp\/v2\/media?parent=153769"}],"wp:term":[{"taxonomy":"product_brand","embeddable":true,"href":"https:\/\/mod.wisdar.net\/tr\/wp-json\/wp\/v2\/product_brand?post=153769"},{"taxonomy":"product_cat","embeddable":true,"href":"https:\/\/mod.wisdar.net\/tr\/wp-json\/wp\/v2\/product_cat?post=153769"},{"taxonomy":"product_tag","embeddable":true,"href":"https:\/\/mod.wisdar.net\/tr\/wp-json\/wp\/v2\/product_tag?post=153769"}],"curies":[{"name":"wp","href":"https:\/\/api.w.org\/{rel}","templated":true}]}}