{"id":153837,"date":"2026-02-23T14:12:03","date_gmt":"2026-02-23T14:12:03","guid":{"rendered":"https:\/\/modesthanim.com\/product\/kiz-bebek-pamuklu-dikis-detayli-ispanyol-paca-tayt\/"},"modified":"2026-04-02T20:27:28","modified_gmt":"2026-04-02T20:27:28","slug":"kiz-bebek-pamuklu-dikis-detayli-ispanyol-paca-tayt","status":"publish","type":"product","link":"https:\/\/mod.wisdar.net\/tr\/urun\/kiz-bebek-pamuklu-dikis-detayli-ispanyol-paca-tayt\/","title":{"rendered":"K\u0131z Bebek Pamuklu Diki\u015f Detayl\u0131 \u0130spanyol Pa\u00e7a Tayt"},"content":{"rendered":"<p>\u0130spanyol pa\u00e7a tayt, yumu\u015fak dokusuyla bebeklere konfor sunuyor. Diki\u015f detaylar\u0131 tayta hareket katarken, \u0130spanyol pa\u00e7a kesimi ile e\u011flenceli bir stil yarat\u0131yor. Beli lastikli yap\u0131s\u0131 ile kolay giyim imkan\u0131 sa\u011fl\u0131yor ve hareket \u00f6zg\u00fcrl\u00fc\u011f\u00fc tan\u0131yor. Pamuklu tayt, her mevsim farkl\u0131 \u00fcstlerle kolayca kombinlenebiliyor.<br \/>\n\u00dcr\u00fcn \u00d6zellikleri<br \/>\nKuma\u015f: %99 Pamuk, %1 Elastan<br \/>\nBel Tipi: Normal Bel<br \/>\nPa\u00e7a Tipi: \u0130spanyol Pa\u00e7a<br \/>\nDetay: Diki\u015f Detayl\u0131<br \/>\nKullan\u0131m Alan\u0131: G\u00fcnl\u00fck Giyim<br \/>\nKoton k\u0131z bebek koleksiyonundaki bu \u015firin tayt ile bebe\u011finizin her zaman rahat ve \u015f\u0131k kalmas\u0131n\u0131 sa\u011flay\u0131n! Koton \u00e7ocuk giyim koleksiyonunu ke\u015ffedin ve miniklerin d\u00fcnyas\u0131n\u0131 renklendirin!<br \/>\n\u00dcr\u00fcnlerimiz kimyasallara kar\u015f\u0131 test edilerek, t\u00fcm g\u00fcvenlik kurallar\u0131na uygun olarak \u00fcretilir. \u00dcr\u00fcnlerimizde sa\u011fl\u0131\u011fa zararl\u0131 boyalar ve a\u011f\u0131r metaller, tehlikeli yutulabilecek k\u00fc\u00e7\u00fck ve keskin par\u00e7alar, kordon ve ba\u011fc\u0131klar bulunmamaktad\u0131r.<\/p>\n","protected":false},"excerpt":{"rendered":"<p>\u0130spanyol pa\u00e7a tayt, yumu\u015fak dokusuyla bebeklere konfor sunuyor. Diki\u015f detaylar\u0131 tayta hareket katarken, \u0130spanyol pa\u00e7a kesimi ile e\u011flenceli bir stil yarat\u0131yor. Beli lastikli yap\u0131s\u0131 ile kolay giyim imkan\u0131 sa\u011fl\u0131yor ve hareket \u00f6zg\u00fcrl\u00fc\u011f\u00fc tan\u0131yor. Pamuklu tayt, her mevsim farkl\u0131 \u00fcstlerle kolayca kombinlenebiliyor. \u00dcr\u00fcn \u00d6zellikleri Kuma\u015f: %99 Pamuk, %1 Elastan Bel Tipi: Normal Bel Pa\u00e7a Tipi: \u0130spanyol [&hellip;]<\/p>\n","protected":false},"featured_media":153832,"comment_status":"open","ping_status":"closed","template":"","meta":[],"product_brand":[],"product_cat":[8715,8694,8727],"product_tag":[7426,7467,6751],"class_list":{"0":"post-153837","1":"product","2":"type-product","3":"status-publish","4":"has-post-thumbnail","6":"product_cat-kiz-cocuklari-2-14-yas","7":"product_cat-cocuklar","8":"product_cat-pantolon","9":"product_tag-gunluk-giyim-3","10":"product_tag-ispanyol-paca","11":"product_tag-rahat","12":"pa_brand-koton","13":"pa_color-bej","14":"pa_size-12-18-ay-2","15":"pa_size-18-24-ay-2","16":"pa_size-24-36-ay-2","17":"pa_size-3-4-yas-2","18":"pa_size-4-5-yas-2","19":"pa_size-9-12-ay-3","21":"first","22":"outofstock","23":"shipping-taxable","24":"product-type-variable"},"_links":{"self":[{"href":"https:\/\/mod.wisdar.net\/tr\/wp-json\/wp\/v2\/product\/153837","targetHints":{"allow":["GET"]}}],"collection":[{"href":"https:\/\/mod.wisdar.net\/tr\/wp-json\/wp\/v2\/product"}],"about":[{"href":"https:\/\/mod.wisdar.net\/tr\/wp-json\/wp\/v2\/types\/product"}],"replies":[{"embeddable":true,"href":"https:\/\/mod.wisdar.net\/tr\/wp-json\/wp\/v2\/comments?post=153837"}],"wp:featuredmedia":[{"embeddable":true,"href":"https:\/\/mod.wisdar.net\/tr\/wp-json\/wp\/v2\/media\/153832"}],"wp:attachment":[{"href":"https:\/\/mod.wisdar.net\/tr\/wp-json\/wp\/v2\/media?parent=153837"}],"wp:term":[{"taxonomy":"product_brand","embeddable":true,"href":"https:\/\/mod.wisdar.net\/tr\/wp-json\/wp\/v2\/product_brand?post=153837"},{"taxonomy":"product_cat","embeddable":true,"href":"https:\/\/mod.wisdar.net\/tr\/wp-json\/wp\/v2\/product_cat?post=153837"},{"taxonomy":"product_tag","embeddable":true,"href":"https:\/\/mod.wisdar.net\/tr\/wp-json\/wp\/v2\/product_tag?post=153837"}],"curies":[{"name":"wp","href":"https:\/\/api.w.org\/{rel}","templated":true}]}}