{"id":153845,"date":"2026-02-23T14:12:04","date_gmt":"2026-02-23T14:12:04","guid":{"rendered":"https:\/\/modesthanim.com\/product\/kiz-bebek-pamuk-karisimli-cicekli-ispanyol-paca-tayt\/"},"modified":"2026-04-10T23:43:30","modified_gmt":"2026-04-10T23:43:30","slug":"kiz-bebek-pamuk-karisimli-cicekli-ispanyol-paca-tayt","status":"publish","type":"product","link":"https:\/\/mod.wisdar.net\/tr\/urun\/kiz-bebek-pamuk-karisimli-cicekli-ispanyol-paca-tayt\/","title":{"rendered":"K\u0131z Bebek Pamuk Kar\u0131\u015f\u0131ml\u0131 \u00c7i\u00e7ekli \u0130spanyol Pa\u00e7a Tayt"},"content":{"rendered":"<p>\u00c7i\u00e7ek bask\u0131l\u0131 tayt, renkli ve e\u011flenceli deseniyle miniklerin enerjisini yans\u0131t\u0131yor. \u0130spanyol pa\u00e7a tasar\u0131m\u0131 sayesinde rahatl\u0131k sa\u011flarken, pamuklu kuma\u015f\u0131 ile g\u00fcn boyu konfor sunuyor. \u00dcr\u00fcn \u00d6zellikleri<br \/>\nKuma\u015f: %95 Pamuk, %5 Elastan<br \/>\nPa\u00e7a Tipi: \u0130spanyol Pa\u00e7a<br \/>\nDesen: \u00c7i\u00e7ek Bask\u0131l\u0131<br \/>\nKullan\u0131m Alan\u0131: G\u00fcnl\u00fck Giyim, Spor Giyim<br \/>\nKoton k\u0131z bebek giyim koleksiyonu ile sevimli ve konforlu tarzlar yarat\u0131n! Bebeklerin konforu ve \u015f\u0131kl\u0131\u011f\u0131 i\u00e7in Koton Kids\u2019i tercih edin!<br \/>\n\u00dcr\u00fcnlerimiz kimyasallara kar\u015f\u0131 test edilerek, t\u00fcm g\u00fcvenlik kurallar\u0131na uygun olarak \u00fcretilir. \u00dcr\u00fcnlerimizde sa\u011fl\u0131\u011fa zararl\u0131 boyalar ve a\u011f\u0131r metaller, tehlikeli yutulabilecek k\u00fc\u00e7\u00fck ve keskin par\u00e7alar, kordon ve ba\u011fc\u0131klar bulunmamaktad\u0131r.<\/p>\n","protected":false},"excerpt":{"rendered":"<p>\u00c7i\u00e7ek bask\u0131l\u0131 tayt, renkli ve e\u011flenceli deseniyle miniklerin enerjisini yans\u0131t\u0131yor. \u0130spanyol pa\u00e7a tasar\u0131m\u0131 sayesinde rahatl\u0131k sa\u011flarken, pamuklu kuma\u015f\u0131 ile g\u00fcn boyu konfor sunuyor. \u00dcr\u00fcn \u00d6zellikleri Kuma\u015f: %95 Pamuk, %5 Elastan Pa\u00e7a Tipi: \u0130spanyol Pa\u00e7a Desen: \u00c7i\u00e7ek Bask\u0131l\u0131 Kullan\u0131m Alan\u0131: G\u00fcnl\u00fck Giyim, Spor Giyim Koton k\u0131z bebek giyim koleksiyonu ile sevimli ve konforlu tarzlar yarat\u0131n! Bebeklerin [&hellip;]<\/p>\n","protected":false},"featured_media":153833,"comment_status":"open","ping_status":"closed","template":"","meta":[],"product_brand":[],"product_cat":[8715,8694,8727],"product_tag":[7426,7467],"class_list":{"0":"post-153845","1":"product","2":"type-product","3":"status-publish","4":"has-post-thumbnail","6":"product_cat-kiz-cocuklari-2-14-yas","7":"product_cat-cocuklar","8":"product_cat-pantolon","9":"product_tag-gunluk-giyim-3","10":"product_tag-ispanyol-paca","11":"pa_brand-koton","12":"pa_color-siyah-desenli","13":"pa_size-12-18-ay-2","14":"pa_size-18-24-ay-2","15":"pa_size-24-36-ay-2","16":"pa_size-3-4-yas-2","17":"pa_size-4-5-yas-2","18":"pa_size-9-12-ay-3","20":"first","21":"instock","22":"sale","23":"shipping-taxable","24":"purchasable","25":"product-type-variable"},"_links":{"self":[{"href":"https:\/\/mod.wisdar.net\/tr\/wp-json\/wp\/v2\/product\/153845","targetHints":{"allow":["GET"]}}],"collection":[{"href":"https:\/\/mod.wisdar.net\/tr\/wp-json\/wp\/v2\/product"}],"about":[{"href":"https:\/\/mod.wisdar.net\/tr\/wp-json\/wp\/v2\/types\/product"}],"replies":[{"embeddable":true,"href":"https:\/\/mod.wisdar.net\/tr\/wp-json\/wp\/v2\/comments?post=153845"}],"wp:featuredmedia":[{"embeddable":true,"href":"https:\/\/mod.wisdar.net\/tr\/wp-json\/wp\/v2\/media\/153833"}],"wp:attachment":[{"href":"https:\/\/mod.wisdar.net\/tr\/wp-json\/wp\/v2\/media?parent=153845"}],"wp:term":[{"taxonomy":"product_brand","embeddable":true,"href":"https:\/\/mod.wisdar.net\/tr\/wp-json\/wp\/v2\/product_brand?post=153845"},{"taxonomy":"product_cat","embeddable":true,"href":"https:\/\/mod.wisdar.net\/tr\/wp-json\/wp\/v2\/product_cat?post=153845"},{"taxonomy":"product_tag","embeddable":true,"href":"https:\/\/mod.wisdar.net\/tr\/wp-json\/wp\/v2\/product_tag?post=153845"}],"curies":[{"name":"wp","href":"https:\/\/api.w.org\/{rel}","templated":true}]}}