{"id":153891,"date":"2026-02-23T14:14:46","date_gmt":"2026-02-23T14:14:46","guid":{"rendered":"https:\/\/modesthanim.com\/product\/kiz-bebek-baskili-bisiklet-yaka-pamuklu-kisa-kollu-tisort\/"},"modified":"2026-03-03T10:22:11","modified_gmt":"2026-03-03T10:22:11","slug":"kiz-bebek-baskili-bisiklet-yaka-pamuklu-kisa-kollu-tisort","status":"publish","type":"product","link":"https:\/\/mod.wisdar.net\/tr\/urun\/kiz-bebek-baskili-bisiklet-yaka-pamuklu-kisa-kollu-tisort\/","title":{"rendered":"K\u0131z Bebek Bask\u0131l\u0131 Bisiklet Yaka Pamuklu K\u0131sa Kollu Ti\u015f\u00f6rt"},"content":{"rendered":"<p>Pamuklu ti\u015f\u00f6rt, sevimli bask\u0131s\u0131yla  miniklerin favorisi olmaya aday! Yumu\u015fak pamuklu yap\u0131s\u0131 sayesinde g\u00fcn boyu rahatl\u0131k sa\u011fl\u0131yor. Bisiklet yaka tasar\u0131m\u0131 ile s\u0131cak yaz g\u00fcnlerinde serin ve konforlu bir kullan\u0131m sunuyor. E\u011flenceli bask\u0131s\u0131yla dikkat \u00e7eken ti\u015f\u00f6rt, \u015f\u0131kl\u0131\u011f\u0131 ve rahatl\u0131\u011f\u0131 bir arada sunuyor.<\/p>\n<p>\u00dcr\u00fcn \u00d6zellikleri<\/p>\n<p>Kol Tipi: K\u0131sa Kol<br \/>\nYaka Tipi: Bisiklet Yaka<br \/>\nDetay: Bask\u0131l\u0131<br \/>\nKuma\u015f: %100 Pamuk<br \/>\nKullan\u0131m Alan\u0131: G\u00fcnl\u00fck Giyim<\/p>\n<p>Koton k\u0131z bebek ti\u015f\u00f6rt koleksiyonu, renkli ve e\u011flenceli desenleriyle miniklerin gard\u0131robunu canland\u0131r\u0131yor! Kaliteli ve rahat tasar\u0131mlar i\u00e7in Koton Kids koleksiyonunu ke\u015ffedin!<\/p>\n<p>\u00dcr\u00fcnlerimiz kimyasallara kar\u015f\u0131 test edilerek, t\u00fcm g\u00fcvenlik kurallar\u0131na uygun olarak \u00fcretilir. \u00dcr\u00fcnlerimizde sa\u011fl\u0131\u011fa zararl\u0131 boyalar ve a\u011f\u0131r metaller, tehlikeli yutulabilecek k\u00fc\u00e7\u00fck ve keskin par\u00e7alar, kordon ve ba\u011fc\u0131klar bulunmamaktad\u0131r.<\/p>\n","protected":false},"excerpt":{"rendered":"<p>Pamuklu ti\u015f\u00f6rt, sevimli bask\u0131s\u0131yla miniklerin favorisi olmaya aday! Yumu\u015fak pamuklu yap\u0131s\u0131 sayesinde g\u00fcn boyu rahatl\u0131k sa\u011fl\u0131yor. Bisiklet yaka tasar\u0131m\u0131 ile s\u0131cak yaz g\u00fcnlerinde serin ve konforlu bir kullan\u0131m sunuyor. E\u011flenceli bask\u0131s\u0131yla dikkat \u00e7eken ti\u015f\u00f6rt, \u015f\u0131kl\u0131\u011f\u0131 ve rahatl\u0131\u011f\u0131 bir arada sunuyor. \u00dcr\u00fcn \u00d6zellikleri Kol Tipi: K\u0131sa Kol Yaka Tipi: Bisiklet Yaka Detay: Bask\u0131l\u0131 Kuma\u015f: %100 Pamuk [&hellip;]<\/p>\n","protected":false},"featured_media":153888,"comment_status":"open","ping_status":"closed","template":"","meta":[],"product_brand":[],"product_cat":[8715,8694,8724],"product_tag":[7426],"class_list":{"0":"post-153891","1":"product","2":"type-product","3":"status-publish","4":"has-post-thumbnail","6":"product_cat-kiz-cocuklari-2-14-yas","7":"product_cat-cocuklar","8":"product_cat-tisortler-bluzlar","9":"product_tag-gunluk-giyim-3","10":"pa_brand-koton","11":"pa_color-ekru","12":"pa_size-12-18-ay-2","13":"pa_size-18-24-ay-2","14":"pa_size-24-36-ay-2","15":"pa_size-3-4-yas-2","16":"pa_size-4-5-yas-2","17":"pa_size-9-12-ay-3","19":"first","20":"instock","21":"sale","22":"shipping-taxable","23":"purchasable","24":"product-type-variable"},"_links":{"self":[{"href":"https:\/\/mod.wisdar.net\/tr\/wp-json\/wp\/v2\/product\/153891","targetHints":{"allow":["GET"]}}],"collection":[{"href":"https:\/\/mod.wisdar.net\/tr\/wp-json\/wp\/v2\/product"}],"about":[{"href":"https:\/\/mod.wisdar.net\/tr\/wp-json\/wp\/v2\/types\/product"}],"replies":[{"embeddable":true,"href":"https:\/\/mod.wisdar.net\/tr\/wp-json\/wp\/v2\/comments?post=153891"}],"wp:featuredmedia":[{"embeddable":true,"href":"https:\/\/mod.wisdar.net\/tr\/wp-json\/wp\/v2\/media\/153888"}],"wp:attachment":[{"href":"https:\/\/mod.wisdar.net\/tr\/wp-json\/wp\/v2\/media?parent=153891"}],"wp:term":[{"taxonomy":"product_brand","embeddable":true,"href":"https:\/\/mod.wisdar.net\/tr\/wp-json\/wp\/v2\/product_brand?post=153891"},{"taxonomy":"product_cat","embeddable":true,"href":"https:\/\/mod.wisdar.net\/tr\/wp-json\/wp\/v2\/product_cat?post=153891"},{"taxonomy":"product_tag","embeddable":true,"href":"https:\/\/mod.wisdar.net\/tr\/wp-json\/wp\/v2\/product_tag?post=153891"}],"curies":[{"name":"wp","href":"https:\/\/api.w.org\/{rel}","templated":true}]}}