{"id":153952,"date":"2026-02-23T15:00:09","date_gmt":"2026-02-23T15:00:09","guid":{"rendered":"https:\/\/modesthanim.com\/product\/beyaz-bisiklet-yaka-kadin-tisort\/"},"modified":"2026-04-06T04:41:04","modified_gmt":"2026-04-06T04:41:04","slug":"beyaz-bisiklet-yaka-kadin-tisort","status":"publish","type":"product","link":"https:\/\/mod.wisdar.net\/tr\/urun\/beyaz-bisiklet-yaka-kadin-tisort\/","title":{"rendered":"Beyaz Bisiklet Yaka Kad\u0131n Ti\u015f\u00f6rt"},"content":{"rendered":"<p>XSIDE Beyaz Bisiklet Yaka Kad\u0131n Ti\u015f\u00f6rt size \u00f6zel indirim, taksit ve kap\u0131da \u00f6deme avantajlar\u0131yla LCW&#8217;de! Hemen online al\u0131\u015fveri\u015f yap, \u00fcr\u00fcn kap\u0131na gelsin! \u2013 S6H607Z8-Q6K<\/p>\n<p>\u2014 Technical Details \u2014<br \/>\nMen\u015fei: Turk\u0131ye<br \/>\nSat\u0131c\u0131: LC Waikiki<br \/>\nMarka: XSIDE<br \/>\n\u00dcr\u00fcn Tipi: Ti\u015f\u00f6rt<br \/>\nCinsiyet: Kad\u0131n<br \/>\nKal\u0131p: Loose &amp; Bol<br \/>\nYaka: Bisiklet Yaka<br \/>\nDesen: D\u00fcz<br \/>\nKuma\u015f: Penye<br \/>\nKol Boyu: K\u0131sa Kollu<br \/>\nMalzeme: %100 Pamuk<\/p>\n","protected":false},"excerpt":{"rendered":"<p>XSIDE Beyaz Bisiklet Yaka Kad\u0131n Ti\u015f\u00f6rt size \u00f6zel indirim, taksit ve kap\u0131da \u00f6deme avantajlar\u0131yla LCW&#8217;de! Hemen online al\u0131\u015fveri\u015f yap, \u00fcr\u00fcn kap\u0131na gelsin! \u2013 S6H607Z8-Q6K \u2014 Technical Details \u2014 Men\u015fei: Turk\u0131ye Sat\u0131c\u0131: LC Waikiki Marka: XSIDE \u00dcr\u00fcn Tipi: Ti\u015f\u00f6rt Cinsiyet: Kad\u0131n Kal\u0131p: Loose &amp; Bol Yaka: Bisiklet Yaka Desen: D\u00fcz Kuma\u015f: Penye Kol Boyu: K\u0131sa Kollu [&hellip;]<\/p>\n","protected":false},"featured_media":153946,"comment_status":"open","ping_status":"closed","template":"","meta":[],"product_brand":[],"product_cat":[11020],"product_tag":[7426],"class_list":{"0":"post-153952","1":"product","2":"type-product","3":"status-publish","4":"has-post-thumbnail","6":"product_cat-tisort-ve-sort","7":"product_tag-gunluk-giyim-3","8":"pa_brand-xside","9":"pa_color-beyaz","10":"pa_size-l","11":"pa_size-m","12":"pa_size-s","13":"pa_size-xl","14":"pa_size-xs","16":"first","17":"instock","18":"shipping-taxable","19":"purchasable","20":"product-type-variable"},"_links":{"self":[{"href":"https:\/\/mod.wisdar.net\/tr\/wp-json\/wp\/v2\/product\/153952","targetHints":{"allow":["GET"]}}],"collection":[{"href":"https:\/\/mod.wisdar.net\/tr\/wp-json\/wp\/v2\/product"}],"about":[{"href":"https:\/\/mod.wisdar.net\/tr\/wp-json\/wp\/v2\/types\/product"}],"replies":[{"embeddable":true,"href":"https:\/\/mod.wisdar.net\/tr\/wp-json\/wp\/v2\/comments?post=153952"}],"wp:featuredmedia":[{"embeddable":true,"href":"https:\/\/mod.wisdar.net\/tr\/wp-json\/wp\/v2\/media\/153946"}],"wp:attachment":[{"href":"https:\/\/mod.wisdar.net\/tr\/wp-json\/wp\/v2\/media?parent=153952"}],"wp:term":[{"taxonomy":"product_brand","embeddable":true,"href":"https:\/\/mod.wisdar.net\/tr\/wp-json\/wp\/v2\/product_brand?post=153952"},{"taxonomy":"product_cat","embeddable":true,"href":"https:\/\/mod.wisdar.net\/tr\/wp-json\/wp\/v2\/product_cat?post=153952"},{"taxonomy":"product_tag","embeddable":true,"href":"https:\/\/mod.wisdar.net\/tr\/wp-json\/wp\/v2\/product_tag?post=153952"}],"curies":[{"name":"wp","href":"https:\/\/api.w.org\/{rel}","templated":true}]}}