{"id":154033,"date":"2026-02-23T15:02:19","date_gmt":"2026-02-23T15:02:19","guid":{"rendered":"https:\/\/modesthanim.com\/product\/lacivert-v-yaka-manhattan-baskili-oversize-kadin-tisort\/"},"modified":"2026-04-15T22:39:37","modified_gmt":"2026-04-15T22:39:37","slug":"lacivert-v-yaka-manhattan-baskili-oversize-kadin-tisort","status":"publish","type":"product","link":"https:\/\/mod.wisdar.net\/tr\/urun\/lacivert-v-yaka-manhattan-baskili-oversize-kadin-tisort\/","title":{"rendered":"Lacivert V Yaka Manhattan Bask\u0131l\u0131 Oversize Kad\u0131n Ti\u015f\u00f6rt"},"content":{"rendered":"<p>XSIDE Lacivert V Yaka Manhattan Bask\u0131l\u0131 Oversize Kad\u0131n Ti\u015f\u00f6rt size \u00f6zel indirim, taksit ve kap\u0131da \u00f6deme avantajlar\u0131yla LCW&#8217;de! Hemen online al\u0131\u015fveri\u015f yap, \u00fcr\u00fcn kap\u0131na gelsin! \u2013 S6HC63Z8-CRP<\/p>\n<p>\u2014 Technical Details \u2014<br \/>\nMen\u015fei: Turk\u0131ye<br \/>\nSat\u0131c\u0131: LC Waikiki<br \/>\nMarka: XSIDE<br \/>\n\u00dcr\u00fcn Tipi: Ti\u015f\u00f6rt<br \/>\nCinsiyet: Kad\u0131n<br \/>\nKal\u0131p: Oversize<br \/>\nYaka: V Yaka<br \/>\nDesen: Bask\u0131l\u0131<br \/>\nKuma\u015f: Penye<br \/>\nKol Boyu: K\u0131sa Kollu<br \/>\nMalzeme: %100 Pamuk<\/p>\n","protected":false},"excerpt":{"rendered":"<p>XSIDE Lacivert V Yaka Manhattan Bask\u0131l\u0131 Oversize Kad\u0131n Ti\u015f\u00f6rt size \u00f6zel indirim, taksit ve kap\u0131da \u00f6deme avantajlar\u0131yla LCW&#8217;de! Hemen online al\u0131\u015fveri\u015f yap, \u00fcr\u00fcn kap\u0131na gelsin! \u2013 S6HC63Z8-CRP \u2014 Technical Details \u2014 Men\u015fei: Turk\u0131ye Sat\u0131c\u0131: LC Waikiki Marka: XSIDE \u00dcr\u00fcn Tipi: Ti\u015f\u00f6rt Cinsiyet: Kad\u0131n Kal\u0131p: Oversize Yaka: V Yaka Desen: Bask\u0131l\u0131 Kuma\u015f: Penye Kol Boyu: K\u0131sa [&hellip;]<\/p>\n","protected":false},"featured_media":154027,"comment_status":"open","ping_status":"closed","template":"","meta":[],"product_brand":[],"product_cat":[11020],"product_tag":[7426,6744],"class_list":{"0":"post-154033","1":"product","2":"type-product","3":"status-publish","4":"has-post-thumbnail","6":"product_cat-tisort-ve-sort","7":"product_tag-gunluk-giyim-3","8":"product_tag-kadin-modasi","9":"pa_brand-xside","10":"pa_color-lacivert","11":"pa_size-l","12":"pa_size-m","13":"pa_size-s","14":"pa_size-xl","15":"pa_size-xs","17":"first","18":"instock","19":"shipping-taxable","20":"purchasable","21":"product-type-variable"},"_links":{"self":[{"href":"https:\/\/mod.wisdar.net\/tr\/wp-json\/wp\/v2\/product\/154033","targetHints":{"allow":["GET"]}}],"collection":[{"href":"https:\/\/mod.wisdar.net\/tr\/wp-json\/wp\/v2\/product"}],"about":[{"href":"https:\/\/mod.wisdar.net\/tr\/wp-json\/wp\/v2\/types\/product"}],"replies":[{"embeddable":true,"href":"https:\/\/mod.wisdar.net\/tr\/wp-json\/wp\/v2\/comments?post=154033"}],"wp:featuredmedia":[{"embeddable":true,"href":"https:\/\/mod.wisdar.net\/tr\/wp-json\/wp\/v2\/media\/154027"}],"wp:attachment":[{"href":"https:\/\/mod.wisdar.net\/tr\/wp-json\/wp\/v2\/media?parent=154033"}],"wp:term":[{"taxonomy":"product_brand","embeddable":true,"href":"https:\/\/mod.wisdar.net\/tr\/wp-json\/wp\/v2\/product_brand?post=154033"},{"taxonomy":"product_cat","embeddable":true,"href":"https:\/\/mod.wisdar.net\/tr\/wp-json\/wp\/v2\/product_cat?post=154033"},{"taxonomy":"product_tag","embeddable":true,"href":"https:\/\/mod.wisdar.net\/tr\/wp-json\/wp\/v2\/product_tag?post=154033"}],"curies":[{"name":"wp","href":"https:\/\/api.w.org\/{rel}","templated":true}]}}