{"id":15411,"date":"2025-11-07T20:16:06","date_gmt":"2025-11-01T22:23:41","guid":{"rendered":"https:\/\/modesthanim.com\/product\/fisto-elbise-ekru\/"},"modified":"2026-04-02T22:03:48","modified_gmt":"2026-04-02T22:03:48","slug":"fisto-elbise-ekru","status":"publish","type":"product","link":"https:\/\/mod.wisdar.net\/tr\/urun\/fisto-elbise-ekru\/","title":{"rendered":"F\u0130STO ELB\u0130SE EKRU"},"content":{"rendered":"<p>\u00d6ZEL TASARIM F\u0130STO ELB\u0130SE<br \/>\n\u0130\u00c7\u0130 FULL ASTARLIDIR \u0130\u00c7 G\u00d6STERMEZ<br \/>\nKUMA\u015e \u0130\u00c7ER\u0130\u011e\u0130 %100 PAMUK<br \/>\n\u0130\u00c7 ASTARI %100 PAMUK<\/p>\n<p>\u00dcR\u00dcN \u00d6L\u00c7\u00dcLER\u0130 38 BEDEN \u0130\u00c7\u0130N;<br \/>\nBOY 140 CM<br \/>\nG\u00d6\u011e\u00dcS 100 CM<br \/>\nBEL 110 CM<br \/>\nKOL BOYU 65 CM<br \/>\n\u00dcR\u00dcN \u00d6L\u00c7\u00dcLER\u0130 HER BEDENDE 4 CM B\u00dcY\u00dcMEKTED\u0130R.<br \/>\nMANKEN \u00dcZER\u0130NDEK\u0130 BEDEN 38<br \/>\nMANKEN \u00d6L\u00c7\u00dcLER\u0130 BOY 180 CM G\u00d6\u011e\u00dcS 86 BASEN 94<\/p>\n","protected":false},"excerpt":{"rendered":"<p>\u00d6ZEL TASARIM F\u0130STO ELB\u0130SE \u0130\u00c7\u0130 FULL ASTARLIDIR \u0130\u00c7 G\u00d6STERMEZ KUMA\u015e \u0130\u00c7ER\u0130\u011e\u0130 %100 PAMUK \u0130\u00c7 ASTARI %100 PAMUK \u00dcR\u00dcN \u00d6L\u00c7\u00dcLER\u0130 38 BEDEN \u0130\u00c7\u0130N; BOY 140 CM G\u00d6\u011e\u00dcS 100 CM BEL 110 CM KOL BOYU 65 CM \u00dcR\u00dcN \u00d6L\u00c7\u00dcLER\u0130 HER BEDENDE 4 CM B\u00dcY\u00dcMEKTED\u0130R. MANKEN \u00dcZER\u0130NDEK\u0130 BEDEN 38 MANKEN \u00d6L\u00c7\u00dcLER\u0130 BOY 180 CM G\u00d6\u011e\u00dcS 86 BASEN 94<\/p>\n","protected":false},"featured_media":51891,"comment_status":"open","ping_status":"closed","template":"","meta":[],"product_brand":[],"product_cat":[6249,1933],"product_tag":[],"class_list":{"0":"post-15411","1":"product","2":"type-product","3":"status-publish","4":"has-post-thumbnail","6":"product_cat-elbiseler","7":"product_cat-gunluk-ve-gunduz-elbiseleri","8":"pa_brand-nurkalay","9":"pa_color-ekru","10":"pa_size-4701","11":"pa_size-4706","12":"pa_size-4711","13":"pa_size-4713","15":"first","16":"instock","17":"sale","18":"shipping-taxable","19":"purchasable","20":"product-type-variable"},"_links":{"self":[{"href":"https:\/\/mod.wisdar.net\/tr\/wp-json\/wp\/v2\/product\/15411","targetHints":{"allow":["GET"]}}],"collection":[{"href":"https:\/\/mod.wisdar.net\/tr\/wp-json\/wp\/v2\/product"}],"about":[{"href":"https:\/\/mod.wisdar.net\/tr\/wp-json\/wp\/v2\/types\/product"}],"replies":[{"embeddable":true,"href":"https:\/\/mod.wisdar.net\/tr\/wp-json\/wp\/v2\/comments?post=15411"}],"wp:featuredmedia":[{"embeddable":true,"href":"https:\/\/mod.wisdar.net\/tr\/wp-json\/wp\/v2\/media\/51891"}],"wp:attachment":[{"href":"https:\/\/mod.wisdar.net\/tr\/wp-json\/wp\/v2\/media?parent=15411"}],"wp:term":[{"taxonomy":"product_brand","embeddable":true,"href":"https:\/\/mod.wisdar.net\/tr\/wp-json\/wp\/v2\/product_brand?post=15411"},{"taxonomy":"product_cat","embeddable":true,"href":"https:\/\/mod.wisdar.net\/tr\/wp-json\/wp\/v2\/product_cat?post=15411"},{"taxonomy":"product_tag","embeddable":true,"href":"https:\/\/mod.wisdar.net\/tr\/wp-json\/wp\/v2\/product_tag?post=15411"}],"curies":[{"name":"wp","href":"https:\/\/api.w.org\/{rel}","templated":true}]}}