{"id":154239,"date":"2026-02-23T18:53:39","date_gmt":"2026-02-23T18:53:39","guid":{"rendered":"https:\/\/modesthanim.com\/product\/kiz-cocuk-cep-detayli-beli-bagcikli-denim-pantolon-parachute-jean\/"},"modified":"2026-04-13T01:11:18","modified_gmt":"2026-04-13T01:11:18","slug":"kiz-cocuk-cep-detayli-beli-bagcikli-denim-pantolon-parachute-jean","status":"publish","type":"product","link":"https:\/\/mod.wisdar.net\/tr\/urun\/kiz-cocuk-cep-detayli-beli-bagcikli-denim-pantolon-parachute-jean\/","title":{"rendered":"K\u0131z \u00c7ocuk Cep Detayl\u0131 Beli Ba\u011fc\u0131kl\u0131 Denim Pantolon \u2013 Parachute Jean"},"content":{"rendered":"<p>Para\u015f\u00fct denim pantolon, minimal tasar\u0131m\u0131 ve hareket \u00f6zg\u00fcrl\u00fc\u011f\u00fc sunan yap\u0131s\u0131yla dikkat \u00e7ekiyor. Yumu\u015fak yap\u0131s\u0131yla miniklere hareket \u00f6zg\u00fcrl\u00fc\u011f\u00fc sunan denim pantolon, rahat kesimiyle g\u00fcnl\u00fck kullan\u0131mda rahatl\u0131k sa\u011fl\u0131yor. \u00dcr\u00fcn \u00d6zellikleri Pa\u00e7a Tipi: Normal Pa\u00e7a Bel Tipi: Beli Ba\u011fc\u0131kl\u0131 Bu \u00fcr\u00fcn\u00fcn renginde indigo boya kullan\u0131lm\u0131\u015ft\u0131r. \u0130lk y\u0131kama tersten ve tek ba\u015f\u0131na, sonraki y\u0131kamalarda ise yine tersten ve renkli \u00e7ama\u015f\u0131rlar ile birlikte y\u0131kaman\u0131z\u0131 tavsiye ederiz. Koton k\u0131z \u00e7ocuk giyim koleksiyonu, c\u0131v\u0131l c\u0131v\u0131l tasar\u0131mlar\u0131yla miniklerin kalbini \u00e7al\u0131yor! Konforlu ve sevimli kombinler olu\u015fturman\u0131za imkan tan\u0131yan Koton k\u0131z \u00e7ocuk giyim koleksiyonunu \u015fimdi ke\u015ffedin!<\/p>\n<p>\u2014 Technical Details \u2014<br \/>\nKuma\u015f: %100 LYOCELL<br \/>\nSil\u00fcet: Wide Leg<br \/>\nBel Y\u00fcksekli\u011fi: Standart Bel<br \/>\n\u00dcr\u00fcn Tipi \/ Stil: Wide Leg<br \/>\n\u00dcr\u00fcn\u00fcn Alt Markas\u0131: Kidswear<br \/>\nSat\u0131c\u0131\/\u0130malat\u00e7\u0131\/\u0130thalat\u00e7\u0131 \u0130smi: Koton Ma\u011fazac\u0131l\u0131k Tekstil Sanayi ve Ticaret A.\u015e.<br \/>\nPosta Adresi: Ayaza\u011fa Mah. Maslak Ayaza\u011fa Cad. No:3 \u0130\u00e7 Kap\u0131 No:5 Sar\u0131yer\/\u0130stanbul<br \/>\nE-Posta Adresi: mim@koton.com<\/p>\n","protected":false},"excerpt":{"rendered":"<p>Para\u015f\u00fct denim pantolon, minimal tasar\u0131m\u0131 ve hareket \u00f6zg\u00fcrl\u00fc\u011f\u00fc sunan yap\u0131s\u0131yla dikkat \u00e7ekiyor. Yumu\u015fak yap\u0131s\u0131yla miniklere hareket \u00f6zg\u00fcrl\u00fc\u011f\u00fc sunan denim pantolon, rahat kesimiyle g\u00fcnl\u00fck kullan\u0131mda rahatl\u0131k sa\u011fl\u0131yor. \u00dcr\u00fcn \u00d6zellikleri Pa\u00e7a Tipi: Normal Pa\u00e7a Bel Tipi: Beli Ba\u011fc\u0131kl\u0131 Bu \u00fcr\u00fcn\u00fcn renginde indigo boya kullan\u0131lm\u0131\u015ft\u0131r. \u0130lk y\u0131kama tersten ve tek ba\u015f\u0131na, sonraki y\u0131kamalarda ise yine tersten ve renkli [&hellip;]<\/p>\n","protected":false},"featured_media":154233,"comment_status":"open","ping_status":"closed","template":"","meta":[],"product_brand":[],"product_cat":[8715,8694,8727],"product_tag":[],"class_list":{"0":"post-154239","1":"product","2":"type-product","3":"status-publish","4":"has-post-thumbnail","6":"product_cat-kiz-cocuklari-2-14-yas","7":"product_cat-cocuklar","8":"product_cat-pantolon","9":"pa_brand-koton","10":"pa_color-bej","11":"pa_size-11-12-yas-2","12":"pa_size-13-14-yas-2","13":"pa_size-5-6-yas-2","14":"pa_size-6-7-yas-2","15":"pa_size-7-8-yas-2","16":"pa_size-9-10-yas-2","18":"first","19":"instock","20":"sale","21":"shipping-taxable","22":"purchasable","23":"product-type-variable"},"_links":{"self":[{"href":"https:\/\/mod.wisdar.net\/tr\/wp-json\/wp\/v2\/product\/154239","targetHints":{"allow":["GET"]}}],"collection":[{"href":"https:\/\/mod.wisdar.net\/tr\/wp-json\/wp\/v2\/product"}],"about":[{"href":"https:\/\/mod.wisdar.net\/tr\/wp-json\/wp\/v2\/types\/product"}],"replies":[{"embeddable":true,"href":"https:\/\/mod.wisdar.net\/tr\/wp-json\/wp\/v2\/comments?post=154239"}],"wp:featuredmedia":[{"embeddable":true,"href":"https:\/\/mod.wisdar.net\/tr\/wp-json\/wp\/v2\/media\/154233"}],"wp:attachment":[{"href":"https:\/\/mod.wisdar.net\/tr\/wp-json\/wp\/v2\/media?parent=154239"}],"wp:term":[{"taxonomy":"product_brand","embeddable":true,"href":"https:\/\/mod.wisdar.net\/tr\/wp-json\/wp\/v2\/product_brand?post=154239"},{"taxonomy":"product_cat","embeddable":true,"href":"https:\/\/mod.wisdar.net\/tr\/wp-json\/wp\/v2\/product_cat?post=154239"},{"taxonomy":"product_tag","embeddable":true,"href":"https:\/\/mod.wisdar.net\/tr\/wp-json\/wp\/v2\/product_tag?post=154239"}],"curies":[{"name":"wp","href":"https:\/\/api.w.org\/{rel}","templated":true}]}}