{"id":154257,"date":"2026-02-23T18:54:13","date_gmt":"2026-02-23T18:54:13","guid":{"rendered":"https:\/\/modesthanim.com\/product\/kiz-cocuk-pamuklu-tas-detayli-genis-paca-jean-pantolon\/"},"modified":"2026-03-18T06:13:38","modified_gmt":"2026-03-18T06:13:38","slug":"kiz-cocuk-pamuklu-tas-detayli-genis-paca-jean-pantolon","status":"publish","type":"product","link":"https:\/\/mod.wisdar.net\/tr\/urun\/kiz-cocuk-pamuklu-tas-detayli-genis-paca-jean-pantolon\/","title":{"rendered":"K\u0131z \u00c7ocuk Pamuklu Ta\u015f Detayl\u0131 Geni\u015f Pa\u00e7a Jean Pantolon"},"content":{"rendered":"<p>Geni\u015f pa\u00e7a denim pantolon, ta\u015f detaylar\u0131yla \u015f\u0131k ve dikkat \u00e7ekici bir g\u00f6r\u00fcn\u00fcm sunuyor. Pamuklu yap\u0131s\u0131 sayesinde g\u00fcn boyu rahatl\u0131k sa\u011fl\u0131yor. Pantolonun be\u015f cep stilindeki tasar\u0131m\u0131, g\u00fcnl\u00fck hayatta pratik kullan\u0131m imkan\u0131 tan\u0131yor. Regular fit kesimi ve uzun pa\u00e7a boyu ile \u00e7ocu\u011funuzun hareket \u00f6zg\u00fcrl\u00fc\u011f\u00fcn\u00fc k\u0131s\u0131tlamadan konfor sa\u011fl\u0131yor.<\/p>\n<p>\u00dcr\u00fcn \u00d6zellikleri<br \/>\nKuma\u015f: %100 Pamuk<br \/>\nBel Tipi: Normal Bel<br \/>\nCep: 5 Cep<br \/>\nFit: Regular Fit<br \/>\nPa\u00e7a Bilgisi: Geni\u015f Pa\u00e7a<br \/>\nKullan\u0131m Alan\u0131: G\u00fcnl\u00fck Giyim<\/p>\n<p>Koton k\u0131z \u00e7ocuk giyim koleksiyonu, sevimli detaylar\u0131 ve rahat tasar\u0131mlar\u0131yla g\u00f6z dolduruyor! \u015e\u0131kl\u0131k ve konforu bir arada sunan Koton \u00fcr\u00fcnlerini ke\u015ffedin!<\/p>\n<p>Bu \u00fcr\u00fcn pul, boncuk, payet, ta\u015f ve nak\u0131\u015f gibi \u00f6zel detaylara sahiptir. D\u0131\u015f kaynakl\u0131 fiziksel deformasyonlara (\u00e7ekme, tak\u0131lma, s\u00fcrtme vb.) kar\u015f\u0131 \u00fcr\u00fcn\u00fcn\u00fcz\u00fc dikkatli ve hassas kullanman\u0131z\u0131 \u00f6neririz.<br \/>\n\u0130ndigo \u00dcr\u00fcn Kullan\u0131m Bilgisi: \u00dcr\u00fcn\u00fcm\u00fczde kullan\u0131lan indigo boya, kullan\u0131m esnas\u0131nda giysilerinize bir miktar renk verebilir. \u0130lk y\u0131kama tersten ve tek ba\u015f\u0131na, sonraki y\u0131kamalarda ise yine tersten ve renkli \u00e7ama\u015f\u0131rlarla birlikte y\u0131kaman\u0131z\u0131 tavsiye ederiz.<\/p>\n","protected":false},"excerpt":{"rendered":"<p>Geni\u015f pa\u00e7a denim pantolon, ta\u015f detaylar\u0131yla \u015f\u0131k ve dikkat \u00e7ekici bir g\u00f6r\u00fcn\u00fcm sunuyor. Pamuklu yap\u0131s\u0131 sayesinde g\u00fcn boyu rahatl\u0131k sa\u011fl\u0131yor. Pantolonun be\u015f cep stilindeki tasar\u0131m\u0131, g\u00fcnl\u00fck hayatta pratik kullan\u0131m imkan\u0131 tan\u0131yor. Regular fit kesimi ve uzun pa\u00e7a boyu ile \u00e7ocu\u011funuzun hareket \u00f6zg\u00fcrl\u00fc\u011f\u00fcn\u00fc k\u0131s\u0131tlamadan konfor sa\u011fl\u0131yor. \u00dcr\u00fcn \u00d6zellikleri Kuma\u015f: %100 Pamuk Bel Tipi: Normal Bel Cep: [&hellip;]<\/p>\n","protected":false},"featured_media":154254,"comment_status":"open","ping_status":"closed","template":"","meta":[],"product_brand":[],"product_cat":[8715,8694,8727],"product_tag":[6761,7426],"class_list":{"0":"post-154257","1":"product","2":"type-product","3":"status-publish","4":"has-post-thumbnail","6":"product_cat-kiz-cocuklari-2-14-yas","7":"product_cat-cocuklar","8":"product_cat-pantolon","9":"product_tag-bol-paca","10":"product_tag-gunluk-giyim-3","11":"pa_brand-koton","12":"pa_color-light-indigo","13":"pa_size-11-12-yas-2","14":"pa_size-13-14-yas-2","15":"pa_size-5-6-yas-2","16":"pa_size-6-7-yas-2","17":"pa_size-7-8-yas-2","18":"pa_size-9-10-yas-2","20":"first","21":"outofstock","22":"shipping-taxable","23":"product-type-variable"},"_links":{"self":[{"href":"https:\/\/mod.wisdar.net\/tr\/wp-json\/wp\/v2\/product\/154257","targetHints":{"allow":["GET"]}}],"collection":[{"href":"https:\/\/mod.wisdar.net\/tr\/wp-json\/wp\/v2\/product"}],"about":[{"href":"https:\/\/mod.wisdar.net\/tr\/wp-json\/wp\/v2\/types\/product"}],"replies":[{"embeddable":true,"href":"https:\/\/mod.wisdar.net\/tr\/wp-json\/wp\/v2\/comments?post=154257"}],"wp:featuredmedia":[{"embeddable":true,"href":"https:\/\/mod.wisdar.net\/tr\/wp-json\/wp\/v2\/media\/154254"}],"wp:attachment":[{"href":"https:\/\/mod.wisdar.net\/tr\/wp-json\/wp\/v2\/media?parent=154257"}],"wp:term":[{"taxonomy":"product_brand","embeddable":true,"href":"https:\/\/mod.wisdar.net\/tr\/wp-json\/wp\/v2\/product_brand?post=154257"},{"taxonomy":"product_cat","embeddable":true,"href":"https:\/\/mod.wisdar.net\/tr\/wp-json\/wp\/v2\/product_cat?post=154257"},{"taxonomy":"product_tag","embeddable":true,"href":"https:\/\/mod.wisdar.net\/tr\/wp-json\/wp\/v2\/product_tag?post=154257"}],"curies":[{"name":"wp","href":"https:\/\/api.w.org\/{rel}","templated":true}]}}